{"id":7916,"date":"2024-04-05T15:12:47","date_gmt":"2024-04-05T13:12:47","guid":{"rendered":"https:\/\/www.leschateaux.ch\/?page_id=7916"},"modified":"2024-04-05T15:12:47","modified_gmt":"2024-04-05T13:12:47","slug":"politique-institutionnelle-2-2","status":"publish","type":"page","link":"https:\/\/www.leschateaux.ch\/?page_id=7916","title":{"rendered":"Dossier \u00e9lectronique du patient (DEP)"},"content":{"rendered":"<div class=\"wpb-content-wrapper\"><p>[vc_row][vc_column][vc_column_text]Les R\u00e9sidents ou leur repr\u00e9sentant th\u00e9rapeutique peuvent prendre contact avec l\u2019infirmier chef afin d\u2019ouvrir un dossier \u00e9lectronique du patient DEP.[\/vc_column_text][vc_single_image image=&#8221;7917&#8243; img_size=&#8221;full&#8221; alignment=&#8221;center&#8221;][vc_column_text]Le dossier \u00e9lectronique du patient (DEP) est un recueil de documents personnels qui contient des informations en lien avec la sant\u00e9. Tout comme vous, les professionnels de la sant\u00e9 qui vous traitent peuvent consulter ces informations en tout temps en passant par une connexion Internet s\u00fbre. Vous d\u00e9cidez librement qui peut visionner quels documents et quand.<\/p>\n<p><strong>Avantages<\/strong><\/p>\n<p>Garder une vue d\u2019ensemble et g\u00e9rer ses donn\u00e9es. Faciliter le partage d\u2019informations pour toutes les personnes concern\u00e9es.<\/p>\n<p><strong>Fonctions<\/strong><\/p>\n<p>D\u00e9poser et consulter des documents. G\u00e9rer les droits d\u2019acc\u00e8s. Accorder l\u2019acc\u00e8s aux m\u00e9decins en cas d\u2019urgence.<\/p>\n<p><strong>S\u00e9curit\u00e9<\/strong><\/p>\n<p>La loi f\u00e9d\u00e9rale sur la protection des donn\u00e9es et la loi f\u00e9d\u00e9rale sur le dossier \u00e9lectronique du patient garantissent que les documents plac\u00e9s dans votre DEP sont s\u00e9curis\u00e9s et prot\u00e9g\u00e9s contre les acc\u00e8s non autoris\u00e9s.<\/p>\n<p><a href=\"https:\/\/www.vd.ch\/themes\/sante-soins-et-handicap\/dossier-electronique-du-patient-dep\" target=\"_blank\" rel=\"noopener\">Dossier \u00e9lectronique du patient DEP | \u00c9tat de Vaud (vd.ch)<\/a>[\/vc_column_text][\/vc_column][\/vc_row]<\/p>\n<\/div>","protected":false},"excerpt":{"rendered":"<p>[vc_row][vc_column][vc_column_text]Les R\u00e9sidents ou leur repr\u00e9sentant th\u00e9rapeutique peuvent prendre contact avec l\u2019infirmier chef afin d\u2019ouvrir un dossier \u00e9lectronique du patient DEP.[\/vc_column_text][vc_single_image image=&#8221;7917&#8243; img_size=&#8221;full&#8221; alignment=&#8221;center&#8221;][vc_column_text]Le dossier \u00e9lectronique du<span class=\"excerpt-hellip\"> [\u2026]<\/span><\/p>\n","protected":false},"author":4,"featured_media":0,"parent":1077,"menu_order":2,"comment_status":"closed","ping_status":"open","template":"","meta":{"footnotes":""},"class_list":["post-7916","page","type-page","status-publish","hentry"],"_links":{"self":[{"href":"https:\/\/www.leschateaux.ch\/index.php?rest_route=\/wp\/v2\/pages\/7916","targetHints":{"allow":["GET"]}}],"collection":[{"href":"https:\/\/www.leschateaux.ch\/index.php?rest_route=\/wp\/v2\/pages"}],"about":[{"href":"https:\/\/www.leschateaux.ch\/index.php?rest_route=\/wp\/v2\/types\/page"}],"author":[{"embeddable":true,"href":"https:\/\/www.leschateaux.ch\/index.php?rest_route=\/wp\/v2\/users\/4"}],"replies":[{"embeddable":true,"href":"https:\/\/www.leschateaux.ch\/index.php?rest_route=%2Fwp%2Fv2%2Fcomments&post=7916"}],"version-history":[{"count":1,"href":"https:\/\/www.leschateaux.ch\/index.php?rest_route=\/wp\/v2\/pages\/7916\/revisions"}],"predecessor-version":[{"id":7918,"href":"https:\/\/www.leschateaux.ch\/index.php?rest_route=\/wp\/v2\/pages\/7916\/revisions\/7918"}],"up":[{"embeddable":true,"href":"https:\/\/www.leschateaux.ch\/index.php?rest_route=\/wp\/v2\/pages\/1077"}],"wp:attachment":[{"href":"https:\/\/www.leschateaux.ch\/index.php?rest_route=%2Fwp%2Fv2%2Fmedia&parent=7916"}],"curies":[{"name":"wp","href":"https:\/\/api.w.org\/{rel}","templated":true}]}}