{"id":7389,"date":"2023-09-01T18:06:58","date_gmt":"2023-09-01T16:06:58","guid":{"rendered":"https:\/\/www.leschateaux.ch\/?page_id=7389"},"modified":"2026-03-17T16:53:09","modified_gmt":"2026-03-17T14:53:09","slug":"cat-noumea-3-2-3-2","status":"publish","type":"page","link":"https:\/\/www.leschateaux.ch\/?page_id=7389","title":{"rendered":"R\u00e9sidence Le Go\u00fbt du Bonheur"},"content":{"rendered":"<div class=\"wpb-content-wrapper\"><p>[vc_row][vc_column][vc_column_text css=&#8221;&#8221;]<\/p>\n<h3><strong>R\u00e9sidence Le Go\u00fbt du Bonheur\u00a0<\/strong><strong>: Logements adapt\u00e9s avec accompagnement (LADA)<\/strong><\/h3>\n<p>La R\u00e9sidence Le Go\u00fbt du Bonheur fait partie de la fili\u00e8re des Structures d\u2019accompagnement m\u00e9dico-sociales (SAMS) de la Fondation les Ch\u00e2teaux.<\/p>\n<p><em>Elle n\u2019est pas conventionn\u00e9e par la DGCS pour les personnes b\u00e9n\u00e9ficiaires des r\u00e9gimes sociaux.<\/em><em>\u00a0<\/em><\/p>\n<p>Elle s\u2019adresse aux seniors ou personnes en situation de handicap d\u00e9sireuses d\u2019entretenir un lien social et souhaitant rester le plus longtemps possible \u00e0 domicile en b\u00e9n\u00e9ficiant d\u2019un lieu de vie favorisant leur autonomie dans un environnement privil\u00e9gi\u00e9 et s\u00e9curis\u00e9.<\/p>\n<h4><strong>La r\u00e9f\u00e9rente sociale<\/strong><\/h4>\n<p>Elle est une personne ressource qui <strong>s\u2019assure du bien-\u00eatre des locataires<\/strong> et favorise les liens \u00e0 l\u2018int\u00e9rieur et \u00e0 l\u2019ext\u00e9rieur de la R\u00e9sidence. Elle organise \u00e0 leur demande des activit\u00e9s internes ou externes. Elle assure \u00e9galement le lien entre le locataire et le r\u00e9seau de soins d\u2019aide \u00e0 domicile et les proches.<\/p>\n<h4><strong>Soins \u00e0 domicile et aide au m\u00e9nage<\/strong><\/h4>\n<p>Des prestations d\u2019aide et de soins \u00e0 domicile, de soutien de r\u00e9adaptation et d\u2019int\u00e9gration sociale, de m\u00eame que des mesures de pr\u00e9vention et de promotion de la sant\u00e9 peuvent \u00eatre propos\u00e9es par le <strong>CMS d\u2019Echallens<\/strong>. La Fondation les Ch\u00e2teaux propose un service de <strong>m\u00e9nage \u00e0 domicile<\/strong> afin d\u2019aider \u00e0 entretenir le logement.<\/p>\n<h4><strong>Situation \u2013 services de proximit\u00e9<\/strong><\/h4>\n<p>La R\u00e9sidence se situe au c\u0153ur du village de Goumoens-la-Ville, \u00e0 3 km d\u2019Echallens et \u00e0 15 km de Lausanne.<\/p>\n<p>Le village et desservi par des <strong>bus qui le relient \u00e0 Echallens<\/strong>. Depuis Echallens, la ligne du LEB permet de rejoindre directement le centre de Lausanne.<\/p>\n<p>Au c\u0153ur du village se trouve une \u00e9picerie\/poste, une banque, une pizzeria, une boulangerie\/tea-room. De nombreuses soci\u00e9t\u00e9s locales font vivre le village. Vous trouverez plus d&#8217;informations concernant ces derni\u00e8res sur <a href=\"http:\/\/www.goumoens.ch\">www.goumoens.ch.<\/a><\/p>\n<p>Les plans et descriptifs des appartements sont disponibles sur le site\u00a0: <a href=\"http:\/\/www.legoutdubonheur.ch\">www.legoutdubonheur.ch<\/a><\/p>\n<h4><strong>Description de la R\u00e9sidence<\/strong><\/h4>\n<p>Un espace exceptionnel est mis \u00e0 disposition des locataires.<\/p>\n<p><strong><u>A l\u2019int\u00e9rieur<\/u>\u00a0:<\/strong><\/p>\n<p>Une grande pi\u00e8ce de partage avec cuisine, salle \u00e0 manger, salon avec chemin\u00e9e et une terrasse semi couverte donnant sur le centre du village.<\/p>\n<ul>\n<li>Un <strong>local de soins<\/strong> permettant aux prestataires externes de proposer aux r\u00e9sidents\u00a0: coiffure, soins des pieds, massage, physioth\u00e9rapie, etc.<\/li>\n<li>Un atelier pour les <strong>arts cr\u00e9atifs<\/strong>.<\/li>\n<li>Un <strong>carnotzet<\/strong> pour les moments de convivialit\u00e9.<\/li>\n<li>Un <strong>espace bien-\u00eatre<\/strong> compos\u00e9 de :<br \/>\nSalle de gym<br \/>\nHammam<br \/>\nBaln\u00e9oth\u00e9rapie<br \/>\nSalle de repos avec terrasse<\/li>\n<\/ul>\n<p><strong><u>A l\u2019ext\u00e9rieur<\/u>\u00a0:<\/strong><\/p>\n<p>Un <strong>beau jardin<\/strong> pour s\u2019installer pr\u00e8s de la fontaine sous le tilleul ou \u00e0 l\u2019ombre du grand marronnier. La terrasse de l\u2019\u00e9tang permettra de partager une grillade.<\/p>\n<ul>\n<li>Salon sous terrasse couverte<\/li>\n<li>Barbecue<\/li>\n<li>Tables et chaises<\/li>\n<li>Terrain de p\u00e9tanque<\/li>\n<li>Jardin potager sur\u00e9lev\u00e9<\/li>\n<\/ul>\n<p>Les animaux de compagnie sont les bienvenus.<\/p>\n<h4><strong><a href=\"https:\/\/www.leschateaux.ch\/wp\/wp-content\/uploads\/2024\/02\/20231213_1502471-scaled-1.jpg\"><img loading=\"lazy\" decoding=\"async\" class=\"aligncenter wp-image-7793\" src=\"https:\/\/www.leschateaux.ch\/wp\/wp-content\/uploads\/2024\/02\/20231213_1502471-scaled-1.jpg\" alt=\"\" width=\"511\" height=\"511\" srcset=\"https:\/\/www.leschateaux.ch\/wp\/wp-content\/uploads\/2024\/02\/20231213_1502471-scaled-1.jpg 2560w, https:\/\/www.leschateaux.ch\/wp\/wp-content\/uploads\/2024\/02\/20231213_1502471-scaled-1-150x150@2x.jpg 300w, https:\/\/www.leschateaux.ch\/wp\/wp-content\/uploads\/2024\/02\/20231213_1502471-scaled-1-1024x1024.jpg 1024w, https:\/\/www.leschateaux.ch\/wp\/wp-content\/uploads\/2024\/02\/20231213_1502471-scaled-1-150x150.jpg 150w, https:\/\/www.leschateaux.ch\/wp\/wp-content\/uploads\/2024\/02\/20231213_1502471-scaled-1-1536x1536.jpg 1536w, https:\/\/www.leschateaux.ch\/wp\/wp-content\/uploads\/2024\/02\/20231213_1502471-scaled-1-2048x2048.jpg 2048w, https:\/\/www.leschateaux.ch\/wp\/wp-content\/uploads\/2024\/02\/20231213_1502471-scaled-1-75x75.jpg 75w, https:\/\/www.leschateaux.ch\/wp\/wp-content\/uploads\/2024\/02\/20231213_1502471-scaled-1-700x700.jpg 700w, https:\/\/www.leschateaux.ch\/wp\/wp-content\/uploads\/2024\/02\/20231213_1502471-scaled-1-300x300@2x.jpg 600w\" sizes=\"auto, (max-width:767px) 511px, 511px\" \/><\/a>Loyers<\/strong><\/h4>\n<p>Comme la R\u00e9sidence est construite dans une ancienne ferme, il n\u2019y a pas deux appartements ou \u00e9tages identiques. Les appartements comprennent une ou deux chambres et le bail est constitu\u00e9 des 3 \u00e9l\u00e9ments suivants\u00a0:<\/p>\n<ul>\n<li>Prix de location<br \/>\nCelui-ci comprend le loyer et le forfait de charges de l\u2019appartement, ainsi que la place de parc. De CHF 1550.- \u00e0 CHF 2120.-<\/li>\n<li>Forfait R\u00e9sidence<br \/>\nEn sus, pour chaque appartement, il y a une participation mensuelle pour l\u2019usage de la r\u00e9sidence qui comprend les charges d\u2019entretien.<br \/>\nCHF 350.- pour les appartements avec une chambre.<br \/>\nCHF 550.- pour les appartements avec deux chambres.<\/li>\n<li>Encadrement s\u00e9curisant \u2013 r\u00e9f\u00e9rente sociale<br \/>\nIl est assur\u00e9 par la Fondation les Ch\u00e2teaux. Cette prestation est factur\u00e9e directement par la Fondation aux Locataires CHF <strong>190.- mensuel<\/strong> par appartement.<\/li>\n<\/ul>\n<p>[\/vc_column_text][\/vc_column][\/vc_row][vc_row][vc_column width=&#8221;1\/2&#8243;][vc_column_text css=&#8221;&#8221;]<\/p>\n<h4><strong>Coordonn\u00e9es de la R\u00e9sidence<br \/>\n<\/strong><\/h4>\n<p>Le Go\u00fbt du Bonheur<br \/>\nRue Ch\u00e2teau-Dessus 7<br \/>\n1376 Goumoens-la-Ville<br \/>\n076 394 22 38<\/p>\n<p><strong><a href=\"mailto:Info@legoutdubonheur.ch\">Info@legoutdubonheur.ch<\/a><\/strong><br \/>\n<strong><a href=\"http:\/\/www.legoutdubonheur.ch\">www.legoutdubonheur.ch<\/a><\/strong><\/p>\n<h5>R\u00e9f\u00e9rente sociale<\/h5>\n<p>Afrodite Porta<br \/>\nT\u00e9l. +41 21 886 33 92<br \/>\n<strong><a href=\"bonheur@leschateaux.org\">bonheur@leschateaux.org<\/a><\/strong>[\/vc_column_text][vc_column_text]<\/p>\n<h4><strong>Coordonn\u00e9es de la Responsable SAMS<\/strong><\/h4>\n<p><img loading=\"lazy\" decoding=\"async\" class=\"alignleft wp-image-6341\" src=\"https:\/\/www.leschateaux.ch\/wp\/wp-content\/uploads\/2022\/05\/LesChateaux-Team2022-017_ppNB.jpg\" alt=\"\" width=\"200\" height=\"200\" srcset=\"https:\/\/www.leschateaux.ch\/wp\/wp-content\/uploads\/2022\/05\/LesChateaux-Team2022-017_ppNB.jpg 960w, https:\/\/www.leschateaux.ch\/wp\/wp-content\/uploads\/2022\/05\/LesChateaux-Team2022-017_ppNB-150x150@2x.jpg 300w, https:\/\/www.leschateaux.ch\/wp\/wp-content\/uploads\/2022\/05\/LesChateaux-Team2022-017_ppNB-150x150.jpg 150w, https:\/\/www.leschateaux.ch\/wp\/wp-content\/uploads\/2022\/05\/LesChateaux-Team2022-017_ppNB-146x146.jpg 146w, https:\/\/www.leschateaux.ch\/wp\/wp-content\/uploads\/2022\/05\/LesChateaux-Team2022-017_ppNB-50x50.jpg 50w, https:\/\/www.leschateaux.ch\/wp\/wp-content\/uploads\/2022\/05\/LesChateaux-Team2022-017_ppNB-75x75.jpg 75w, https:\/\/www.leschateaux.ch\/wp\/wp-content\/uploads\/2022\/05\/LesChateaux-Team2022-017_ppNB-85x85.jpg 85w, https:\/\/www.leschateaux.ch\/wp\/wp-content\/uploads\/2022\/05\/LesChateaux-Team2022-017_ppNB-80x80.jpg 80w, https:\/\/www.leschateaux.ch\/wp\/wp-content\/uploads\/2022\/05\/LesChateaux-Team2022-017_ppNB-300x300@2x.jpg 600w\" sizes=\"auto, (max-width:767px) 200px, 200px\" \/><\/p>\n<p>&nbsp;<\/p>\n<p>&nbsp;<\/p>\n<p>&nbsp;<\/p>\n<p>&nbsp;<\/p>\n<p>&nbsp;<\/p>\n<p>&nbsp;<\/p>\n<p>Tanja Coquoz<br \/>\nFondation Les Ch\u00e2teaux<br \/>\nRoute d&#8217;Orbe 4<br \/>\n1040 Echallens<\/p>\n<p>T\u00e9l +41 21 886 34 42<br \/>\nFax +41 21 886 34 41<\/p>\n<p><strong><a href=\"mailto:cat.noumea@leschateaux.org\">t.coquoz@leschateaux.org<\/a><\/strong><br \/>\n<a href=\"mailto:info@leschateaux.org\"><strong>info@leschateaux.org<\/strong><\/a>[\/vc_column_text][\/vc_column][vc_column width=&#8221;1\/2&#8243;][vc_column_text]<\/p>\n<h4><strong>Coordonn\u00e9es de la Direction<br \/>\n<\/strong><\/h4>\n<p>Fondation Les Ch\u00e2teaux<br \/>\nRte d\u2019Orbe 4<br \/>\n1040 Echallens<\/p>\n<p>T\u00e9l +41 21 886 36 36<br \/>\nFax +41 21 886 36 35<\/p>\n<p><a href=\"mailto:info@leschateaux.org\"><strong>info@leschateaux.org<\/strong><\/a><br \/>\n<a href=\"http:\/\/www.leschateaux.ch\"><strong>www.leschateaux.ch<\/strong><\/a>[\/vc_column_text][vc_column_text]<\/p>\n<h4><strong>Demandes de location<\/strong><\/h4>\n<p>Les demandes sont \u00e0 adresser \u00e0 <a href=\"mailto:info@legoutdubonheur.ch\">info@legoutdubonheur.ch<\/a> ou aupr\u00e8s de la Responsable SAMS[\/vc_column_text][\/vc_column][\/vc_row][vc_row][vc_column][\/vc_column][\/vc_row]<\/p>\n<\/div>","protected":false},"excerpt":{"rendered":"<p>[vc_row][vc_column][vc_column_text css=&#8221;&#8221;] R\u00e9sidence Le Go\u00fbt du Bonheur\u00a0: Logements adapt\u00e9s avec accompagnement (LADA) La R\u00e9sidence Le Go\u00fbt du Bonheur fait partie de la fili\u00e8re des Structures d\u2019accompagnement<span class=\"excerpt-hellip\"> [\u2026]<\/span><\/p>\n","protected":false},"author":4,"featured_media":-1,"parent":0,"menu_order":0,"comment_status":"closed","ping_status":"open","template":"","meta":{"footnotes":""},"class_list":["post-7389","page","type-page","status-publish","has-post-thumbnail","hentry"],"_links":{"self":[{"href":"https:\/\/www.leschateaux.ch\/index.php?rest_route=\/wp\/v2\/pages\/7389","targetHints":{"allow":["GET"]}}],"collection":[{"href":"https:\/\/www.leschateaux.ch\/index.php?rest_route=\/wp\/v2\/pages"}],"about":[{"href":"https:\/\/www.leschateaux.ch\/index.php?rest_route=\/wp\/v2\/types\/page"}],"author":[{"embeddable":true,"href":"https:\/\/www.leschateaux.ch\/index.php?rest_route=\/wp\/v2\/users\/4"}],"replies":[{"embeddable":true,"href":"https:\/\/www.leschateaux.ch\/index.php?rest_route=%2Fwp%2Fv2%2Fcomments&post=7389"}],"version-history":[{"count":18,"href":"https:\/\/www.leschateaux.ch\/index.php?rest_route=\/wp\/v2\/pages\/7389\/revisions"}],"predecessor-version":[{"id":9549,"href":"https:\/\/www.leschateaux.ch\/index.php?rest_route=\/wp\/v2\/pages\/7389\/revisions\/9549"}],"wp:featuredmedia":[{"embeddable":true,"href":"https:\/\/www.leschateaux.ch\/index.php?rest_route=\/"}],"wp:attachment":[{"href":"https:\/\/www.leschateaux.ch\/index.php?rest_route=%2Fwp%2Fv2%2Fmedia&parent=7389"}],"curies":[{"name":"wp","href":"https:\/\/api.w.org\/{rel}","templated":true}]}}