{"id":7384,"date":"2023-09-01T17:56:52","date_gmt":"2023-09-01T15:56:52","guid":{"rendered":"https:\/\/www.leschateaux.ch\/?page_id=7384"},"modified":"2026-04-07T09:44:56","modified_gmt":"2026-04-07T07:44:56","slug":"cat-noumea-3-2-3","status":"publish","type":"page","link":"https:\/\/www.leschateaux.ch\/?page_id=7384","title":{"rendered":"R\u00e9sidence Berchiaco"},"content":{"rendered":"<div class=\"wpb-content-wrapper\"><p>[vc_row][vc_column][vc_column_text]<\/p>\n<h3><strong>R\u00e9sidence Berchiaco\u00a0<\/strong><strong>: Logements adapt\u00e9s avec accompagnement (LADA)<\/strong><\/h3>\n<p>La R\u00e9sidence Berchiaco fait partie de la fili\u00e8re des Structures d\u2019accompagnement m\u00e9dico-sociales (SAMS) de la Fondation Les Ch\u00e2teaux.<\/p>\n<p>Elle s\u2019adresse aux personnes \u00e2g\u00e9es souhaitant rester le plus longtemps possible \u00e0 domicile ou \u00e0 des personnes n\u00e9cessitant un accompagnement sp\u00e9cifique.<\/p>\n<h4><strong><a href=\"https:\/\/www.leschateaux.ch\/wp\/wp-content\/uploads\/2024\/02\/BERCHIACHO_DJI_0559-e1709125402293.png\"><img loading=\"lazy\" decoding=\"async\" class=\"aligncenter wp-image-7825\" src=\"https:\/\/www.leschateaux.ch\/wp\/wp-content\/uploads\/2024\/02\/BERCHIACHO_DJI_0559-e1709125402293.png\" alt=\"\" width=\"708\" height=\"426\" srcset=\"https:\/\/www.leschateaux.ch\/wp\/wp-content\/uploads\/2024\/02\/BERCHIACHO_DJI_0559-e1709125402293.png 4032w, https:\/\/www.leschateaux.ch\/wp\/wp-content\/uploads\/2024\/02\/BERCHIACHO_DJI_0559-e1709125402293-300x180.png 300w, https:\/\/www.leschateaux.ch\/wp\/wp-content\/uploads\/2024\/02\/BERCHIACHO_DJI_0559-e1709125402293-1024x616.png 1024w, https:\/\/www.leschateaux.ch\/wp\/wp-content\/uploads\/2024\/02\/BERCHIACHO_DJI_0559-e1709125402293-1536x924.png 1536w, https:\/\/www.leschateaux.ch\/wp\/wp-content\/uploads\/2024\/02\/BERCHIACHO_DJI_0559-e1709125402293-2048x1232.png 2048w, https:\/\/www.leschateaux.ch\/wp\/wp-content\/uploads\/2024\/02\/BERCHIACHO_DJI_0559-e1709125402293-125x75.png 125w, https:\/\/www.leschateaux.ch\/wp\/wp-content\/uploads\/2024\/02\/BERCHIACHO_DJI_0559-e1709125402293-700x421.png 700w, https:\/\/www.leschateaux.ch\/wp\/wp-content\/uploads\/2024\/02\/BERCHIACHO_DJI_0559-e1709125402293-768x462.png 768w\" sizes=\"auto, (max-width:767px) 700px, 708px\" \/><\/a><\/strong><\/h4>\n<h4><strong>L\u2019immeuble <\/strong><\/h4>\n<p>La R\u00e9sidence Berchiaco comprend 9 appartements dont 6 appartements adapt\u00e9s avec accompagnement.<\/p>\n<ul>\n<li>Une buanderie commune se trouve au rez-de-chauss\u00e9e de l\u2019immeuble.<\/li>\n<li>Chaque appartement a une cave, avec une prise \u00e9lectrique individuelle pour y placer un cong\u00e9lateur.<\/li>\n<li>L\u2019ascenseur, aux normes handicap\u00e9es, permet d\u2019acc\u00e9der \u00e0 tous les niveaux.<\/li>\n<\/ul>\n<p>Une pharmacie, la gare du LEB, un magasin, une boulangerie et un restaurant se trouve \u00e0 proximit\u00e9.<\/p>\n<h4><strong><a href=\"https:\/\/www.leschateaux.ch\/wp\/wp-content\/uploads\/2024\/02\/DSC_0463-scaled-e1709125899898.jpg\"><img loading=\"lazy\" decoding=\"async\" class=\"aligncenter wp-image-7828 \" src=\"https:\/\/www.leschateaux.ch\/wp\/wp-content\/uploads\/2024\/02\/DSC_0463-scaled-e1709125899898.jpg\" alt=\"\" width=\"594\" height=\"418\" srcset=\"https:\/\/www.leschateaux.ch\/wp\/wp-content\/uploads\/2024\/02\/DSC_0463-scaled-e1709125899898.jpg 1965w, https:\/\/www.leschateaux.ch\/wp\/wp-content\/uploads\/2024\/02\/DSC_0463-scaled-e1709125899898-300x211.jpg 300w, https:\/\/www.leschateaux.ch\/wp\/wp-content\/uploads\/2024\/02\/DSC_0463-scaled-e1709125899898-1024x721.jpg 1024w, https:\/\/www.leschateaux.ch\/wp\/wp-content\/uploads\/2024\/02\/DSC_0463-scaled-e1709125899898-1536x1081.jpg 1536w, https:\/\/www.leschateaux.ch\/wp\/wp-content\/uploads\/2024\/02\/DSC_0463-scaled-e1709125899898-107x75.jpg 107w, https:\/\/www.leschateaux.ch\/wp\/wp-content\/uploads\/2024\/02\/DSC_0463-scaled-e1709125899898-700x493.jpg 700w, https:\/\/www.leschateaux.ch\/wp\/wp-content\/uploads\/2024\/02\/DSC_0463-scaled-e1709125899898-768x541.jpg 768w\" sizes=\"auto, (max-width:767px) 594px, 594px\" \/><\/a><\/strong><\/h4>\n<h4><strong>Local commun<\/strong><\/h4>\n<p>Le local commun de 30m2 est \u00e0 disposition des Locataires en tant que <strong>lieu de vie communautaire<\/strong>. Le r\u00e9f\u00e9rent social est une personne ressource pour animer ce local, y organiser des <strong>activit\u00e9s socioculturelles<\/strong> et contribuer \u00e0 son entretien.<\/p>\n<p>Cet espace est mis \u00e0 disposition pour que les Locataires puissent recevoir leurs visites. Il permet un <strong>espace de rencontre, de partage, de d\u00e9tente ou encore de ressourcement.<\/strong><\/p>\n<h4><strong><a href=\"https:\/\/www.leschateaux.ch\/wp\/wp-content\/uploads\/2024\/02\/IMG20240220143143-scaled.jpg\"><img loading=\"lazy\" decoding=\"async\" class=\"aligncenter wp-image-7782\" src=\"https:\/\/www.leschateaux.ch\/wp\/wp-content\/uploads\/2024\/02\/IMG20240220143143-scaled.jpg\" alt=\"\" width=\"639\" height=\"479\" srcset=\"https:\/\/www.leschateaux.ch\/wp\/wp-content\/uploads\/2024\/02\/IMG20240220143143-scaled.jpg 2560w, https:\/\/www.leschateaux.ch\/wp\/wp-content\/uploads\/2024\/02\/IMG20240220143143-300x225.jpg 300w, https:\/\/www.leschateaux.ch\/wp\/wp-content\/uploads\/2024\/02\/IMG20240220143143-1024x768.jpg 1024w, https:\/\/www.leschateaux.ch\/wp\/wp-content\/uploads\/2024\/02\/IMG20240220143143-1536x1152.jpg 1536w, https:\/\/www.leschateaux.ch\/wp\/wp-content\/uploads\/2024\/02\/IMG20240220143143-2048x1536.jpg 2048w, https:\/\/www.leschateaux.ch\/wp\/wp-content\/uploads\/2024\/02\/IMG20240220143143-100x75.jpg 100w, https:\/\/www.leschateaux.ch\/wp\/wp-content\/uploads\/2024\/02\/IMG20240220143143-960x720.jpg 960w, https:\/\/www.leschateaux.ch\/wp\/wp-content\/uploads\/2024\/02\/IMG20240220143143-700x525.jpg 700w, https:\/\/www.leschateaux.ch\/wp\/wp-content\/uploads\/2024\/02\/IMG20240220143143-300x225@2x.jpg 600w\" sizes=\"auto, (max-width:767px) 639px, 639px\" \/><\/a><\/strong><\/h4>\n<h4><strong>Encadrement s\u00e9curisant<\/strong><\/h4>\n<p>Le <strong>r\u00e9f\u00e9rent social<\/strong> de l\u2019immeuble assure un accueil et favorise les relations sociales entre les Locataires par le biais de <strong>visites hebdomadaires<\/strong>.<\/p>\n<p>Chaque appartement prot\u00e9g\u00e9 est<strong> \u00e9quip\u00e9 pour l\u2019utilisation du syst\u00e8me S\u00e9cutel<\/strong>. Il appartient aux Locataires qui le souhaitent d\u2019entreprendre les d\u00e9marches n\u00e9cessaires afin d\u2019activer ce syst\u00e8me, ce que nous recommandons vivement. Pour ce faire, le Locataire doit avoir 3 r\u00e9pondants ou souscrire un contrat avec une entreprise telle que S\u00e9curitas.<\/p>\n<p>Afin de garantir la s\u00e9curit\u00e9 des Locataires, nous leur sugg\u00e9rons de remettre leur cl\u00e9 au r\u00e9f\u00e9rent social. Elle sera utilis\u00e9e uniquement en cas d\u2019urgence.<\/p>\n<p>Les logements correspondent aux <strong>normes architecturales garantissant la s\u00e9curit\u00e9 des occupants<\/strong>.<\/p>\n<h4><strong>Animations socioculturelles<\/strong><\/h4>\n<p>Les animations propos\u00e9es ont pour but de renforcer les contacts sociaux entre Locataires et les relations avec l\u2019environnement ext\u00e9rieur.<\/p>\n<p>Le r\u00e9f\u00e9rent social est \u00e0 disposition pour l\u2019organisation d\u2019activit\u00e9s socioculturelles. <strong>Les plannings d\u2019animations sont faits avec les Locataires, selon leurs envies.<\/strong><\/p>\n<p>Par exemple : repas conviviaux, gym douce, sorties au restaurant, ateliers cr\u00e9atifs, etc.<\/p>\n<h4><strong>M\u00e9nage \u00e0 domicile<\/strong><\/h4>\n<p>La Fondation Les Ch\u00e2teaux propose un <strong>service de m\u00e9nage \u00e0 domicile<\/strong> afin d&#8217;aider les Locataires \u00e0 entretenir leur logement, <strong>de mani\u00e8re momentan\u00e9e ou durablement<\/strong>.<\/p>\n<p>Un personnel <strong>form\u00e9<\/strong> et <strong>professionnel<\/strong> se tient \u00e0 disposition.<\/p>\n<h4><strong>Soins \u00e0 domicile<\/strong><\/h4>\n<p>Des prestations d\u2019<strong>aide et de soins \u00e0 domicile<\/strong>, de soutien, de r\u00e9adaptation et d\u2019int\u00e9gration sociale, de m\u00eame que des mesures de pr\u00e9vention et de promotion de la sant\u00e9 peuvent \u00eatre propos\u00e9es par le <strong>CMS d\u2019Echallens.<\/strong><\/p>\n<p>Ces prestations se font sur la base d\u2019une \u00e9valuation men\u00e9e par les professionnels. Les modalit\u00e9s de financement de ces prestations sont identiques dans tous les CMS du Canton et rel\u00e8vent de la LAMal (Loi f\u00e9d\u00e9rale sur l\u2019assurance-maladie), du financement priv\u00e9 et individuel ou des Prestations Compl\u00e9mentaires (PC\/PCG), suivant la situation de chaque personne.<\/p>\n<p>D\u2019autres prestataires de soins, en particulier les <strong>organisations de soins \u00e0 domicile (OSAD) reconnues par l\u2019Etat<\/strong>, sont habilit\u00e9es \u00e0 r\u00e9pondre \u00e0 vos demandes de soins.<\/p>\n<h4><strong>Les appartements<\/strong><\/h4>\n<p><strong>3 appartements adapt\u00e9s de 2,5 pi\u00e8ces de 59 \u00e0 64m2 situ\u00e9s \u00e0 l\u2019\u00e9tage et aux combles, r\u00e9partis EST-OUEST.<\/strong><\/p>\n<p>Les logements comprennent\u00a0:<\/p>\n<ul>\n<li>Une armoire murale est install\u00e9e dans l\u2019entr\u00e9e de l\u2019appartement<\/li>\n<li>Une cuisine ouverte sur le salon adaptable aux personnes \u00e0 mobilit\u00e9 r\u00e9duite. Elle comporte une plaque de cuisson, un four \u00e0 air-chaud, un frigo-cong\u00e9lateur<\/li>\n<li>Une chambre spacieuse<\/li>\n<li>La salle de bain dispos\u00e9e conform\u00e9ment aux normes du SSP avec douche \u00e0 l\u2019italienne, WC, lavabo<\/li>\n<li>Un balcon<\/li>\n<\/ul>\n<p><strong>3 appartements adapt\u00e9s de 3,5 pi\u00e8ces: 75 \u00e0 84 m2 situ\u00e9s au rez et \u00e0 l\u2019\u00e9tage, r\u00e9partis EST-OUEST<\/strong><\/p>\n<p>Les logements comprennent\u00a0:<\/p>\n<ul>\n<li>Une armoire murale est install\u00e9e dans l\u2019entr\u00e9e de l\u2019appartement<\/li>\n<li>Une cuisine ouverte sur le salon adaptable aux personnes \u00e0 mobilit\u00e9 r\u00e9duite. Elle comporte une plaque de cuisson, un four \u00e0 air-chaud, un frigo-cong\u00e9lateur<\/li>\n<li>Deux chambres spacieuses<\/li>\n<li>La salle de bain dispos\u00e9e conform\u00e9ment aux normes du SSP avec douche \u00e0 l\u2019italienne, WC, lavabo<\/li>\n<li>Un balcon<\/li>\n<\/ul>\n<p>[\/vc_column_text][vc_column_text]<\/p>\n<h4><strong>Loyers<\/strong><\/h4>\n<p>1 appartement prot\u00e9g\u00e9 de 3.5 pi\u00e8ces au rez (avec terrasse)\u00a0:<\/p>\n<ul>\n<li><strong>1&#8217;950.-\/mois<\/strong><\/li>\n<\/ul>\n<p>2 appartements prot\u00e9g\u00e9s de 3.5 pi\u00e8ces au 1<sup>er<\/sup><\/p>\n<ul>\n<li><strong>1&#8217;760.-\/mois<\/strong><\/li>\n<li><strong>1\u2019830.-\/mois<\/strong><\/li>\n<\/ul>\n<p>1 appartement prot\u00e9g\u00e9 de 2.5 pi\u00e8ces au 1<sup>er<\/sup><\/p>\n<ul>\n<li><strong>1\u2019570.-\/mois<\/strong><\/li>\n<\/ul>\n<p>2 appartements prot\u00e9g\u00e9s de 2.5 pi\u00e8ces dans les combles<\/p>\n<ul>\n<li><strong>1\u2019430.-\/mois<\/strong><\/li>\n<li><strong>1\u2019450.-\/mois<\/strong><\/li>\n<\/ul>\n<p>*Sont compris le prix du loyer, les charges (estim\u00e9es \u00e0 80.-\/mois), la location de la place de parc ext\u00e9rieure (100.-) et l\u2019utilisation du local commun.<br \/>\n*le prix de <strong>250.- par mois pour l\u2019encadrement social<\/strong> et s\u00e9curisant n\u2019est pas compris[\/vc_column_text][\/vc_column][\/vc_row][vc_row][vc_column width=&#8221;1\/2&#8243;][vc_column_text]<\/p>\n<h4><strong>Coordonn\u00e9es de la R\u00e9sidence<br \/>\n<\/strong><\/h4>\n<p>R\u00e9sidence Berchiaco<br \/>\nChemin du Clos-Br\u00e9lion 10<br \/>\n1038 Bercher<\/p>\n<h5>R\u00e9f\u00e9rente sociale<\/h5>\n<p>Afrodite Porta<br \/>\nT\u00e9l. +41 21 886 33 92<\/p>\n<p><strong><a href=\"mailto:berchiaco@leschateaux.org\">berchiaco@leschateaux.org<\/a><\/strong>[\/vc_column_text][vc_column_text]<\/p>\n<h4><strong>Coordonn\u00e9es de la Responsable SAMS<\/strong><\/h4>\n<p><img loading=\"lazy\" decoding=\"async\" class=\"alignleft wp-image-6341\" src=\"https:\/\/www.leschateaux.ch\/wp\/wp-content\/uploads\/2022\/05\/LesChateaux-Team2022-017_ppNB.jpg\" alt=\"\" width=\"200\" height=\"200\" srcset=\"https:\/\/www.leschateaux.ch\/wp\/wp-content\/uploads\/2022\/05\/LesChateaux-Team2022-017_ppNB.jpg 960w, https:\/\/www.leschateaux.ch\/wp\/wp-content\/uploads\/2022\/05\/LesChateaux-Team2022-017_ppNB-150x150@2x.jpg 300w, https:\/\/www.leschateaux.ch\/wp\/wp-content\/uploads\/2022\/05\/LesChateaux-Team2022-017_ppNB-150x150.jpg 150w, https:\/\/www.leschateaux.ch\/wp\/wp-content\/uploads\/2022\/05\/LesChateaux-Team2022-017_ppNB-146x146.jpg 146w, https:\/\/www.leschateaux.ch\/wp\/wp-content\/uploads\/2022\/05\/LesChateaux-Team2022-017_ppNB-50x50.jpg 50w, https:\/\/www.leschateaux.ch\/wp\/wp-content\/uploads\/2022\/05\/LesChateaux-Team2022-017_ppNB-75x75.jpg 75w, https:\/\/www.leschateaux.ch\/wp\/wp-content\/uploads\/2022\/05\/LesChateaux-Team2022-017_ppNB-85x85.jpg 85w, https:\/\/www.leschateaux.ch\/wp\/wp-content\/uploads\/2022\/05\/LesChateaux-Team2022-017_ppNB-80x80.jpg 80w, https:\/\/www.leschateaux.ch\/wp\/wp-content\/uploads\/2022\/05\/LesChateaux-Team2022-017_ppNB-300x300@2x.jpg 600w\" sizes=\"auto, (max-width:767px) 200px, 200px\" \/><\/p>\n<p>&nbsp;<\/p>\n<p>&nbsp;<\/p>\n<p>&nbsp;<\/p>\n<p>&nbsp;<\/p>\n<p>&nbsp;<\/p>\n<p>&nbsp;<\/p>\n<p>Tanja Coquoz<br \/>\nFondation Les Ch\u00e2teaux<br \/>\nRoute d&#8217;Orbe 4<br \/>\n1040 Echallens<\/p>\n<p>T\u00e9l +41 21 886 34 42<br \/>\nFax +41 21 886 34 41<\/p>\n<p><strong><a href=\"mailto:cat.noumea@leschateaux.org\">t.coquoz@leschateaux.org<\/a><\/strong>[\/vc_column_text][\/vc_column][vc_column width=&#8221;1\/2&#8243;][vc_column_text]<\/p>\n<h4><strong>Coordonn\u00e9es de la Direction<br \/>\n<\/strong><\/h4>\n<p>Fondation Les Ch\u00e2teaux<br \/>\nRte d\u2019Orbe 4, case postale<br \/>\n1040 Echallens<\/p>\n<p>T\u00e9l +41 21 886 36 36<br \/>\nFax +41 21 886 36 35<\/p>\n<p><a href=\"mailto:info@leschateaux.org\"><strong>info@leschateaux.org<\/strong><\/a><br \/>\n<a href=\"http:\/\/www.leschateaux.ch\"><strong>www.leschateaux.ch<\/strong><\/a><\/p>\n<p>[\/vc_column_text][vc_column_text css=&#8221;&#8221;]<\/p>\n<h4><strong>Demandes de location<\/strong><\/h4>\n<p>Les demandes sont \u00e0 adresser directement aupr\u00e8s de la R\u00e9f\u00e9rente sociale et de la Responsable SAMS<\/p>\n<p><strong><a href=\"https:\/\/www.leschateaux.ch\/wp\/wp-content\/uploads\/2026\/04\/Formulaire_inscription_LADA.pdf\" target=\"_blank\" rel=\"noopener noreferrer\">T\u00e9l\u00e9charger le formulaire<\/a><\/strong><\/p>\n<p>[\/vc_column_text][\/vc_column][\/vc_row][vc_row][vc_column][\/vc_column][\/vc_row]<\/p>\n<\/div>","protected":false},"excerpt":{"rendered":"<p>[vc_row][vc_column][vc_column_text] R\u00e9sidence Berchiaco\u00a0: Logements adapt\u00e9s avec accompagnement (LADA) La R\u00e9sidence Berchiaco fait partie de la fili\u00e8re des Structures d\u2019accompagnement m\u00e9dico-sociales (SAMS) de la Fondation Les Ch\u00e2teaux.<span class=\"excerpt-hellip\"> [\u2026]<\/span><\/p>\n","protected":false},"author":4,"featured_media":-1,"parent":0,"menu_order":0,"comment_status":"closed","ping_status":"open","template":"","meta":{"footnotes":""},"class_list":["post-7384","page","type-page","status-publish","has-post-thumbnail","hentry"],"_links":{"self":[{"href":"https:\/\/www.leschateaux.ch\/index.php?rest_route=\/wp\/v2\/pages\/7384","targetHints":{"allow":["GET"]}}],"collection":[{"href":"https:\/\/www.leschateaux.ch\/index.php?rest_route=\/wp\/v2\/pages"}],"about":[{"href":"https:\/\/www.leschateaux.ch\/index.php?rest_route=\/wp\/v2\/types\/page"}],"author":[{"embeddable":true,"href":"https:\/\/www.leschateaux.ch\/index.php?rest_route=\/wp\/v2\/users\/4"}],"replies":[{"embeddable":true,"href":"https:\/\/www.leschateaux.ch\/index.php?rest_route=%2Fwp%2Fv2%2Fcomments&post=7384"}],"version-history":[{"count":35,"href":"https:\/\/www.leschateaux.ch\/index.php?rest_route=\/wp\/v2\/pages\/7384\/revisions"}],"predecessor-version":[{"id":9563,"href":"https:\/\/www.leschateaux.ch\/index.php?rest_route=\/wp\/v2\/pages\/7384\/revisions\/9563"}],"wp:featuredmedia":[{"embeddable":true,"href":"https:\/\/www.leschateaux.ch\/index.php?rest_route=\/"}],"wp:attachment":[{"href":"https:\/\/www.leschateaux.ch\/index.php?rest_route=%2Fwp%2Fv2%2Fmedia&parent=7384"}],"curies":[{"name":"wp","href":"https:\/\/api.w.org\/{rel}","templated":true}]}}