{"id":4404,"date":"2019-09-02T17:55:45","date_gmt":"2019-09-02T15:55:45","guid":{"rendered":"http:\/\/www.leschateaux.ch\/?page_id=4404"},"modified":"2024-03-14T10:12:48","modified_gmt":"2024-03-14T08:12:48","slug":"cat-noumea-3-2","status":"publish","type":"page","link":"https:\/\/www.leschateaux.ch\/?page_id=4404","title":{"rendered":"R\u00e9sidence B\u00f4-Regard"},"content":{"rendered":"<div class=\"wpb-content-wrapper\"><p>[vc_row][vc_column][vc_column_text]<\/p>\n<h4>R\u00e9sidence B\u00f4-Regard : Logements adapt\u00e9s avec accompagnement (LADA)<\/h4>\n<p>La <strong>R\u00e9sidence B\u00f4-Regard<\/strong> fait partie de la fili\u00e8re des <strong>Structures d&#8217;accompagnement m\u00e9dico-sociales (SAMS) <\/strong>de la Fondation Les Ch\u00e2teaux.<\/p>\n<p><em style=\"font-weight: bold;\">Elle s&#8217;adresse aux personnes \u00e2g\u00e9es souhaitant rester le plus longtemps possible \u00e0 domicile ou \u00e0 des personnes n\u00e9cessitant un accompagnement sp\u00e9cifique.<\/em><\/p>\n<p>La R\u00e9sidence B\u00f4-Regard comprend <strong>18 logements prot\u00e9g\u00e9s de 2,5 pi\u00e8ces \u00e0 V<\/strong><strong>illars-le-Terroir<\/strong>, aux abords de la route d&#8217;Yverdon en sortant d&#8217;Echallens. Elle est desservie par un arr\u00eat de bus\u00a0 (250m) et se situe \u00e0 <strong>moins d&#8217;une minute en voiture du centre du village d&#8217;Echallens<\/strong> ainsi que de ses nombreux commerces. L\u2019immeuble est orient\u00e9 de mani\u00e8re \u00e0 ce que les s\u00e9jours et balcons donnent sur la <strong>nature<\/strong> et la <strong>campagne<\/strong> environnantes, \u00e0 l\u2019oppos\u00e9 de la route principale.<\/p>\n<p>L&#8217;immeuble respecte les normes de <strong>construction sans obstacle<\/strong>\u00a0et une attention particuli\u00e8re a \u00e9t\u00e9 port\u00e9e sur le choix des couleurs, mat\u00e9riaux et rev\u00eatements de sols afin de permettre <strong>une mobilit\u00e9 et une orientation visuelle facilit\u00e9es.<\/strong><\/p>\n<p style=\"text-align: center;\"><a href=\"https:\/\/www.leschateaux.ch\/wp\/wp-content\/uploads\/2024\/02\/Bo-Regard_DJI_0552-scaled.jpg\"><img loading=\"lazy\" decoding=\"async\" class=\"wp-image-7821\" src=\"https:\/\/www.leschateaux.ch\/wp\/wp-content\/uploads\/2024\/02\/Bo-Regard_DJI_0552-scaled.jpg\" alt=\"\" width=\"586\" height=\"439\" srcset=\"https:\/\/www.leschateaux.ch\/wp\/wp-content\/uploads\/2024\/02\/Bo-Regard_DJI_0552-scaled.jpg 2560w, https:\/\/www.leschateaux.ch\/wp\/wp-content\/uploads\/2024\/02\/Bo-Regard_DJI_0552-300x225.jpg 300w, https:\/\/www.leschateaux.ch\/wp\/wp-content\/uploads\/2024\/02\/Bo-Regard_DJI_0552-1024x768.jpg 1024w, https:\/\/www.leschateaux.ch\/wp\/wp-content\/uploads\/2024\/02\/Bo-Regard_DJI_0552-1536x1152.jpg 1536w, https:\/\/www.leschateaux.ch\/wp\/wp-content\/uploads\/2024\/02\/Bo-Regard_DJI_0552-2048x1536.jpg 2048w, https:\/\/www.leschateaux.ch\/wp\/wp-content\/uploads\/2024\/02\/Bo-Regard_DJI_0552-100x75.jpg 100w, https:\/\/www.leschateaux.ch\/wp\/wp-content\/uploads\/2024\/02\/Bo-Regard_DJI_0552-960x720.jpg 960w, https:\/\/www.leschateaux.ch\/wp\/wp-content\/uploads\/2024\/02\/Bo-Regard_DJI_0552-700x525.jpg 700w, https:\/\/www.leschateaux.ch\/wp\/wp-content\/uploads\/2024\/02\/Bo-Regard_DJI_0552-300x225@2x.jpg 600w\" sizes=\"auto, (max-width:767px) 586px, 586px\" \/><\/a><\/p>\n<p>[\/vc_column_text][\/vc_column][\/vc_row][vc_row][vc_column][vc_column_text]<\/p>\n<h4>Local commun<\/h4>\n<p>Le local commun est \u00e0 disposition des Locataires en tant que <strong>lieu de vie communautaire<\/strong>. Le r\u00e9f\u00e9rent social est une personne ressource pour animer ce local, y organiser des <strong>activit\u00e9s socioculturelles<\/strong>, et contribuer \u00e0 son entretien. Cet espace est mis \u00e0 disposition pour que les Locataires puissent recevoir leurs visites. Il permettra un <strong>espace de rencontre, de partage, de d\u00e9tente ou encore de ressourcement gr\u00e2ce \u00e0 sa terrasse et sa luminosit\u00e9<\/strong>.<\/p>\n<p>Ce lieu peut aussi \u00eatre lou\u00e9 par des associations ext\u00e9rieures sur r\u00e9servation.<\/p>\n<p><a href=\"https:\/\/www.leschateaux.ch\/wp\/wp-content\/uploads\/2024\/02\/IMG20240220152313-scaled.jpg\"><img loading=\"lazy\" decoding=\"async\" class=\"aligncenter wp-image-7786\" src=\"https:\/\/www.leschateaux.ch\/wp\/wp-content\/uploads\/2024\/02\/IMG20240220152313-scaled.jpg\" alt=\"\" width=\"631\" height=\"473\" srcset=\"https:\/\/www.leschateaux.ch\/wp\/wp-content\/uploads\/2024\/02\/IMG20240220152313-scaled.jpg 2560w, https:\/\/www.leschateaux.ch\/wp\/wp-content\/uploads\/2024\/02\/IMG20240220152313-300x225.jpg 300w, https:\/\/www.leschateaux.ch\/wp\/wp-content\/uploads\/2024\/02\/IMG20240220152313-1024x768.jpg 1024w, https:\/\/www.leschateaux.ch\/wp\/wp-content\/uploads\/2024\/02\/IMG20240220152313-1536x1152.jpg 1536w, https:\/\/www.leschateaux.ch\/wp\/wp-content\/uploads\/2024\/02\/IMG20240220152313-2048x1536.jpg 2048w, https:\/\/www.leschateaux.ch\/wp\/wp-content\/uploads\/2024\/02\/IMG20240220152313-100x75.jpg 100w, https:\/\/www.leschateaux.ch\/wp\/wp-content\/uploads\/2024\/02\/IMG20240220152313-960x720.jpg 960w, https:\/\/www.leschateaux.ch\/wp\/wp-content\/uploads\/2024\/02\/IMG20240220152313-700x525.jpg 700w, https:\/\/www.leschateaux.ch\/wp\/wp-content\/uploads\/2024\/02\/IMG20240220152313-300x225@2x.jpg 600w\" sizes=\"auto, (max-width:767px) 631px, 631px\" \/><\/a>[\/vc_column_text][\/vc_column][\/vc_row][vc_row][vc_column][vc_column_text]<\/p>\n<h4>Encadrement s\u00e9curisant<\/h4>\n<p>Le <strong>r\u00e9f\u00e9rent social<\/strong> de l\u2019immeuble assure un accueil et favorise les relations sociales entre les Locataires par le biais de <strong>visites quotidiennes ou hebdomadaires, selon les besoins<\/strong>.<\/p>\n<p>Chaque appartement prot\u00e9g\u00e9 est<strong> \u00e9quip\u00e9 pour l\u2019utilisation du syst\u00e8me S\u00e9cutel<\/strong>. Il appartient aux Locataires qui le souhaitent d\u2019entreprendre les d\u00e9marches n\u00e9cessaires afin d\u2019activer ce syst\u00e8me, ce que nous recommandons vivement. Pour ce faire, le Locataire doit avoir 3 r\u00e9pondants ou souscrire un contrat avec une entreprise telle que S\u00e9curitas.<\/p>\n<p>Afin de garantir la s\u00e9curit\u00e9 des Locataires, nous leur sugg\u00e9rons de remettre leur cl\u00e9 au r\u00e9f\u00e9rent social. Elle sera utilis\u00e9e uniquement en cas d\u2019urgence.<\/p>\n<p>Les logements correspondent aux <strong>normes architecturales garantissant la s\u00e9curit\u00e9 des occupants<\/strong>.<\/p>\n<p>[\/vc_column_text][\/vc_column][\/vc_row][vc_row][vc_column][vc_column_text]<\/p>\n<h4>Animations socioculturelles<\/h4>\n<p>Les animations propos\u00e9es ont pour but de renforcer les contacts sociaux entre Locataires et les relations avec l\u2019environnement ext\u00e9rieur.<\/p>\n<p>Le r\u00e9f\u00e9rent social est \u00e0 disposition pour l\u2019organisation d\u2019activit\u00e9s socioculturelles. <strong>Les plannings d\u2019animations sont faits avec les Locataires, selon leurs envies.<\/strong><\/p>\n<p>Par exemple : repas conviviaux, pr\u00e9vention des chutes, sorties au restaurant, ateliers cr\u00e9atifs, etc.<\/p>\n<p><a href=\"https:\/\/www.leschateaux.ch\/wp\/wp-content\/uploads\/2024\/02\/DSC_0486-scaled.jpg\"><img loading=\"lazy\" decoding=\"async\" class=\"aligncenter wp-image-7788\" src=\"https:\/\/www.leschateaux.ch\/wp\/wp-content\/uploads\/2024\/02\/DSC_0486-scaled.jpg\" alt=\"\" width=\"613\" height=\"433\" srcset=\"https:\/\/www.leschateaux.ch\/wp\/wp-content\/uploads\/2024\/02\/DSC_0486-scaled.jpg 2560w, https:\/\/www.leschateaux.ch\/wp\/wp-content\/uploads\/2024\/02\/DSC_0486-300x212.jpg 300w, https:\/\/www.leschateaux.ch\/wp\/wp-content\/uploads\/2024\/02\/DSC_0486-1024x725.jpg 1024w, https:\/\/www.leschateaux.ch\/wp\/wp-content\/uploads\/2024\/02\/DSC_0486-1536x1087.jpg 1536w, https:\/\/www.leschateaux.ch\/wp\/wp-content\/uploads\/2024\/02\/DSC_0486-2048x1449.jpg 2048w, https:\/\/www.leschateaux.ch\/wp\/wp-content\/uploads\/2024\/02\/DSC_0486-106x75.jpg 106w, https:\/\/www.leschateaux.ch\/wp\/wp-content\/uploads\/2024\/02\/DSC_0486-700x495.jpg 700w, https:\/\/www.leschateaux.ch\/wp\/wp-content\/uploads\/2024\/02\/DSC_0486-300x212@2x.jpg 600w\" sizes=\"auto, (max-width:767px) 613px, 613px\" \/><\/a>[\/vc_column_text][vc_column_text]<\/p>\n<h4>M\u00e9nage \u00e0 domicile<\/h4>\n<p>La Fondation les Ch\u00e2teaux propose un <strong>service de m\u00e9nage \u00e0 domicile<\/strong> afin d&#8217;aider le Locataire \u00e0 entretenir son logement, <strong>de mani\u00e8re momentan\u00e9e ou durablement<\/strong>.<\/p>\n<p>Un personnel <strong>form\u00e9<\/strong> et <strong>professionnel<\/strong> se tient \u00e0 disposition.[\/vc_column_text][vc_column_text]<\/p>\n<h4>Soins \u00e0 domicile<\/h4>\n<p>Des prestations d\u2019<strong>aide et de soins \u00e0 domicile<\/strong>, de soutien, de r\u00e9adaptation et d\u2019int\u00e9gration sociale, de m\u00eame que des mesures de pr\u00e9vention et de promotion de la sant\u00e9 peuvent \u00eatre propos\u00e9es par le <strong>CMS d\u2019Echallens<\/strong>.<\/p>\n<p>Ces prestations se font sur la base d\u2019une \u00e9valuation men\u00e9e par les professionnels. Les modalit\u00e9s de financement de ces prestations sont identiques dans tous les CMS du Canton et rel\u00e8vent de la LAMal (Loi f\u00e9d\u00e9rale sur l\u2019assurance-maladie), du financement priv\u00e9 et individuel ou des Prestations Compl\u00e9mentaires (PC\/PCG), suivant la situation de chaque personne.<\/p>\n<p>D\u2019autres prestataires de soins, en particulier les <strong>organisations de soins \u00e0 domicile (OSAD) reconnues par l\u2019Etat<\/strong>, sont habilit\u00e9es \u00e0 r\u00e9pondre aux demandes de soins.[\/vc_column_text][vc_column_text]<\/p>\n<h4>D\u00e9tails d&#8217;un logement<\/h4>\n<p>Chaque logement comprend :<\/p>\n<ul>\n<li>Un <strong>s\u00e9jour<\/strong> de 30 m<sup>2<\/sup><\/li>\n<li>Une <strong>cuisine ouverte<\/strong> sur le s\u00e9jour avec lave-vaisselle, frigo et cong\u00e9lateur<\/li>\n<li>Une <strong>chambre<\/strong> de 14 m<sup>2<\/sup><\/li>\n<li>Une <strong>salle de bain<\/strong> de 4 m<sup>2<\/sup> avec une douche \u00e0 l&#8217;italienne<\/li>\n<li>Une <strong>terrasse<\/strong> ou un <strong>balcon<\/strong> de 12 m<sup>2<\/sup><\/li>\n<\/ul>\n<p><strong>Deux logements sont adress\u00e9s aux march\u00e9 libre<\/strong>. Ceux-ci comprennent une<strong> grande terrasse<\/strong> au dernier \u00e9tage de la R\u00e9sidence.[\/vc_column_text][vc_column_text]<\/p>\n<h4>Tarifs<\/h4>\n<table class=\"omsc-custom-table omsc-style-1\"><tr><th> <\/th><th> <\/th><\/tr><tr><td>Loyer<\/td><td>1&#8217;350 CHF<\/td><\/tr><tr><td>Charges forfaitaires<\/td><td>150 CHF<\/td><\/tr><tr><td>Place de parc<\/td><td>60 CHF<\/td><\/tr><tr><td>Espace commun<\/td><td>Inclus<\/td><\/tr><tr><td>Encadrement s\u00e9curisant<\/td><td>190 CHF<\/td><\/tr><tr><td> <\/td><td> <\/td><\/tr><tr><td><b>Total <\/b><\/td><td><strong>1&#8217;760 CHF<\/strong><\/td><\/tr><\/table>[\/vc_column_text][\/vc_column][\/vc_row][vc_row][vc_column width=&#8221;1\/2&#8243;][vc_column_text]<\/p>\n<h4><strong>Coordonn\u00e9es de la R\u00e9sidence<br \/>\n<\/strong><\/h4>\n<p>R\u00e9sidence B\u00f4-Regard<br \/>\nChemin des Aub\u00e9pines 1<br \/>\n1040 Villars-le-Terroir<\/p>\n<h5>R\u00e9f\u00e9rente sociale<\/h5>\n<p>Ana\u00efs Tauxe<br \/>\nT\u00e9l. +41 21 886 34 50<\/p>\n<p><strong><a href=\"mailto:boregard@leschateaux.org\">boregard@leschateaux.org<\/a><\/strong>[\/vc_column_text][vc_column_text]<\/p>\n<h4><strong>Coordonn\u00e9es de la Responsable SAMS<\/strong><\/h4>\n<p><img loading=\"lazy\" decoding=\"async\" class=\"alignleft wp-image-6341\" src=\"https:\/\/www.leschateaux.ch\/wp\/wp-content\/uploads\/2022\/05\/LesChateaux-Team2022-017_ppNB.jpg\" alt=\"\" width=\"200\" height=\"200\" srcset=\"https:\/\/www.leschateaux.ch\/wp\/wp-content\/uploads\/2022\/05\/LesChateaux-Team2022-017_ppNB.jpg 960w, https:\/\/www.leschateaux.ch\/wp\/wp-content\/uploads\/2022\/05\/LesChateaux-Team2022-017_ppNB-150x150@2x.jpg 300w, https:\/\/www.leschateaux.ch\/wp\/wp-content\/uploads\/2022\/05\/LesChateaux-Team2022-017_ppNB-150x150.jpg 150w, https:\/\/www.leschateaux.ch\/wp\/wp-content\/uploads\/2022\/05\/LesChateaux-Team2022-017_ppNB-146x146.jpg 146w, https:\/\/www.leschateaux.ch\/wp\/wp-content\/uploads\/2022\/05\/LesChateaux-Team2022-017_ppNB-50x50.jpg 50w, https:\/\/www.leschateaux.ch\/wp\/wp-content\/uploads\/2022\/05\/LesChateaux-Team2022-017_ppNB-75x75.jpg 75w, https:\/\/www.leschateaux.ch\/wp\/wp-content\/uploads\/2022\/05\/LesChateaux-Team2022-017_ppNB-85x85.jpg 85w, https:\/\/www.leschateaux.ch\/wp\/wp-content\/uploads\/2022\/05\/LesChateaux-Team2022-017_ppNB-80x80.jpg 80w, https:\/\/www.leschateaux.ch\/wp\/wp-content\/uploads\/2022\/05\/LesChateaux-Team2022-017_ppNB-300x300@2x.jpg 600w\" sizes=\"auto, (max-width:767px) 200px, 200px\" \/><\/p>\n<p>&nbsp;<\/p>\n<p>&nbsp;<\/p>\n<p>&nbsp;<\/p>\n<p>&nbsp;<\/p>\n<p>&nbsp;<\/p>\n<p>&nbsp;<\/p>\n<p>Tanja Coquoz<br \/>\nFondation Les Ch\u00e2teaux<br \/>\nRoute d&#8217;Orbe 4<br \/>\n1040 Echallens<\/p>\n<p>T\u00e9l +41 21 886 34 42<br \/>\nFax +41 21 886 34 41<\/p>\n<p><strong><a href=\"mailto:cat.noumea@leschateaux.org\">t.coquoz@leschateaux.org<\/a><\/strong>[\/vc_column_text][\/vc_column][vc_column width=&#8221;1\/2&#8243;][vc_column_text]<\/p>\n<h4><strong>Coordonn\u00e9es de la Direction<br \/>\n<\/strong><\/h4>\n<p>Fondation Les Ch\u00e2teaux<br \/>\nRte d\u2019Orbe 4, case postale<br \/>\n1040 Echallens<\/p>\n<p>T\u00e9l +41 21 886 36 36<br \/>\nFax +41 21 886 36 35<\/p>\n<p><a href=\"mailto:info@leschateaux.org\"><strong>info@leschateaux.org<\/strong><\/a><br \/>\n<a href=\"http:\/\/www.leschateaux.ch\"><strong>www.leschateaux.ch<\/strong><\/a><\/p>\n<p>[\/vc_column_text][vc_column_text]<\/p>\n<h4><strong>Demandes de location<\/strong><\/h4>\n<p>Les demandes sont \u00e0 adresser directement aupr\u00e8s de la R\u00e9f\u00e9rente sociale ou de la Responsable SAMS<\/p>\n<p><strong><a href=\"http:\/\/www.leschateaux.ch\/wp\/wp-content\/uploads\/2019\/08\/Demande-de-location-sp\u00e9ciale-Bo-Regard.pdf\" target=\"_blank\" rel=\"noopener noreferrer\">T\u00e9l\u00e9charger le formulaire<\/a><\/strong>[\/vc_column_text][\/vc_column][\/vc_row][vc_row][vc_column][\/vc_column][\/vc_row]<\/p>\n<\/div>","protected":false},"excerpt":{"rendered":"<p>[vc_row][vc_column][vc_column_text] R\u00e9sidence B\u00f4-Regard : Logements adapt\u00e9s avec accompagnement (LADA) La R\u00e9sidence B\u00f4-Regard fait partie de la fili\u00e8re des Structures d&#8217;accompagnement m\u00e9dico-sociales (SAMS) de la Fondation Les<span class=\"excerpt-hellip\"> [\u2026]<\/span><\/p>\n","protected":false},"author":2,"featured_media":0,"parent":0,"menu_order":0,"comment_status":"closed","ping_status":"open","template":"","meta":{"footnotes":""},"class_list":["post-4404","page","type-page","status-publish","hentry"],"_links":{"self":[{"href":"https:\/\/www.leschateaux.ch\/index.php?rest_route=\/wp\/v2\/pages\/4404","targetHints":{"allow":["GET"]}}],"collection":[{"href":"https:\/\/www.leschateaux.ch\/index.php?rest_route=\/wp\/v2\/pages"}],"about":[{"href":"https:\/\/www.leschateaux.ch\/index.php?rest_route=\/wp\/v2\/types\/page"}],"author":[{"embeddable":true,"href":"https:\/\/www.leschateaux.ch\/index.php?rest_route=\/wp\/v2\/users\/2"}],"replies":[{"embeddable":true,"href":"https:\/\/www.leschateaux.ch\/index.php?rest_route=%2Fwp%2Fv2%2Fcomments&post=4404"}],"version-history":[{"count":24,"href":"https:\/\/www.leschateaux.ch\/index.php?rest_route=\/wp\/v2\/pages\/4404\/revisions"}],"predecessor-version":[{"id":7864,"href":"https:\/\/www.leschateaux.ch\/index.php?rest_route=\/wp\/v2\/pages\/4404\/revisions\/7864"}],"wp:attachment":[{"href":"https:\/\/www.leschateaux.ch\/index.php?rest_route=%2Fwp%2Fv2%2Fmedia&parent=4404"}],"curies":[{"name":"wp","href":"https:\/\/api.w.org\/{rel}","templated":true}]}}