{"id":2107,"date":"2014-04-29T17:12:18","date_gmt":"2014-04-29T16:12:18","guid":{"rendered":"http:\/\/www.leschateaux.ch\/wp\/?page_id=2107"},"modified":"2023-07-25T10:49:32","modified_gmt":"2023-07-25T08:49:32","slug":"musicotherapie","status":"publish","type":"page","link":"https:\/\/www.leschateaux.ch\/?page_id=2107","title":{"rendered":"Musicoth\u00e9rapie"},"content":{"rendered":"<p>La <strong>musicoth\u00e9rapie<\/strong> est une pratique de soin, de r\u00e9\u00e9ducation ou de relation d&#8217;aide, <strong><em>utilisant le son et la musique<\/em><\/strong> sous toutes leurs formes, comme <strong><em>moyen d&#8217;expression<\/em>, de <em>communication<\/em>, de <em>structuration<\/em> et d&#8217;<em>analyse<\/em><\/strong>.<br \/>\nElle s&#8217;adresse \u00e0 des personnes pr\u00e9sentant des difficult\u00e9s li\u00e9es \u00e0 des <em>troubles psychiques<\/em>, <em>sensoriels<\/em>, <em>physiques<\/em>, neurologiques ou en <em>difficult\u00e9 psycho-sociale<\/em>.<br \/>\nElle s&#8217;appuie sur les <strong>liens \u00e9troits<\/strong> entre les \u00e9l\u00e9ments constitutifs de la musique et l&#8217;histoire du sujet mais aussi sur les <strong>interactions entre le patient, le musicoth\u00e9rapeute et la musique<\/strong>.<\/p>\n<p><strong>Etienne Zbaeren<br \/>\nResponsable<br \/>\n<\/strong><\/p>\n<p><a href=\"mailto:goumoens@leschateaux.org\" target=\"_blank\" rel=\"noopener noreferrer\"><strong>info@leschateaux.org<\/strong><\/a><br \/>\n<strong>t\u00e9l : 021 \/ 886 35 35<\/strong><br \/>\n<strong> fax : 021 \/ 886 35 34<br \/>\n<\/strong><br \/>\n<a href=\"http:\/\/www.leschateaux.ch\/wp\/?portfolio=les-interieurs-de-goumoens\"><img loading=\"lazy\" decoding=\"async\" class=\"alignnone wp-image-1964\" src=\"http:\/\/www.leschateaux.ch\/wp\/wp-content\/uploads\/2014\/04\/divers_goumoens-0401.jpg\" alt=\"divers_goumoens-040\" width=\"400\" height=\"267\" srcset=\"https:\/\/www.leschateaux.ch\/wp\/wp-content\/uploads\/2014\/04\/divers_goumoens-0401.jpg 900w, https:\/\/www.leschateaux.ch\/wp\/wp-content\/uploads\/2014\/04\/divers_goumoens-0401-300x200.jpg 300w\" sizes=\"auto, (max-width:767px) 400px, 400px\" \/><\/a><strong><br \/>\n<\/strong><\/p>\n","protected":false},"excerpt":{"rendered":"<p>La musicoth\u00e9rapie est une pratique de soin, de r\u00e9\u00e9ducation ou de relation d&#8217;aide, utilisant le son et la musique sous toutes leurs formes, comme moyen d&#8217;expression,<span class=\"excerpt-hellip\"> [\u2026]<\/span><\/p>\n","protected":false},"author":4,"featured_media":0,"parent":1261,"menu_order":0,"comment_status":"open","ping_status":"open","template":"","meta":{"footnotes":""},"class_list":["post-2107","page","type-page","status-publish","hentry"],"_links":{"self":[{"href":"https:\/\/www.leschateaux.ch\/index.php?rest_route=\/wp\/v2\/pages\/2107","targetHints":{"allow":["GET"]}}],"collection":[{"href":"https:\/\/www.leschateaux.ch\/index.php?rest_route=\/wp\/v2\/pages"}],"about":[{"href":"https:\/\/www.leschateaux.ch\/index.php?rest_route=\/wp\/v2\/types\/page"}],"author":[{"embeddable":true,"href":"https:\/\/www.leschateaux.ch\/index.php?rest_route=\/wp\/v2\/users\/4"}],"replies":[{"embeddable":true,"href":"https:\/\/www.leschateaux.ch\/index.php?rest_route=%2Fwp%2Fv2%2Fcomments&post=2107"}],"version-history":[{"count":5,"href":"https:\/\/www.leschateaux.ch\/index.php?rest_route=\/wp\/v2\/pages\/2107\/revisions"}],"predecessor-version":[{"id":7290,"href":"https:\/\/www.leschateaux.ch\/index.php?rest_route=\/wp\/v2\/pages\/2107\/revisions\/7290"}],"up":[{"embeddable":true,"href":"https:\/\/www.leschateaux.ch\/index.php?rest_route=\/wp\/v2\/pages\/1261"}],"wp:attachment":[{"href":"https:\/\/www.leschateaux.ch\/index.php?rest_route=%2Fwp%2Fv2%2Fmedia&parent=2107"}],"curies":[{"name":"wp","href":"https:\/\/api.w.org\/{rel}","templated":true}]}}