{"id":1310,"date":"2013-09-24T23:03:11","date_gmt":"2013-09-24T22:03:11","guid":{"rendered":"http:\/\/www.leschateaux.ch\/wp\/?page_id=1310"},"modified":"2026-04-20T16:37:58","modified_gmt":"2026-04-20T14:37:58","slug":"offres-demploi","status":"publish","type":"page","link":"https:\/\/www.leschateaux.ch\/?page_id=1310","title":{"rendered":"Offres d&#8217;emploi"},"content":{"rendered":"<div class=\"wpb-content-wrapper\"><p>[vc_row][vc_column][vc_column_text]<strong>Postes \u00e0 repourvoir<\/strong><\/p>\n<table class=\"omsc-custom-table omsc-style-1\"><tr><th><br \/>\nSecteur<\/th><th>Fonction<\/th><th>Taux d&#8217;activit\u00e9<\/th><th>Qualifications\/Missions<\/th><th>Entr\u00e9e en fonction<\/th><\/tr><tr><td><br \/>\n<span style=\"color: #0000ff;\"><strong>Soins<\/strong><\/span><\/td><td><strong>1 Infirmier\/\u00e8re dipl\u00f4m\u00e9\/e HES \u00e0 Goumoens <\/strong><\/td><td><strong>80 %-100%<\/strong><\/td><td>voir <strong>d\u00e9tails<\/strong> ci-dessous<\/td><td><strong>du 01.06.2026 au 30.09.2026<\/strong><\/td><\/tr><tr><td><br \/>\n<span style=\"color: #00ff00;\"><strong>H\u00f4telier<\/strong><\/span><\/td><td><strong>1 apprenti\/e GHI &#8211; Gestionnaire en h\u00f4tellerie-intendance CFC &#8211; \u00e0 Goumoens<\/strong><\/td><td><strong>100 %<\/strong><\/td><td>voir <strong>d\u00e9tails<\/strong> ci-dessous<\/td><td><strong>1er ao\u00fbt 2026<\/strong><\/td><\/tr><tr><td><br \/>\n<span style=\"color: #00ff00;\"><strong>Technique<\/strong><\/span><\/td><td><strong>1 apprenti\/e Agent\/e de propret\u00e9 CFC &#8211; \u00e0 Goumoens<\/strong><\/td><td><strong>100 %<\/strong><\/td><td>voir <strong>d\u00e9tails<\/strong> ci-dessous<\/td><td><strong>1er ao\u00fbt 2026<\/strong><\/td><\/tr><\/table>\n<p>&nbsp;<\/p>\n<hr \/>\n<p><span style=\"text-decoration: underline;\"><strong>POSTULATIONS<\/strong><\/span><\/p>\n<p><strong><span style=\"text-decoration: underline;\"><span style=\"color: #0000ff; text-decoration: underline;\">Pour les postes en bleu<\/span><\/span> : votre dossier de candidature complet (CV, certificats de travail et lettre de motivation<\/strong><strong>) est \u00e0 adresser, par courrier ou par e-mail \u00e0 : <span style=\"text-decoration: underline;\"><span style=\"color: #0000ff; text-decoration: underline;\">Fondation Les Ch\u00e2teaux, <\/span><span style=\"color: #0000ff; text-decoration: underline;\">Att. Mme C. Favre, <\/span><span style=\"color: #0000ff; text-decoration: underline;\">Rte d&#8217;Orbe 4, <\/span><span style=\"color: #0000ff; text-decoration: underline;\">1040 ECHALLENS<\/span><\/span><span style=\"color: #0000ff;\"> \/ info<\/span><\/strong><strong><span style=\"color: #0000ff;\">@leschateaux.org<\/span><\/strong><\/p>\n<p><strong><span style=\"text-decoration: underline;\"><span style=\"color: #0000ff; text-decoration: underline;\"><span style=\"color: #ff6600; text-decoration: underline;\">Pour les postes en orange<\/span> <\/span><\/span>: votre dossier de candidature complet (CV, certificats de travail et lettre de motivation<\/strong><strong>) est \u00e0 adresser, par courrier ou par e-mail \u00e0 : <span style=\"color: #ff6600;\"><span style=\"text-decoration: underline;\">Fondation Les Ch\u00e2teaux, Att. Mme T. Coquoz<\/span> \/ t.coquoz@leschateaux.org<\/span><\/strong><\/p>\n<p><strong><span style=\"text-decoration: underline; color: #00ff00;\">Pour les postes en vert &#8211; APPRENTI\/E\/S<\/span> : votre dossier de candidature complet pour une demande de stage en vue d&#8217;un apprentissage (CV, lettre de motivation, stages effectu\u00e9s et vos notes scolaires<\/strong><strong>) est \u00e0 adresser, par courrier ou par e-mail\u00a0 \u00e0 : <span style=\"text-decoration: underline; color: #00ff00;\">Fondation Les Ch\u00e2teaux, Rte d&#8217;Orbe 4, 1040 ECHALLENS<\/span> <span style=\"color: #00ff00;\">\/ <\/span><\/strong><span style=\"color: #00ff00;\"><strong>info@leschateaux.org\u00a0<span style=\"color: #000000;\">\/ <span style=\"color: #ff0000;\">Pour les apprenti\/es ASE Echallens envoyer le dossier \u00e0 K.marki@leschateaux.org<\/span><\/span><\/strong><\/span><\/p>\n<p>&nbsp;<\/p>\n<hr \/>\n<p>&#8212;&#8212;&#8212;&#8212;&#8212;&#8212;&#8212;&#8212;&#8212;&#8212;&#8212;&#8212;&#8212;&#8212;&#8212;&#8212;&#8212;&#8212;&#8212;&#8212;&#8212;&#8212;&#8212;&#8212;&#8212;&#8212;&#8212;&#8212;&#8212;&#8212;&#8212;&#8212;&#8212;&#8212;&#8212;&#8212;&#8212;&#8212;&#8212;&#8212;&#8212;&#8212;&#8211;<\/p>\n<p><strong><span style=\"color: #0000ff;\">1 Infirmier\/\u00e8re dipl\u00f4m\u00e9\/e, CDD\u00a0 80 % &#8211; 100 %, \u00e0 Goumoens<\/span><\/strong><\/p>\n<p><strong><u>Votre fonction<\/u><\/strong><strong>\u00a0:<\/strong><\/p>\n<ul>\n<li>accueillir, informer et accompagner les R\u00e9sidents et leur entourage<\/li>\n<li>dispenser des soins \u00e0 la personne correspondant aux besoins en soins infirmiers<\/li>\n<li>veiller \u00e0 la gestion du mat\u00e9riel de soins et \u00e0 l\u2019approvisionnement de la pharmacie<\/li>\n<li>stimuler et favoriser la formation du personnel soignant<\/li>\n<li>assumer le service de piquet<\/li>\n<li>ma\u00eetriser l\u2019utilisation du programme SADIES un plus<\/li>\n<\/ul>\n<p><strong><u>Profil souhait\u00e9<\/u><\/strong><strong>\u00a0:<\/strong><\/p>\n<ul>\n<li>un dipl\u00f4me d\u2019infirmi\u00e8re HES (ou titre jug\u00e9 \u00e9quivalent)<\/li>\n<li>exp\u00e9rience dans le domaine de la <strong>g\u00e9riatrie et de la psycho-g\u00e9riatrie<\/strong><\/li>\n<li><strong>esprit d\u2019\u00e9quipe<\/strong> et d\u2019initiative<\/li>\n<li>niveau de fran\u00e7ais B2 \u00e0 l\u2019oral et \u00e0 l\u2019\u00e9crit<\/li>\n<li>polyvalence et disponibilit\u00e9<\/li>\n<li>int\u00e9r\u00eat marqu\u00e9 pour l\u2019accompagnement des personnes \u00e2g\u00e9es<\/li>\n<li>connaissance des outils informatiques<\/li>\n<li>honn\u00eatet\u00e9, ponctualit\u00e9, int\u00e9grit\u00e9, convivialit\u00e9, impartialit\u00e9<\/li>\n<li>\u00eatre domicili\u00e9 dans le canton de Vaud<\/li>\n<li><strong>permis de conduire et v\u00e9hicule indispensables<\/strong><\/li>\n<li><strong>lieu d\u2019habitation \u00e0 maximum 30 minutes du lieu de travail<\/strong><\/li>\n<\/ul>\n<p><strong>\u00a0<\/strong><strong><u>Nous vous offrons<\/u><\/strong><strong>\u00a0:<\/strong><\/p>\n<ul>\n<li>un travail int\u00e9ressant au sein d\u2019une \u00e9quipe dynamique<\/li>\n<li>des possibilit\u00e9s de formation continue<\/li>\n<li>un cadre et une ambiance agr\u00e9ables<\/li>\n<li>un salaire selon bar\u00e8me d\u2019H\u00e9vivA et conditions de la CCT<\/li>\n<\/ul>\n<p><strong><u>Entr\u00e9e en fonction<\/u><\/strong><strong>\u00a0:<\/strong><strong>\u00a0\u00a0\u00a0\u00a0 1<sup>er<\/sup> juin 2026 au 30.09.2026<\/strong><\/p>\n<p><span style=\"color: #0000ff;\"><strong><em>Le nouvel EMS de Goumoens avec une capacit\u00e9 d\u2019h\u00e9bergement de 73 lits <\/em><\/strong><strong><em>pour de la g\u00e9riatrie et de la psychiatrie de l\u2019\u00e2ge avanc\u00e9 <\/em><\/strong><strong><em><u>ouvrira ses portes en ao\u00fbt 2026<\/u><\/em><\/strong><\/span><\/p>\n<p style=\"text-align: center;\"><span style=\"color: #ff0000;\"><strong>Aucun renseignement ne sera donn\u00e9 par t\u00e9l\u00e9phone <\/strong><strong>et seuls les dossiers correspondants au profil seront trait\u00e9s<\/strong><\/span><\/p>\n<p>&#8212;&#8212;&#8212;&#8212;&#8212;&#8212;&#8212;&#8212;&#8212;&#8212;&#8212;&#8212;&#8212;&#8212;&#8212;&#8212;&#8212;&#8212;&#8212;&#8212;&#8212;&#8212;&#8212;&#8212;&#8212;&#8212;&#8212;&#8212;&#8212;&#8212;&#8212;&#8212;&#8212;&#8212;&#8212;&#8212;&#8212;&#8212;&#8212;&#8212;&#8212;&#8212;&#8211;<\/p>\n<p>&nbsp;<\/p>\n<\/div>","protected":false},"excerpt":{"rendered":"<p>[vc_row][vc_column][vc_column_text]Postes \u00e0 repourvoir &nbsp; POSTULATIONS Pour les postes en bleu : votre dossier de candidature complet (CV, certificats de travail et lettre de motivation) est \u00e0<span class=\"excerpt-hellip\"> [\u2026]<\/span><\/p>\n","protected":false},"author":4,"featured_media":-1,"parent":1297,"menu_order":5,"comment_status":"closed","ping_status":"closed","template":"","meta":{"footnotes":""},"class_list":["post-1310","page","type-page","status-publish","has-post-thumbnail","hentry"],"_links":{"self":[{"href":"https:\/\/www.leschateaux.ch\/index.php?rest_route=\/wp\/v2\/pages\/1310","targetHints":{"allow":["GET"]}}],"collection":[{"href":"https:\/\/www.leschateaux.ch\/index.php?rest_route=\/wp\/v2\/pages"}],"about":[{"href":"https:\/\/www.leschateaux.ch\/index.php?rest_route=\/wp\/v2\/types\/page"}],"author":[{"embeddable":true,"href":"https:\/\/www.leschateaux.ch\/index.php?rest_route=\/wp\/v2\/users\/4"}],"replies":[{"embeddable":true,"href":"https:\/\/www.leschateaux.ch\/index.php?rest_route=%2Fwp%2Fv2%2Fcomments&post=1310"}],"version-history":[{"count":287,"href":"https:\/\/www.leschateaux.ch\/index.php?rest_route=\/wp\/v2\/pages\/1310\/revisions"}],"predecessor-version":[{"id":9676,"href":"https:\/\/www.leschateaux.ch\/index.php?rest_route=\/wp\/v2\/pages\/1310\/revisions\/9676"}],"up":[{"embeddable":true,"href":"https:\/\/www.leschateaux.ch\/index.php?rest_route=\/wp\/v2\/pages\/1297"}],"wp:featuredmedia":[{"embeddable":true,"href":"https:\/\/www.leschateaux.ch\/index.php?rest_route=\/"}],"wp:attachment":[{"href":"https:\/\/www.leschateaux.ch\/index.php?rest_route=%2Fwp%2Fv2%2Fmedia&parent=1310"}],"curies":[{"name":"wp","href":"https:\/\/api.w.org\/{rel}","templated":true}]}}