{"id":1302,"date":"2013-09-24T22:59:57","date_gmt":"2013-09-24T21:59:57","guid":{"rendered":"http:\/\/www.leschateaux.ch\/wp\/?page_id=1302"},"modified":"2015-08-03T08:52:54","modified_gmt":"2015-08-03T06:52:54","slug":"situation","status":"publish","type":"page","link":"https:\/\/www.leschateaux.ch\/?page_id=1302","title":{"rendered":"Situation"},"content":{"rendered":"<div class=\"wpb-content-wrapper\"><p>[vc_row][vc_column width=&#8221;1\/1&#8243;][vc_column_text]<strong>Situation Echallens<\/strong><\/p>\n<p>L\u2019immeuble est situ\u00e9 \u00e0 la Route\u00a0d\u2019Orbe 4, dans la partie arri\u00e8re de l\u2019immeuble Coop, proche de la place du march\u00e9, derri\u00e8re l\u2019H\u00f4tel-de-Ville, direction Orbe autoroute.[\/vc_column_text][\/vc_column][\/vc_row][vc_row][vc_column width=&#8221;1\/4&#8243;][vc_column_text]<strong>En train<br \/>\nEn bus<\/strong>[\/vc_column_text][vc_column_text]<strong>En voiture<br \/>\n<\/strong>[\/vc_column_text][\/vc_column][vc_column width=&#8221;1\/2&#8243;][vc_column_text]\u00e0<strong> 5 mn<\/strong> \u00e0 pied de la gare du <strong>LEB<br \/>\n<\/strong>\u00e0<strong> 5 mn <\/strong>des arr\u00eats de bus \u00e0 Echallens<strong><br \/>\n<\/strong>[\/vc_column_text][vc_column_text]<strong>Autoroute A9<\/strong> : sortie Bl\u00e9cherette &#8211; environ <strong>15 mn<\/strong><br \/>\n<strong>Autoroute A1<\/strong> : sortie Oulens \/ La Sarraz &#8211; environ <strong>10 mn<\/strong>[\/vc_column_text][\/vc_column][vc_column width=&#8221;1\/4&#8243;][vc_column_text]<strong><strong><a href=\"http:\/\/www.leb.ch\/uploads\/PDF\/LEB_Horaire_regional_2014.pdf\" target=\"_blank\">horaire du LEB<\/a><\/strong><br \/>\n<a href=\"http:\/\/www.carpostal.ch\/pag-startseite\/pag-taeglich-unterwegs\/pag-fahrplan-und-linienverkehr\/pag-aushangfahrplaene.htm\" target=\"_blank\"><strong>horaire du Car Postal<\/strong><\/a><br \/>\n<\/strong>[\/vc_column_text][vc_column_text]<strong><a href=\"http:\/\/www.local.ch\/fr\/map\/route?to=route%20d%27Orbe%2B4%2C%2B1040%2BEchallens&amp;from=Route%20de%2Bla%2BBl%C3%A9cherette%2C%2BLausanne&amp;travelMode=DRIVING&amp;bounds=46.532179%2C6.36148%2C46.670055%2C6.797843&amp;zoom=13\" target=\"_blank\">itin\u00e9raire A9<\/a><\/strong><br \/>\n<a href=\"http:\/\/www.local.ch\/fr\/map\/route?to=route%20d%27Orbe%2B4%2C%2B1040%2BEchallens&amp;from=Route%20d%27Eclepens&amp;travelMode=DRIVING&amp;bounds=46.633861%2C6.53396%2C46.668299%2C6.643051&amp;zoom=15\" target=\"_blank\"><strong>itin\u00e9raire A1<\/strong><\/a>[\/vc_column_text][\/vc_column][\/vc_row][vc_row][vc_column width=&#8221;1\/1&#8243;][vc_column_text]<strong>Situation Goumoens<\/strong><\/p>\n<p>Le &#8220;Ch\u00e2teau&#8221; de Goumoens-la-Ville est situ\u00e9 \u00e0 3 km d&#8217;Echallens[\/vc_column_text][\/vc_column][\/vc_row][vc_row][vc_column width=&#8221;1\/4&#8243;][vc_column_text]<strong>En train<br \/>\nEn bus<\/strong>[\/vc_column_text][vc_column_text]<strong>En voiture<br \/>\n<\/strong>[\/vc_column_text][\/vc_column][vc_column width=&#8221;1\/2&#8243;][vc_column_text]Gare du <strong>LEB<br \/>\n<\/strong>Arr\u00eats de <strong>bus<\/strong> \u00e0 Echallens<strong><br \/>\n<\/strong>[\/vc_column_text][vc_column_text]<strong>Autoroute A9<\/strong> : sortie Bl\u00e9cherette &#8211; environ <strong>20 mn<\/strong><br \/>\n<strong>Autoroute A1<\/strong> : sortie Oulens \/ La Sarraz &#8211; environ <strong>5 mn<\/strong>[\/vc_column_text][\/vc_column][vc_column width=&#8221;1\/4&#8243;][vc_column_text]<strong><strong><a href=\"http:\/\/www.leb.ch\/uploads\/PDF\/LEB_Horaire_regional_2014.pdf\" target=\"_blank\">horaire du LEB<\/a><\/strong><br \/>\n<a href=\"http:\/\/www.carpostal.ch\/pag-startseite\/pag-taeglich-unterwegs\/pag-fahrplan-und-linienverkehr\/pag-aushangfahrplaene.htm\" target=\"_blank\"><strong>horaire du Car Postal<\/strong><\/a><br \/>\n<\/strong>[\/vc_column_text][vc_column_text]<strong><a href=\"http:\/\/www.local.ch\/fr\/map\/route?to=EMS%20%201376%20Goumoens-la-Ville%20&amp;from=route%20de%20la%20Bl%C3%A9cherette%2C%201052%20Le%20Mont-sur-Lausanne&amp;travelMode=DRIVING&amp;bounds=46.539583%2C6.35881%2C46.67744%2C6.795173&amp;zoom=13\" target=\"_blank\">itin\u00e9raire A9<\/a><\/strong><br \/>\n<a href=\"http:\/\/www.local.ch\/fr\/map\/route?to=EMS%20%201376%20Goumoens-la-Ville%20&amp;from=Route%20d%27Eclepens&amp;travelMode=DRIVING&amp;bounds=46.641274%2C6.555337%2C46.658493%2C6.609883&amp;zoom=16\" target=\"_blank\"><strong>itin\u00e9raire A1<\/strong><\/a>[\/vc_column_text][\/vc_column][\/vc_row]<\/p>\n<\/div>","protected":false},"excerpt":{"rendered":"<p>[vc_row][vc_column width=&#8221;1\/1&#8243;][vc_column_text]Situation Echallens L\u2019immeuble est situ\u00e9 \u00e0 la Route\u00a0d\u2019Orbe 4, dans la partie arri\u00e8re de l\u2019immeuble Coop, proche de la place du march\u00e9, derri\u00e8re l\u2019H\u00f4tel-de-Ville, direction<span class=\"excerpt-hellip\"> [\u2026]<\/span><\/p>\n","protected":false},"author":4,"featured_media":0,"parent":1297,"menu_order":2,"comment_status":"closed","ping_status":"open","template":"","meta":{"footnotes":""},"class_list":["post-1302","page","type-page","status-publish","hentry"],"_links":{"self":[{"href":"https:\/\/www.leschateaux.ch\/index.php?rest_route=\/wp\/v2\/pages\/1302","targetHints":{"allow":["GET"]}}],"collection":[{"href":"https:\/\/www.leschateaux.ch\/index.php?rest_route=\/wp\/v2\/pages"}],"about":[{"href":"https:\/\/www.leschateaux.ch\/index.php?rest_route=\/wp\/v2\/types\/page"}],"author":[{"embeddable":true,"href":"https:\/\/www.leschateaux.ch\/index.php?rest_route=\/wp\/v2\/users\/4"}],"replies":[{"embeddable":true,"href":"https:\/\/www.leschateaux.ch\/index.php?rest_route=%2Fwp%2Fv2%2Fcomments&post=1302"}],"version-history":[{"count":0,"href":"https:\/\/www.leschateaux.ch\/index.php?rest_route=\/wp\/v2\/pages\/1302\/revisions"}],"up":[{"embeddable":true,"href":"https:\/\/www.leschateaux.ch\/index.php?rest_route=\/wp\/v2\/pages\/1297"}],"wp:attachment":[{"href":"https:\/\/www.leschateaux.ch\/index.php?rest_route=%2Fwp%2Fv2%2Fmedia&parent=1302"}],"curies":[{"name":"wp","href":"https:\/\/api.w.org\/{rel}","templated":true}]}}