{"id":1280,"date":"2013-09-24T22:50:39","date_gmt":"2013-09-24T21:50:39","guid":{"rendered":"http:\/\/www.leschateaux.ch\/wp\/?page_id=1280"},"modified":"2025-04-08T10:47:26","modified_gmt":"2025-04-08T08:47:26","slug":"projets-realises","status":"publish","type":"page","link":"https:\/\/www.leschateaux.ch\/?page_id=1280","title":{"rendered":"Projets r\u00e9alis\u00e9s"},"content":{"rendered":"<p>Gr\u00e2ce \u00e0 l&#8217;appui de l&#8217;Association, une partie de nos B\u00e9n\u00e9ficiaires se rendent chaque ann\u00e9e en vacances depuis 2002 :<\/p>\n<ul>\n<li><strong> Les Paccots<\/strong> (2002)<\/li>\n<li><strong> M\u00e9tabief<\/strong> (2003 &#8211; 2004 &#8211; 2005)<\/li>\n<li><strong> La Pelouse &#8211; Bex<\/strong> (2007 &#8211; 2008 &#8211; 2009)<\/li>\n<li><strong> La R\u00e9sidence &#8211; Charmey<\/strong> (2010 &#8211; 2011 &#8211; 2012 &#8211; 2013 &#8211; 2014 &#8211; 2015 &#8211; 2016 &#8211; 2017 &#8211; 2018 &#8211; 2019)<\/li>\n<li><strong>Les Diablerets et la Grande Borne \u00e0 l&#8217;Auberson<\/strong> <strong>pour les R\u00e9sidents des EMS <\/strong>(2022)<\/li>\n<li><strong>Les Diablerets et la Grande Borne \u00e0 l&#8217;Auberson pour les R\u00e9sidents des EMS et \u00e0 Chateau d&#8217;Oex pour les B\u00e9n\u00e9ficiaires du CAT<\/strong> (2023)<\/li>\n<li><strong>Les Diablerets et la Grande Borne \u00e0 l&#8217;Auberson pour les R\u00e9sidents des EMS et \u00e0 Weggis (canton de Lucerne) pour les B\u00e9n\u00e9ficiaires du CAT<\/strong> (2024)<\/li>\n<\/ul>\n<p>L&#8217;Association a \u00e9galement particip\u00e9 financi\u00e8rement \u00e0 plusieurs projets :<\/p>\n<ul>\n<li><strong> Baignoire hydraulique<\/strong> (1992)<\/li>\n<li><strong> Lits \u00e9lectriques d&#8217;une unit\u00e9<\/strong> (1993)<\/li>\n<li><strong> Acquisition de moyens auxiliaires lourds<\/strong> (1999)<\/li>\n<li><strong> Place de jeux pour les enfants<\/strong> (2005)<\/li>\n<li><strong> Achat lits m\u00e9dicalis\u00e9<\/strong>s (2007)<\/li>\n<li><strong> Cabanon dans les jardins de Goumoens<\/strong> (2011)<\/li>\n<li><b>Achat de deux pianos <\/b>(2014)<\/li>\n<li><strong>Parc animalier et Place des Amis<\/strong> (2015)<\/li>\n<li><strong>Mare aux canards et le coin des amoureux<\/strong> (2017)<\/li>\n<li><strong>Voyage des B\u00e9n\u00e9ficiaires du CAT \u00e0 Vienne<\/strong> (2017)<\/li>\n<li><strong>Table d&#8217;orientation<\/strong> (2019)<\/li>\n<li><strong>Voyage des B\u00e9n\u00e9ficiaires du CAT au Tessin <\/strong>(2019)<\/li>\n<li><strong>Acc\u00e8s pav\u00e9 \u00e0 la table d&#8217;orientation<\/strong> (2021)<\/li>\n<li><strong>Chemin en bordure du parc \u00e0 animaux<\/strong> (2021)<\/li>\n<li><strong>Participation au projet de l&#8217;Association Fils Rouge &#8211; les Clowns<\/strong> (2023)<\/li>\n<\/ul>\n\n\t\t\t<style type='text\/css'>\n\t\t\t\t#sc_gallery-1 {\n\t\t\t\t\tmargin: auto;\n\t\t\t\t}\n\t\t\t\t#sc_gallery-1 .gallery-item {\n\t\t\t\t\tfloat: left;\n\t\t\t\t\ttext-align: center;\n\t\t\t\t\twidth: 24.99%;\n\t\t\t\t}\n\t\t\t\t#sc_gallery-1 img {\n\t\t\t\t\tborder: 2px solid #cfcfcf;\n\t\t\t\t}\n\t\t\t\t\/* see sc_gallery() in functions\/theme-shortcodes.php *\/\n\t\t\t<\/style>\n\t\t<div id='sc_gallery-1' class='gallery galleryid-1280 gallery-columns-4 gallery-size-thumbnail file element_classes gallery-default'><dl class='gallery-item'  data-title='exterieurs_goumoens-013' data-description=''><div class='gallery-item-wrapper'>\n\t\t\t\t<dt class='gallery-icon landscape'>\n\t\t\t\t\t<a href='https:\/\/www.leschateaux.ch\/wp\/wp-content\/uploads\/2013\/12\/exterieurs_goumoens-013.jpg'><img loading=\"lazy\" decoding=\"async\" width=\"150\" height=\"150\" src=\"https:\/\/www.leschateaux.ch\/wp\/wp-content\/uploads\/2013\/12\/exterieurs_goumoens-013-150x150.jpg\" class=\"attachment-thumbnail size-thumbnail\" alt=\"\" srcset=\"https:\/\/www.leschateaux.ch\/wp\/wp-content\/uploads\/2013\/12\/exterieurs_goumoens-013-150x150.jpg 150w, https:\/\/www.leschateaux.ch\/wp\/wp-content\/uploads\/2013\/12\/exterieurs_goumoens-013-200x200.jpg 200w\" sizes=\"auto, (max-width:767px) 150px, 150px\" \/><\/a>\n\t\t\t\t<\/dt><\/div><\/dl><dl class='gallery-item'  data-title='exterieurs_goumoens-026' data-description=''><div class='gallery-item-wrapper'>\n\t\t\t\t<dt class='gallery-icon landscape'>\n\t\t\t\t\t<a href='https:\/\/www.leschateaux.ch\/wp\/wp-content\/uploads\/2013\/12\/exterieurs_goumoens-026.jpg'><img loading=\"lazy\" decoding=\"async\" width=\"150\" height=\"150\" src=\"https:\/\/www.leschateaux.ch\/wp\/wp-content\/uploads\/2013\/12\/exterieurs_goumoens-026-150x150.jpg\" class=\"attachment-thumbnail size-thumbnail\" alt=\"\" srcset=\"https:\/\/www.leschateaux.ch\/wp\/wp-content\/uploads\/2013\/12\/exterieurs_goumoens-026-150x150.jpg 150w, https:\/\/www.leschateaux.ch\/wp\/wp-content\/uploads\/2013\/12\/exterieurs_goumoens-026-200x200.jpg 200w\" sizes=\"auto, (max-width:767px) 150px, 150px\" \/><\/a>\n\t\t\t\t<\/dt><\/div><\/dl><dl class='gallery-item'  data-title='exterieurs_goumoens-021' data-description=''><div class='gallery-item-wrapper'>\n\t\t\t\t<dt class='gallery-icon landscape'>\n\t\t\t\t\t<a href='https:\/\/www.leschateaux.ch\/wp\/wp-content\/uploads\/2013\/12\/exterieurs_goumoens-021.jpg'><img loading=\"lazy\" decoding=\"async\" width=\"150\" height=\"150\" src=\"https:\/\/www.leschateaux.ch\/wp\/wp-content\/uploads\/2013\/12\/exterieurs_goumoens-021-150x150.jpg\" class=\"attachment-thumbnail size-thumbnail\" alt=\"\" srcset=\"https:\/\/www.leschateaux.ch\/wp\/wp-content\/uploads\/2013\/12\/exterieurs_goumoens-021-150x150.jpg 150w, https:\/\/www.leschateaux.ch\/wp\/wp-content\/uploads\/2013\/12\/exterieurs_goumoens-021-200x200.jpg 200w\" sizes=\"auto, (max-width:767px) 150px, 150px\" \/><\/a>\n\t\t\t\t<\/dt><\/div><\/dl><dl class='gallery-item'  data-title='exterieurs_goumoens-020' data-description=''><div class='gallery-item-wrapper'>\n\t\t\t\t<dt class='gallery-icon landscape'>\n\t\t\t\t\t<a href='https:\/\/www.leschateaux.ch\/wp\/wp-content\/uploads\/2013\/12\/exterieurs_goumoens-020.jpg'><img loading=\"lazy\" decoding=\"async\" width=\"150\" height=\"150\" src=\"https:\/\/www.leschateaux.ch\/wp\/wp-content\/uploads\/2013\/12\/exterieurs_goumoens-020-150x150.jpg\" class=\"attachment-thumbnail size-thumbnail\" alt=\"\" srcset=\"https:\/\/www.leschateaux.ch\/wp\/wp-content\/uploads\/2013\/12\/exterieurs_goumoens-020-150x150.jpg 150w, https:\/\/www.leschateaux.ch\/wp\/wp-content\/uploads\/2013\/12\/exterieurs_goumoens-020-200x200.jpg 200w\" sizes=\"auto, (max-width:767px) 150px, 150px\" \/><\/a>\n\t\t\t\t<\/dt><\/div><\/dl><br style=\"clear: both\" \/>\n\t\t\t<\/div>\n\n","protected":false},"excerpt":{"rendered":"<p>Gr\u00e2ce \u00e0 l&#8217;appui de l&#8217;Association, une partie de nos B\u00e9n\u00e9ficiaires se rendent chaque ann\u00e9e en vacances depuis 2002 : Les Paccots (2002) M\u00e9tabief (2003 &#8211; 2004<span class=\"excerpt-hellip\"> [\u2026]<\/span><\/p>\n","protected":false},"author":4,"featured_media":0,"parent":1275,"menu_order":3,"comment_status":"closed","ping_status":"open","template":"","meta":{"footnotes":""},"class_list":["post-1280","page","type-page","status-publish","hentry"],"_links":{"self":[{"href":"https:\/\/www.leschateaux.ch\/index.php?rest_route=\/wp\/v2\/pages\/1280","targetHints":{"allow":["GET"]}}],"collection":[{"href":"https:\/\/www.leschateaux.ch\/index.php?rest_route=\/wp\/v2\/pages"}],"about":[{"href":"https:\/\/www.leschateaux.ch\/index.php?rest_route=\/wp\/v2\/types\/page"}],"author":[{"embeddable":true,"href":"https:\/\/www.leschateaux.ch\/index.php?rest_route=\/wp\/v2\/users\/4"}],"replies":[{"embeddable":true,"href":"https:\/\/www.leschateaux.ch\/index.php?rest_route=%2Fwp%2Fv2%2Fcomments&post=1280"}],"version-history":[{"count":13,"href":"https:\/\/www.leschateaux.ch\/index.php?rest_route=\/wp\/v2\/pages\/1280\/revisions"}],"predecessor-version":[{"id":8700,"href":"https:\/\/www.leschateaux.ch\/index.php?rest_route=\/wp\/v2\/pages\/1280\/revisions\/8700"}],"up":[{"embeddable":true,"href":"https:\/\/www.leschateaux.ch\/index.php?rest_route=\/wp\/v2\/pages\/1275"}],"wp:attachment":[{"href":"https:\/\/www.leschateaux.ch\/index.php?rest_route=%2Fwp%2Fv2%2Fmedia&parent=1280"}],"curies":[{"name":"wp","href":"https:\/\/api.w.org\/{rel}","templated":true}]}}