{"id":1278,"date":"2013-09-24T22:50:03","date_gmt":"2013-09-24T21:50:03","guid":{"rendered":"http:\/\/www.leschateaux.ch\/wp\/?page_id=1278"},"modified":"2025-11-13T16:27:15","modified_gmt":"2025-11-13T14:27:15","slug":"le-comite","status":"publish","type":"page","link":"https:\/\/www.leschateaux.ch\/?page_id=1278","title":{"rendered":"Le comit\u00e9"},"content":{"rendered":"<div class=\"wpb-content-wrapper\"><p>[vc_row][vc_column][vc_column_text]Le Comit\u00e9 est compos\u00e9 comme suit :[\/vc_column_text][vc_row_inner][vc_column_inner width=&#8221;1\/4&#8243;][vc_column_text css=&#8221;&#8221;]<\/p>\n<p style=\"text-align: left;\">Pr\u00e9sident<br \/>\nVice-Pr\u00e9sident<br \/>\nSecr\u00e9taire<br \/>\nTr\u00e9sori\u00e8re<br \/>\nMembre<br \/>\nMembre<br \/>\nMembre<br \/>\nMembre<\/p>\n<p style=\"text-align: left;\">Directeur Les Ch\u00e2teaux<\/p>\n<p>[\/vc_column_text][\/vc_column_inner][vc_column_inner width=&#8221;3\/4&#8243;][vc_column_text css=&#8221;&#8221;]<\/p>\n<p style=\"text-align: left;\">M. Patrick KELLER<br \/>\nM. Carlos BUJARD<br \/>\nMme May-Rose RECOUSO<br \/>\nMme Ariane FAVRE<br \/>\nMme Bernadette MARTIN<br \/>\nM. Michel SCHULER<br \/>\nM. Gilles BEZEN\u00c7ON<br \/>\nM. Georges MINISINI<\/p>\n<p>M. Fr\u00e9d\u00e9ric THOMAS[\/vc_column_text][\/vc_column_inner][\/vc_row_inner][\/vc_column][\/vc_row][vc_row][vc_column][vc_column_text css=&#8221;&#8221;]<strong><img loading=\"lazy\" decoding=\"async\" src=\"http:\/\/www.leschateaux.ch\/wp\/wp-content\/uploads\/2014\/04\/logo_pdf.gif\" alt=\"logo_pdf\" width=\"20\" height=\"10\" \/><\/strong><\/p>\n<p><a href=\"https:\/\/www.leschateaux.ch\/wp\/wp-content\/uploads\/2025\/06\/Rapport-annuel-2024.pdf\"><strong>Rapport annuel 2024<\/strong><\/a><\/p>\n<p><a href=\"https:\/\/www.leschateaux.ch\/wp\/wp-content\/uploads\/2025\/06\/Convocation-AG-2025.pdf\"><strong>Convocation AG 2025<\/strong><\/a><\/p>\n<p><a href=\"https:\/\/www.leschateaux.ch\/wp\/wp-content\/uploads\/2025\/06\/PV-AG-2024.pdf\" target=\"_blank\" rel=\"noopener\"><strong>Proc\u00e8s-verbal Assembl\u00e9e G\u00e9n\u00e9rale 2024<\/strong><\/a><\/p>\n<p><a href=\"https:\/\/www.leschateaux.ch\/wp\/wp-content\/uploads\/2025\/06\/Annexe-1-Rapport-de-la-Presidente.pdf\" target=\"_blank\" rel=\"noopener\"><strong>Annexe 1 &#8211; Rapport de la Pr\u00e9sidente<\/strong><\/a><\/p>\n<p><a href=\"https:\/\/www.leschateaux.ch\/wp\/wp-content\/uploads\/2025\/06\/Annexe-2-Rapport-tresoriere.pdf\" target=\"_blank\" rel=\"noopener\"><strong>Annexe 2 &#8211; Rapport tr\u00e9sori\u00e8re 2023<\/strong><\/a><\/p>\n<p><strong><a href=\"https:\/\/www.leschateaux.ch\/wp\/wp-content\/uploads\/2025\/06\/Annexe-3-Rapport-Verificateurs-des-comptes.pdf\" target=\"_blank\" rel=\"noopener\">Annexe 3 &#8211; Rapport v\u00e9rification comptes 2023<\/a><\/strong><\/p>\n<p><a href=\"https:\/\/www.leschateaux.ch\/wp\/wp-content\/uploads\/2024\/05\/Doc_BV-QR_infoVersement_BCV-2024.pdf\"><strong>Mode de versement des dons et cotisations<\/strong><\/a>[\/vc_column_text][\/vc_column][\/vc_row]<\/p>\n<\/div>","protected":false},"excerpt":{"rendered":"<p>[vc_row][vc_column][vc_column_text]Le Comit\u00e9 est compos\u00e9 comme suit :[\/vc_column_text][vc_row_inner][vc_column_inner width=&#8221;1\/4&#8243;][vc_column_text css=&#8221;&#8221;] Pr\u00e9sident Vice-Pr\u00e9sident Secr\u00e9taire Tr\u00e9sori\u00e8re Membre Membre Membre Membre Directeur Les Ch\u00e2teaux [\/vc_column_text][\/vc_column_inner][vc_column_inner width=&#8221;3\/4&#8243;][vc_column_text css=&#8221;&#8221;] M. Patrick KELLER<span class=\"excerpt-hellip\"> [\u2026]<\/span><\/p>\n","protected":false},"author":4,"featured_media":0,"parent":1275,"menu_order":2,"comment_status":"closed","ping_status":"open","template":"","meta":{"footnotes":""},"class_list":["post-1278","page","type-page","status-publish","hentry"],"_links":{"self":[{"href":"https:\/\/www.leschateaux.ch\/index.php?rest_route=\/wp\/v2\/pages\/1278","targetHints":{"allow":["GET"]}}],"collection":[{"href":"https:\/\/www.leschateaux.ch\/index.php?rest_route=\/wp\/v2\/pages"}],"about":[{"href":"https:\/\/www.leschateaux.ch\/index.php?rest_route=\/wp\/v2\/types\/page"}],"author":[{"embeddable":true,"href":"https:\/\/www.leschateaux.ch\/index.php?rest_route=\/wp\/v2\/users\/4"}],"replies":[{"embeddable":true,"href":"https:\/\/www.leschateaux.ch\/index.php?rest_route=%2Fwp%2Fv2%2Fcomments&post=1278"}],"version-history":[{"count":44,"href":"https:\/\/www.leschateaux.ch\/index.php?rest_route=\/wp\/v2\/pages\/1278\/revisions"}],"predecessor-version":[{"id":9342,"href":"https:\/\/www.leschateaux.ch\/index.php?rest_route=\/wp\/v2\/pages\/1278\/revisions\/9342"}],"up":[{"embeddable":true,"href":"https:\/\/www.leschateaux.ch\/index.php?rest_route=\/wp\/v2\/pages\/1275"}],"wp:attachment":[{"href":"https:\/\/www.leschateaux.ch\/index.php?rest_route=%2Fwp%2Fv2%2Fmedia&parent=1278"}],"curies":[{"name":"wp","href":"https:\/\/api.w.org\/{rel}","templated":true}]}}