{"id":1267,"date":"2013-09-24T22:46:30","date_gmt":"2013-09-24T21:46:30","guid":{"rendered":"http:\/\/www.leschateaux.ch\/wp\/?page_id=1267"},"modified":"2026-02-24T11:53:02","modified_gmt":"2026-02-24T09:53:02","slug":"association-des-amis","status":"publish","type":"page","link":"https:\/\/www.leschateaux.ch\/?page_id=1267","title":{"rendered":"Pr\u00e9sentation"},"content":{"rendered":"<p style=\"text-align: center;\"><strong>Association des Amis de la Fondation Les Ch\u00e2teaux<\/strong><\/p>\n<p><strong>L&#8217;Association des Amis de la Fondation<\/strong> a \u00e9t\u00e9 cr\u00e9\u00e9e le <strong><span style=\"text-decoration: underline;\">18 juin 1991<\/span><\/strong> sous la pr\u00e9sidence de <strong><em>M. Richard Cuendet<\/em><\/strong>.<br \/>\nLe comit\u00e9 \u00e9tait compos\u00e9 de <strong><em>MM. Jean-Claude Mermoud, G\u00e9rard Bezen\u00e7on, Bernard Millioud, Jean-Louis Pahud et Mmes Annette Gindroz et Lily Huber.<\/em><\/strong><br \/>\nLes cotisations \u00e9taient fix\u00e9es \u00e0 :<\/p>\n<p><strong>&#8211; Chf 20.-<\/strong> pour les membres individuels<br \/>\n&#8211; <strong>Chf 50.-<\/strong> pour les personnes morales et les communes.<\/p>\n<p>On enregistrait <strong>96<\/strong> membres et le b\u00e9n\u00e9fice au 31 d\u00e9cembre se montait \u00e0 fr. 5&#8217;110.-.<br \/>\nPour l&#8217;histoire, la 1\u00e8re action de l&#8217;<strong>Association<\/strong> est l&#8217;achat d&#8217;une baignoire hydraulique pour un montant de Fr. 18&#8217;000.- en 1992.<br \/>\nLa m\u00eame ann\u00e9e, des discussions s&#8217;engagent pour l&#8217;organisation d&#8217;un marcheton, devenu <strong>March\u00e2teaux<\/strong> en 1997, dans le but de r\u00e9colter des fonds. En 2011, l&#8217;<strong>Association<\/strong> a f\u00eat\u00e9 ses 20 ans et son <strong>10\u00e8me March\u00e2teaux<\/strong>.<\/p>\n<p>Actuellement, le fonctionnement de l&#8217;<strong>Association<\/strong> est pratiquement le m\u00eame que par le pass\u00e9. Seuls les membres organisateurs changent avec toujours la m\u00eame volont\u00e9 de r\u00e9colter des fonds pour le bien-\u00eatre de nos R\u00e9sidents et de nos collaborateurs(trices).<br \/>\n<strong>Notre association compte \u00e0 ce jour environ 350 membres.<\/strong><\/p>\n<p>Le v\u00e9ritable moteur de l&#8217;<strong>Association<\/strong> reste ses membres, qui par leurs contributions financi\u00e8res, leurs id\u00e9es et leurs qualit\u00e9s humaines peuvent nous aider \u00e0 am\u00e9liorer la qualit\u00e9 de vie des R\u00e9sidents.<\/p>\n<p><strong><em>Nous serions heureux de vous compter parmi nous !<\/em><\/strong><\/p>\n<p><strong><a href=\"http:\/\/www.leschateaux.ch\/wp\/?page_id=1286\">Besoin de renseignements ? Cliquez ici &#8230;<\/a><\/strong><br \/>\n<strong>Demande d&#8217;adh\u00e9sion :<\/strong><\/p>\n<p><a href=\"https:\/\/www.leschateaux.ch\/wp\/wp-content\/uploads\/2024\/02\/Adhesion-Amis-Chateaux.pdf\"><strong>Devenez membre : flyers et QR code &#8211; cliquez ici&#8230;<\/strong><\/a><\/p>\n<p><strong><a href=\"https:\/\/www.leschateaux.ch\/wp\/wp-content\/uploads\/2026\/02\/Bulletin-adhesion.pdf\">Bulletin d&#8217;adh\u00e9sion &#8211; cliquez ici&#8230;<\/a><\/strong><\/p>\n<p><a href=\"https:\/\/www.leschateaux.ch\/wp\/wp-content\/uploads\/2024\/03\/CoverAdhesion.jpg\"><img loading=\"lazy\" decoding=\"async\" class=\"aligncenter wp-image-7859\" src=\"https:\/\/www.leschateaux.ch\/wp\/wp-content\/uploads\/2024\/03\/CoverAdhesion.jpg\" alt=\"\" width=\"206\" height=\"330\" srcset=\"https:\/\/www.leschateaux.ch\/wp\/wp-content\/uploads\/2024\/03\/CoverAdhesion.jpg 541w, https:\/\/www.leschateaux.ch\/wp\/wp-content\/uploads\/2024\/03\/CoverAdhesion-187x300.jpg 187w, https:\/\/www.leschateaux.ch\/wp\/wp-content\/uploads\/2024\/03\/CoverAdhesion-47x75.jpg 47w, https:\/\/www.leschateaux.ch\/wp\/wp-content\/uploads\/2024\/03\/CoverAdhesion-187x300@2x.jpg 374w\" sizes=\"auto, (max-width:767px) 206px, 206px\" \/><\/a><\/p>\n<p>&nbsp;<\/p>\n","protected":false},"excerpt":{"rendered":"<p>Association des Amis de la Fondation Les Ch\u00e2teaux L&#8217;Association des Amis de la Fondation a \u00e9t\u00e9 cr\u00e9\u00e9e le 18 juin 1991 sous la pr\u00e9sidence de M.<span class=\"excerpt-hellip\"> [\u2026]<\/span><\/p>\n","protected":false},"author":4,"featured_media":-1,"parent":1275,"menu_order":0,"comment_status":"closed","ping_status":"open","template":"","meta":{"footnotes":""},"class_list":["post-1267","page","type-page","status-publish","has-post-thumbnail","hentry"],"_links":{"self":[{"href":"https:\/\/www.leschateaux.ch\/index.php?rest_route=\/wp\/v2\/pages\/1267","targetHints":{"allow":["GET"]}}],"collection":[{"href":"https:\/\/www.leschateaux.ch\/index.php?rest_route=\/wp\/v2\/pages"}],"about":[{"href":"https:\/\/www.leschateaux.ch\/index.php?rest_route=\/wp\/v2\/types\/page"}],"author":[{"embeddable":true,"href":"https:\/\/www.leschateaux.ch\/index.php?rest_route=\/wp\/v2\/users\/4"}],"replies":[{"embeddable":true,"href":"https:\/\/www.leschateaux.ch\/index.php?rest_route=%2Fwp%2Fv2%2Fcomments&post=1267"}],"version-history":[{"count":10,"href":"https:\/\/www.leschateaux.ch\/index.php?rest_route=\/wp\/v2\/pages\/1267\/revisions"}],"predecessor-version":[{"id":9396,"href":"https:\/\/www.leschateaux.ch\/index.php?rest_route=\/wp\/v2\/pages\/1267\/revisions\/9396"}],"up":[{"embeddable":true,"href":"https:\/\/www.leschateaux.ch\/index.php?rest_route=\/wp\/v2\/pages\/1275"}],"wp:featuredmedia":[{"embeddable":true,"href":"https:\/\/www.leschateaux.ch\/index.php?rest_route=\/"}],"wp:attachment":[{"href":"https:\/\/www.leschateaux.ch\/index.php?rest_route=%2Fwp%2Fv2%2Fmedia&parent=1267"}],"curies":[{"name":"wp","href":"https:\/\/api.w.org\/{rel}","templated":true}]}}