{"id":1263,"date":"2013-09-24T22:43:22","date_gmt":"2013-09-24T21:43:22","guid":{"rendered":"http:\/\/www.leschateaux.ch\/wp\/?page_id=1263"},"modified":"2022-04-26T13:53:35","modified_gmt":"2022-04-26T11:53:35","slug":"maintenance-et-securite","status":"publish","type":"page","link":"https:\/\/www.leschateaux.ch\/?page_id=1263","title":{"rendered":"Maintenance et s\u00e9curit\u00e9"},"content":{"rendered":"<p>D\u00e8s l&#8217;entr\u00e9e, le <strong>service techniqu<\/strong>e se tient \u00e0 disposition du <em><strong>R\u00e9sident<\/strong><\/em> afin de l&#8217;aider dans l&#8217;am\u00e9nagement de sa chambre et de r\u00e9pondre au fur et mesure \u00e0 ses diverses demandes.<br \/>\nLes activit\u00e9s de ce service sont tr\u00e8s larges, car elles touchent autant \u00e0 la <strong>maintenance<\/strong> et aux <strong>r\u00e9parations<\/strong> des \u00e9quipements, qu&#8217;\u00e0 l&#8217;<strong>entretien<\/strong> et la <strong>transformation<\/strong> des infrastructures.Le service technique s&#8217;occupe aussi de l&#8217;entretien ext\u00e9rieur.<br \/>\nLe <strong><em>chef technique<\/em><\/strong> est \u00e9galement responsable de la <strong>s\u00e9curit\u00e9<\/strong>. Un <strong>EMS<\/strong> doit \u00eatre un lieu <strong>s\u00e9curis\u00e9<\/strong> (acc\u00e8s aux lieux, signalisation, mains-courantes, \u00e9quipement adapt\u00e9 aux diff\u00e9rents degr\u00e9s de pathologies, etc.) et r\u00e9pondre \u00e0 des lois et normes strictes cantonales et f\u00e9d\u00e9rales.<\/p>\n<p>Notre \u00e9tablissement est \u00e9quip\u00e9 d&#8217;un <strong>syst\u00e8me de d\u00e9tection d&#8217;incendie<\/strong> directement reli\u00e9 \u00e0 la centrale d&#8217;alarme des pompiers.<br \/>\nLe personnel est sensibilis\u00e9, au minimum une fois par ann\u00e9e, aux risques et \u00e0 la pr\u00e9vention du feu et \u00e0 la s\u00e9curit\u00e9 de mani\u00e8re plus large.<\/p>\n<p><strong>Julien Bocion<\/strong><br \/>\n<strong>Chef technique\u00a0<a href=\"http:\/\/www.leschateaux.ch\/wp\/wp-content\/uploads\/2013\/12\/800_4061_900p1.jpg\"><br \/>\n<\/a><img loading=\"lazy\" decoding=\"async\" class=\"alignnone wp-image-2802\" src=\"http:\/\/www.leschateaux.ch\/wp\/wp-content\/uploads\/2013\/06\/ems2.jpg\" alt=\"\" width=\"220\" height=\"220\" srcset=\"https:\/\/www.leschateaux.ch\/wp\/wp-content\/uploads\/2013\/06\/ems2.jpg 900w, https:\/\/www.leschateaux.ch\/wp\/wp-content\/uploads\/2013\/06\/ems2-150x150.jpg 150w, https:\/\/www.leschateaux.ch\/wp\/wp-content\/uploads\/2013\/06\/ems2-300x300.jpg 300w, https:\/\/www.leschateaux.ch\/wp\/wp-content\/uploads\/2013\/06\/ems2-768x768.jpg 768w, https:\/\/www.leschateaux.ch\/wp\/wp-content\/uploads\/2013\/06\/ems2-200x200.jpg 200w, https:\/\/www.leschateaux.ch\/wp\/wp-content\/uploads\/2013\/06\/ems2-300x300@2x.jpg 600w, https:\/\/www.leschateaux.ch\/wp\/wp-content\/uploads\/2013\/06\/ems2-200x200@2x.jpg 400w\" sizes=\"auto, (max-width:767px) 220px, 220px\" \/><\/strong><\/p>\n<p><strong><a href=\"mailto:tech.goum@leschateaux.org\">tech.goum@leschateaux.org<\/a><\/strong><\/p>\n<p><strong> t\u00e9l : 021 \/ 886 34 72<\/strong><br \/>\n<strong> fax : 021 \/ 886 35 34<\/strong><\/p>\n","protected":false},"excerpt":{"rendered":"<p>D\u00e8s l&#8217;entr\u00e9e, le service technique se tient \u00e0 disposition du R\u00e9sident afin de l&#8217;aider dans l&#8217;am\u00e9nagement de sa chambre et de r\u00e9pondre au fur et mesure<span class=\"excerpt-hellip\"> [\u2026]<\/span><\/p>\n","protected":false},"author":4,"featured_media":0,"parent":1230,"menu_order":6,"comment_status":"closed","ping_status":"open","template":"","meta":{"footnotes":""},"class_list":["post-1263","page","type-page","status-publish","hentry"],"_links":{"self":[{"href":"https:\/\/www.leschateaux.ch\/index.php?rest_route=\/wp\/v2\/pages\/1263","targetHints":{"allow":["GET"]}}],"collection":[{"href":"https:\/\/www.leschateaux.ch\/index.php?rest_route=\/wp\/v2\/pages"}],"about":[{"href":"https:\/\/www.leschateaux.ch\/index.php?rest_route=\/wp\/v2\/types\/page"}],"author":[{"embeddable":true,"href":"https:\/\/www.leschateaux.ch\/index.php?rest_route=\/wp\/v2\/users\/4"}],"replies":[{"embeddable":true,"href":"https:\/\/www.leschateaux.ch\/index.php?rest_route=%2Fwp%2Fv2%2Fcomments&post=1263"}],"version-history":[{"count":8,"href":"https:\/\/www.leschateaux.ch\/index.php?rest_route=\/wp\/v2\/pages\/1263\/revisions"}],"predecessor-version":[{"id":6314,"href":"https:\/\/www.leschateaux.ch\/index.php?rest_route=\/wp\/v2\/pages\/1263\/revisions\/6314"}],"up":[{"embeddable":true,"href":"https:\/\/www.leschateaux.ch\/index.php?rest_route=\/wp\/v2\/pages\/1230"}],"wp:attachment":[{"href":"https:\/\/www.leschateaux.ch\/index.php?rest_route=%2Fwp%2Fv2%2Fmedia&parent=1263"}],"curies":[{"name":"wp","href":"https:\/\/api.w.org\/{rel}","templated":true}]}}