{"id":1258,"date":"2013-09-24T22:40:53","date_gmt":"2013-09-24T21:40:53","guid":{"rendered":"http:\/\/www.leschateaux.ch\/wp\/?page_id=1258"},"modified":"2025-04-08T10:42:09","modified_gmt":"2025-04-08T08:42:09","slug":"service-hotelier-cafeteria","status":"publish","type":"page","link":"https:\/\/www.leschateaux.ch\/?page_id=1258","title":{"rendered":"SERVICE H\u00d4TELIER &#8211; Caf\u00e9t\u00e9ria"},"content":{"rendered":"<p>La caf\u00e9t\u00e9ria est ouverte au public. Elle propose un assortiment de boissons chaudes et froides, <strong>un menu de midi 7\/7<\/strong>,\u00a0ainsi qu&#8217;un distributeur \u00e0 disposition en dehors des heures d&#8217;ouvertures.<br \/>\nUn choix de menus est \u00e9galement possible pour des \u00e9v\u00e8nements particuliers.<\/p>\n<p>La caf\u00e9t\u00e9ria se fera un plaisir de vous servir\u00a0 :<br \/>\n<table class=\"omsc-custom-table omsc-style-1\"><tr><td><strong>du lundi au dimanche de 10h45 \u00e0 17h15.<\/strong><\/td><\/tr><\/table><\/p>\n<p>Les familles et les proches sont toujours les bienvenus et peuvent prendre leur repas de midi avec les R\u00e9sidents, en ayant soin de r\u00e9server 24 heures \u00e0 l&#8217;avance \u00e0 la caf\u00e9t\u00e9ria.<br \/>\nDurant la belle saison, la magnifique terrasse ombrag\u00e9e invite \u00e0 aller partager une boisson et passer un bon moment dehors.<br \/>\nUne place de jeux est \u00e0 disposition des enfants.<\/p>\n<p><strong>Fabiola Michaud<\/strong><br \/>\n<strong>Responsable de la caf\u00e9t\u00e9ria<\/strong><\/p>\n<p><strong><a href=\"mailto:info@leschateaux.org\">info@leschateaux.org<\/a><\/strong><br \/>\n<strong>t\u00e9l : 021 \/ 886 34 80<\/strong><br \/>\n<strong> fax : 021 \/ 886 35 34<br \/>\n<\/strong><br \/>\n<img loading=\"lazy\" decoding=\"async\" class=\"alignnone wp-image-1933\" src=\"http:\/\/www.leschateaux.ch\/wp\/wp-content\/uploads\/2014\/04\/divers_goumoens-030-300x200.jpg\" alt=\"divers_goumoens-030\" width=\"400\" height=\"267\" srcset=\"https:\/\/www.leschateaux.ch\/wp\/wp-content\/uploads\/2014\/04\/divers_goumoens-030-300x200.jpg 300w, https:\/\/www.leschateaux.ch\/wp\/wp-content\/uploads\/2014\/04\/divers_goumoens-030.jpg 900w\" sizes=\"auto, (max-width:767px) 400px, 400px\" \/><br \/>\n<strong><br \/>\n<\/strong><\/p>\n","protected":false},"excerpt":{"rendered":"<p>La caf\u00e9t\u00e9ria est ouverte au public. Elle propose un assortiment de boissons chaudes et froides, un menu de midi 7\/7,\u00a0ainsi qu&#8217;un distributeur \u00e0 disposition en dehors<span class=\"excerpt-hellip\"> [\u2026]<\/span><\/p>\n","protected":false},"author":4,"featured_media":0,"parent":2174,"menu_order":3,"comment_status":"closed","ping_status":"closed","template":"","meta":{"footnotes":""},"class_list":["post-1258","page","type-page","status-publish","hentry"],"_links":{"self":[{"href":"https:\/\/www.leschateaux.ch\/index.php?rest_route=\/wp\/v2\/pages\/1258","targetHints":{"allow":["GET"]}}],"collection":[{"href":"https:\/\/www.leschateaux.ch\/index.php?rest_route=\/wp\/v2\/pages"}],"about":[{"href":"https:\/\/www.leschateaux.ch\/index.php?rest_route=\/wp\/v2\/types\/page"}],"author":[{"embeddable":true,"href":"https:\/\/www.leschateaux.ch\/index.php?rest_route=\/wp\/v2\/users\/4"}],"replies":[{"embeddable":true,"href":"https:\/\/www.leschateaux.ch\/index.php?rest_route=%2Fwp%2Fv2%2Fcomments&post=1258"}],"version-history":[{"count":11,"href":"https:\/\/www.leschateaux.ch\/index.php?rest_route=\/wp\/v2\/pages\/1258\/revisions"}],"predecessor-version":[{"id":8699,"href":"https:\/\/www.leschateaux.ch\/index.php?rest_route=\/wp\/v2\/pages\/1258\/revisions\/8699"}],"up":[{"embeddable":true,"href":"https:\/\/www.leschateaux.ch\/index.php?rest_route=\/wp\/v2\/pages\/2174"}],"wp:attachment":[{"href":"https:\/\/www.leschateaux.ch\/index.php?rest_route=%2Fwp%2Fv2%2Fmedia&parent=1258"}],"curies":[{"name":"wp","href":"https:\/\/api.w.org\/{rel}","templated":true}]}}