{"id":1253,"date":"2013-09-24T22:38:28","date_gmt":"2013-09-24T21:38:28","guid":{"rendered":"http:\/\/www.leschateaux.ch\/wp\/?page_id=1253"},"modified":"2022-05-12T10:08:22","modified_gmt":"2022-05-12T08:08:22","slug":"service-hotelier-gestionnaire-en-intendance-gei","status":"publish","type":"page","link":"https:\/\/www.leschateaux.ch\/?page_id=1253","title":{"rendered":"SERVICE H\u00d4TELIER &#8211; Gestionnaire en intendance (GEI)"},"content":{"rendered":"<p>Les <strong>GEI<\/strong> conduisent des activit\u00e9s d&#8217;entretien et de gestion dans un EMS. Ils planifient, ex\u00e9cutent ou supervisent diverses activit\u00e9s comme l&#8217;alimentation, la restauration, la d\u00e9coration de l&#8217;habitat, l&#8217;entretien des locaux et du linge.<\/p>\n<p>Ils\u00a0assurent l&#8217;accueil et le service, ainsi que diverses t\u00e2ches administratives.\u00a0Ils sont \u00e9galement actifs dans les domaines de la sant\u00e9 et du social.<\/p>\n<p>Les <strong>GEI<\/strong> effectuent leur travail de mani\u00e8re autonome en tenant compte des aspects \u00e9conomiques et \u00e9cologiques. En collaboration avec le service de l&#8217;animation, ils organisent et pr\u00e9parent des manifestations sp\u00e9ciales.<\/p>\n<p>Leurs t\u00e2ches sont vari\u00e9es mais il s&#8217;agit dans tous les cas d&#8217;assurer une ambiance chaleureuse et accueillante pour les R\u00e9sidents, les invit\u00e9s et les proches et de veiller \u00e0 la propret\u00e9 et au bien-\u00eatre.<\/p>\n<p>Le <strong>personnel de maison<\/strong> assure quotidiennement un <strong>entretien professionnel et m\u00e9ticuleux des lieux en g\u00e9n\u00e9ral<\/strong>, et particuli\u00e8rement des chambres. Il participe activement \u00e0 la s\u00e9curit\u00e9 et \u00e0 l&#8217;autonomie des R\u00e9sidents par leur pr\u00e9sence, <strong>tout en respectant leur intimit\u00e9, le rythme de vie et l\u2019environnement.<\/strong><\/p>\n<p><strong>Cristina Bento<br \/>\nresponsable g\u00e9n\u00e9rale de l&#8217;intendance<br \/>\n<img loading=\"lazy\" decoding=\"async\" class=\"alignleft wp-image-6345\" src=\"https:\/\/www.leschateaux.ch\/wp\/wp-content\/uploads\/2022\/05\/LesChateaux-Team2022-061_ppNB.jpg\" alt=\"\" width=\"200\" height=\"200\" srcset=\"https:\/\/www.leschateaux.ch\/wp\/wp-content\/uploads\/2022\/05\/LesChateaux-Team2022-061_ppNB.jpg 960w, https:\/\/www.leschateaux.ch\/wp\/wp-content\/uploads\/2022\/05\/LesChateaux-Team2022-061_ppNB-150x150@2x.jpg 300w, https:\/\/www.leschateaux.ch\/wp\/wp-content\/uploads\/2022\/05\/LesChateaux-Team2022-061_ppNB-150x150.jpg 150w, https:\/\/www.leschateaux.ch\/wp\/wp-content\/uploads\/2022\/05\/LesChateaux-Team2022-061_ppNB-146x146.jpg 146w, https:\/\/www.leschateaux.ch\/wp\/wp-content\/uploads\/2022\/05\/LesChateaux-Team2022-061_ppNB-50x50.jpg 50w, https:\/\/www.leschateaux.ch\/wp\/wp-content\/uploads\/2022\/05\/LesChateaux-Team2022-061_ppNB-75x75.jpg 75w, https:\/\/www.leschateaux.ch\/wp\/wp-content\/uploads\/2022\/05\/LesChateaux-Team2022-061_ppNB-85x85.jpg 85w, https:\/\/www.leschateaux.ch\/wp\/wp-content\/uploads\/2022\/05\/LesChateaux-Team2022-061_ppNB-80x80.jpg 80w, https:\/\/www.leschateaux.ch\/wp\/wp-content\/uploads\/2022\/05\/LesChateaux-Team2022-061_ppNB-300x300@2x.jpg 600w\" sizes=\"auto, (max-width:767px) 200px, 200px\" \/><br \/>\n<\/strong><\/p>\n<p>&nbsp;<\/p>\n<p>&nbsp;<\/p>\n<p>&nbsp;<\/p>\n<p>&nbsp;<\/p>\n<p>&nbsp;<\/p>\n<p><a href=\"mailto:goumoens@leschateaux.org\"><strong>c.bento@leschateaux.org<\/strong><\/a><br \/>\n<strong>t\u00e9l : 021 \/ 886 34 66<\/strong><br \/>\n<strong> fax : 021 \/ 886 35 34<br \/>\n<\/strong><br \/>\n<img loading=\"lazy\" decoding=\"async\" class=\"alignnone wp-image-1962\" src=\"http:\/\/www.leschateaux.ch\/wp\/wp-content\/uploads\/2014\/04\/divers_goumoens-0341.jpg\" alt=\"divers_goumoens-034\" width=\"400\" height=\"267\" srcset=\"https:\/\/www.leschateaux.ch\/wp\/wp-content\/uploads\/2014\/04\/divers_goumoens-0341.jpg 900w, https:\/\/www.leschateaux.ch\/wp\/wp-content\/uploads\/2014\/04\/divers_goumoens-0341-300x200.jpg 300w\" sizes=\"auto, (max-width:767px) 400px, 400px\" \/><strong><br \/>\n<\/strong><\/p>\n","protected":false},"excerpt":{"rendered":"<p>Les GEI conduisent des activit\u00e9s d&#8217;entretien et de gestion dans un EMS. Ils planifient, ex\u00e9cutent ou supervisent diverses activit\u00e9s comme l&#8217;alimentation, la restauration, la d\u00e9coration de<span class=\"excerpt-hellip\"> [\u2026]<\/span><\/p>\n","protected":false},"author":4,"featured_media":0,"parent":2174,"menu_order":2,"comment_status":"closed","ping_status":"open","template":"","meta":{"footnotes":""},"class_list":["post-1253","page","type-page","status-publish","hentry"],"_links":{"self":[{"href":"https:\/\/www.leschateaux.ch\/index.php?rest_route=\/wp\/v2\/pages\/1253","targetHints":{"allow":["GET"]}}],"collection":[{"href":"https:\/\/www.leschateaux.ch\/index.php?rest_route=\/wp\/v2\/pages"}],"about":[{"href":"https:\/\/www.leschateaux.ch\/index.php?rest_route=\/wp\/v2\/types\/page"}],"author":[{"embeddable":true,"href":"https:\/\/www.leschateaux.ch\/index.php?rest_route=\/wp\/v2\/users\/4"}],"replies":[{"embeddable":true,"href":"https:\/\/www.leschateaux.ch\/index.php?rest_route=%2Fwp%2Fv2%2Fcomments&post=1253"}],"version-history":[{"count":6,"href":"https:\/\/www.leschateaux.ch\/index.php?rest_route=\/wp\/v2\/pages\/1253\/revisions"}],"predecessor-version":[{"id":6354,"href":"https:\/\/www.leschateaux.ch\/index.php?rest_route=\/wp\/v2\/pages\/1253\/revisions\/6354"}],"up":[{"embeddable":true,"href":"https:\/\/www.leschateaux.ch\/index.php?rest_route=\/wp\/v2\/pages\/2174"}],"wp:attachment":[{"href":"https:\/\/www.leschateaux.ch\/index.php?rest_route=%2Fwp%2Fv2%2Fmedia&parent=1253"}],"curies":[{"name":"wp","href":"https:\/\/api.w.org\/{rel}","templated":true}]}}