{"id":1251,"date":"2013-09-24T22:37:37","date_gmt":"2013-09-24T21:37:37","guid":{"rendered":"http:\/\/www.leschateaux.ch\/wp\/?page_id=1251"},"modified":"2024-02-22T17:35:37","modified_gmt":"2024-02-22T15:35:37","slug":"service-hotelier-cuisine","status":"publish","type":"page","link":"https:\/\/www.leschateaux.ch\/?page_id=1251","title":{"rendered":"SERVICE H\u00d4TELIER &#8211; Cuisine"},"content":{"rendered":"<p>La cuisine joue un grand r\u00f4le dans notre \u00e9tablissement. Instants riches en \u00e9motions, les repas constituent un moment important pour le bien-\u00eatre du <strong>R\u00e9sident<\/strong>.<br \/>\nLe chef de cuisine et sa brigade mettent tout en \u0153uvre pour offrir des repas de qualit\u00e9, sains et \u00e9quilibr\u00e9s, en tenant compte, dans la mesure du possible, des go\u00fbts et des d\u00e9sirs des <strong>R\u00e9sidents<\/strong>, ainsi que de leur pathologie.<\/p>\n<p>Notre brigade est compos\u00e9e de cuisiniers professionnels, \u00e0 l&#8217;exp\u00e9rience diversifi\u00e9e et compl\u00e9mentaire, d&#8217;aides de cuisine et d&#8217;apprentis, ce qui permet la cr\u00e9ation d&#8217;une palette \u00e9tendue de mets, dont la qualit\u00e9 est constamment \u00e9valu\u00e9e et am\u00e9lior\u00e9e.<\/p>\n<p>Une communication efficace avec le <strong>R\u00e9sident<\/strong> est le lien essentiel qui permet l&#8217;am\u00e9lioration continue de notre cuisine. A l&#8217;entr\u00e9e d&#8217;un nouveau <strong>R\u00e9sident<\/strong>, un entretien permet de conna\u00eetre ses habitudes alimentaires.<\/p>\n<p>Les repas sont pris \u00e0 la salle \u00e0 manger ou en chambre selon la situation. (<a title=\"Repas \u00e0 Goumouens\" href=\"http:\/\/www.leschateaux.ch\/wp\/?page_id=1849\"><em>voir les menus<\/em><\/a>)<br \/>\nLes horaires sont les suivants :<\/p>\n<p><strong>Petit-d\u00e9jeuner \u00e0 partir de 7h30<\/strong><br \/>\n<strong> D\u00eener \u00e0 12h<\/strong><br \/>\n<strong> Souper \u00e0 18h<\/strong><\/p>\n<p>La cuisine a volontairement mis en place un programme d&#8217;analyses d&#8217;hygi\u00e8ne par ARQHA.<\/p>\n<p><strong>Amorn SAPPRASURT<br \/>\nChef de cuisine<\/strong><\/p>\n<p><a href=\"mailto:m.turrian@leschateaux.org\"><strong><br \/>\ncuisine.goum@leschateaux.org<\/strong><\/a><br \/>\n<strong>t\u00e9l : 021 \/ 886 34 61<\/strong><br \/>\n<strong> fax :\u00a0 021 \/ 886 34 64<br \/>\n<\/strong><br \/>\n<img loading=\"lazy\" decoding=\"async\" class=\"alignnone wp-image-1928 size-medium\" src=\"http:\/\/www.leschateaux.ch\/wp\/wp-content\/uploads\/2014\/04\/divers_goumoens-025-300x200.jpg\" alt=\"divers_goumoens-025\" width=\"300\" height=\"200\" srcset=\"https:\/\/www.leschateaux.ch\/wp\/wp-content\/uploads\/2014\/04\/divers_goumoens-025-300x200.jpg 300w, https:\/\/www.leschateaux.ch\/wp\/wp-content\/uploads\/2014\/04\/divers_goumoens-025.jpg 900w\" sizes=\"auto, (max-width:767px) 300px, 300px\" \/><strong><br \/>\n<\/strong><\/p>\n","protected":false},"excerpt":{"rendered":"<p>La cuisine joue un grand r\u00f4le dans notre \u00e9tablissement. Instants riches en \u00e9motions, les repas constituent un moment important pour le bien-\u00eatre du R\u00e9sident. Le chef<span class=\"excerpt-hellip\"> [\u2026]<\/span><\/p>\n","protected":false},"author":4,"featured_media":0,"parent":2174,"menu_order":1,"comment_status":"open","ping_status":"closed","template":"","meta":{"footnotes":""},"class_list":["post-1251","page","type-page","status-publish","hentry"],"_links":{"self":[{"href":"https:\/\/www.leschateaux.ch\/index.php?rest_route=\/wp\/v2\/pages\/1251","targetHints":{"allow":["GET"]}}],"collection":[{"href":"https:\/\/www.leschateaux.ch\/index.php?rest_route=\/wp\/v2\/pages"}],"about":[{"href":"https:\/\/www.leschateaux.ch\/index.php?rest_route=\/wp\/v2\/types\/page"}],"author":[{"embeddable":true,"href":"https:\/\/www.leschateaux.ch\/index.php?rest_route=\/wp\/v2\/users\/4"}],"replies":[{"embeddable":true,"href":"https:\/\/www.leschateaux.ch\/index.php?rest_route=%2Fwp%2Fv2%2Fcomments&post=1251"}],"version-history":[{"count":7,"href":"https:\/\/www.leschateaux.ch\/index.php?rest_route=\/wp\/v2\/pages\/1251\/revisions"}],"predecessor-version":[{"id":7801,"href":"https:\/\/www.leschateaux.ch\/index.php?rest_route=\/wp\/v2\/pages\/1251\/revisions\/7801"}],"up":[{"embeddable":true,"href":"https:\/\/www.leschateaux.ch\/index.php?rest_route=\/wp\/v2\/pages\/2174"}],"wp:attachment":[{"href":"https:\/\/www.leschateaux.ch\/index.php?rest_route=%2Fwp%2Fv2%2Fmedia&parent=1251"}],"curies":[{"name":"wp","href":"https:\/\/api.w.org\/{rel}","templated":true}]}}