{"id":1244,"date":"2013-09-24T22:34:51","date_gmt":"2013-09-24T21:34:51","guid":{"rendered":"http:\/\/www.leschateaux.ch\/wp\/?page_id=1244"},"modified":"2020-07-16T14:01:22","modified_gmt":"2020-07-16T12:01:22","slug":"suivi-infirmier","status":"publish","type":"page","link":"https:\/\/www.leschateaux.ch\/?page_id=1244","title":{"rendered":"Suivi infirmier"},"content":{"rendered":"<p><strong>La priorit\u00e9 de l&#8217;institution \u00e9tant le bien-\u00eatre et les besoins sp\u00e9cifiques des R\u00e9sidents, <\/strong>tous les collaborateurs(trices) s&#8217;efforcent d&#8217;y r\u00e9pondre tout en respectant leurs rythmes.<\/p>\n<p>La dotation des \u00e9quipes correspondent aux <strong>normes CIVESS<\/strong> (Coordination interservices de visites en \u00e9tablissements sanitaires et sociaux).<br \/>\nElles sont compos\u00e9es d&#8217;aides-infirmiers(\u00e8res) certifi\u00e9s(es) Croix-Rouge, d&#8217;Assistants(es) en Soins et Sant\u00e9 Communautaire (ASSC), d&#8217;infirmiers(\u00e8res) assistants(es) et d&#8217;infirmiers(\u00e8res) dipl\u00f4m\u00e9s(es).<\/p>\n<p>Le Concept d&#8217;accompagnement et de soins fait partie int\u00e9grante de la mission de notre institution. Le personnel, tous secteurs confondus, s&#8217;y r\u00e9f\u00e8re dans tous les actes de la vie quotidienne.<\/p>\n<p>L&#8217;Infirmi\u00e8re cheffe a principalement un r\u00f4le de planification, d&#8217;organisation des soins et de gestion d&#8217;\u00e9quipe. Elle travaille en relation avec les autres services internes et externes pour <strong>le bien-\u00eatre des R\u00e9sidents et de leur famille<\/strong>.<\/p>\n<div class=\"omsc-one-half\"><div class=\"clear\"><\/div><\/div>\n<p><strong>Raquel Suarez<br \/>\nInfirmi\u00e8re cheffe de Goumoens-la-Ville<\/strong><br \/>\n<img loading=\"lazy\" decoding=\"async\" class=\"alignnone wp-image-2687\" src=\"http:\/\/www.leschateaux.ch\/wp\/wp-content\/uploads\/2013\/06\/800_2443_900p.jpg\" alt=\"800_2443_900p\" width=\"200\" height=\"200\" srcset=\"https:\/\/www.leschateaux.ch\/wp\/wp-content\/uploads\/2013\/06\/800_2443_900p.jpg 900w, https:\/\/www.leschateaux.ch\/wp\/wp-content\/uploads\/2013\/06\/800_2443_900p-150x150.jpg 150w, https:\/\/www.leschateaux.ch\/wp\/wp-content\/uploads\/2013\/06\/800_2443_900p-300x300.jpg 300w, https:\/\/www.leschateaux.ch\/wp\/wp-content\/uploads\/2013\/06\/800_2443_900p-768x768.jpg 768w, https:\/\/www.leschateaux.ch\/wp\/wp-content\/uploads\/2013\/06\/800_2443_900p-200x200.jpg 200w, https:\/\/www.leschateaux.ch\/wp\/wp-content\/uploads\/2013\/06\/800_2443_900p-300x300@2x.jpg 600w, https:\/\/www.leschateaux.ch\/wp\/wp-content\/uploads\/2013\/06\/800_2443_900p-200x200@2x.jpg 400w\" sizes=\"auto, (max-width:767px) 200px, 200px\" \/><\/p>\n<p><strong><a href=\"mailto:ic.goum@leschateaux.org\">ic.goum@leschateaux.org<\/a><\/strong><br \/>\nt\u00e9l : <strong>021 \/ 886 35 71<\/strong><br \/>\nfax : <strong>021 \/ 886 35 34<\/strong><\/p>\n<div class=\"blockquote\"><blockquote class=\"mfn-inline-editor\">La prise en charge des R\u00e9sidents sur le plan global nous tient \u00e0 c\u0153ur. Une collaboration \u00e9troite est \u00e9tablie entre les unit\u00e9s et les familles afin d&#8217;assurer le bien-\u00eatre et la s\u00e9curit\u00e9 des R\u00e9sidents. Notre priorit\u00e9 est de fournir des soins de qualit\u00e9 dans le respect et la dignit\u00e9.<\/blockquote><\/div>\n\n","protected":false},"excerpt":{"rendered":"<p>La priorit\u00e9 de l&#8217;institution \u00e9tant le bien-\u00eatre et les besoins sp\u00e9cifiques des R\u00e9sidents, tous les collaborateurs(trices) s&#8217;efforcent d&#8217;y r\u00e9pondre tout en respectant leurs rythmes. La dotation<span class=\"excerpt-hellip\"> [\u2026]<\/span><\/p>\n","protected":false},"author":4,"featured_media":0,"parent":1230,"menu_order":3,"comment_status":"open","ping_status":"open","template":"","meta":{"footnotes":""},"class_list":["post-1244","page","type-page","status-publish","hentry"],"_links":{"self":[{"href":"https:\/\/www.leschateaux.ch\/index.php?rest_route=\/wp\/v2\/pages\/1244","targetHints":{"allow":["GET"]}}],"collection":[{"href":"https:\/\/www.leschateaux.ch\/index.php?rest_route=\/wp\/v2\/pages"}],"about":[{"href":"https:\/\/www.leschateaux.ch\/index.php?rest_route=\/wp\/v2\/types\/page"}],"author":[{"embeddable":true,"href":"https:\/\/www.leschateaux.ch\/index.php?rest_route=\/wp\/v2\/users\/4"}],"replies":[{"embeddable":true,"href":"https:\/\/www.leschateaux.ch\/index.php?rest_route=%2Fwp%2Fv2%2Fcomments&post=1244"}],"version-history":[{"count":6,"href":"https:\/\/www.leschateaux.ch\/index.php?rest_route=\/wp\/v2\/pages\/1244\/revisions"}],"predecessor-version":[{"id":5154,"href":"https:\/\/www.leschateaux.ch\/index.php?rest_route=\/wp\/v2\/pages\/1244\/revisions\/5154"}],"up":[{"embeddable":true,"href":"https:\/\/www.leschateaux.ch\/index.php?rest_route=\/wp\/v2\/pages\/1230"}],"wp:attachment":[{"href":"https:\/\/www.leschateaux.ch\/index.php?rest_route=%2Fwp%2Fv2%2Fmedia&parent=1244"}],"curies":[{"name":"wp","href":"https:\/\/api.w.org\/{rel}","templated":true}]}}