{"id":1242,"date":"2013-09-24T22:33:49","date_gmt":"2013-09-24T21:33:49","guid":{"rendered":"http:\/\/www.leschateaux.ch\/wp\/?page_id=1242"},"modified":"2017-09-05T14:24:36","modified_gmt":"2017-09-05T12:24:36","slug":"suivi-medical","status":"publish","type":"page","link":"https:\/\/www.leschateaux.ch\/?page_id=1242","title":{"rendered":"Suivi m\u00e9dical"},"content":{"rendered":"<p>Chaque site a un m\u00e9decin responsable qui effectue une visite hebdomadaire mais intervient \u00e9galement sur appel.<br \/>\nEn cas de besoin, les \u00e9quipes mobiles soins palliatifs et psychiatrie sont \u00e0 disposition.<\/p>\n<p>Les diagnostics, les traitements m\u00e9dicamenteux et les effets secondaires sont expliqu\u00e9s aux R\u00e9sidents de mani\u00e8re syst\u00e9matique.<\/p>\n<p><strong>Un service de piquet est assur\u00e9 24 heures sur 24 et 7 jours sur 7<\/strong>.<br \/>\nN\u00e9anmoins le R\u00e9sident a la possibilit\u00e9 de garder son propre m\u00e9decin.<\/p>\n<div class=\"omsc-one-half\">\n<p><strong><strong>Dresse Isabelle Tran Mottaz<br \/>\nm\u00e9decin responsable Goumoens<\/strong><br \/>\n<img loading=\"lazy\" decoding=\"async\" class=\"alignnone wp-image-1828\" src=\"http:\/\/www.leschateaux.ch\/wp\/wp-content\/uploads\/2013\/09\/isabelle_tran-mottaz900p2.jpg\" alt=\"isabelle_tran-mottaz900p2\" width=\"200\" height=\"200\" srcset=\"https:\/\/www.leschateaux.ch\/wp\/wp-content\/uploads\/2013\/09\/isabelle_tran-mottaz900p2.jpg 900w, https:\/\/www.leschateaux.ch\/wp\/wp-content\/uploads\/2013\/09\/isabelle_tran-mottaz900p2-150x150.jpg 150w, https:\/\/www.leschateaux.ch\/wp\/wp-content\/uploads\/2013\/09\/isabelle_tran-mottaz900p2-300x300.jpg 300w, https:\/\/www.leschateaux.ch\/wp\/wp-content\/uploads\/2013\/09\/isabelle_tran-mottaz900p2-200x200.jpg 200w\" sizes=\"auto, (max-width:767px) 200px, 200px\" \/><\/strong><br \/>\n<div class=\"clear\"><\/div><\/div><div class=\"omsc-one-half\"><div class=\"clear\"><\/div><\/div>\n<p><strong><strong>Dr Christian Deriaz<br \/>\nrempla\u00e7ant<\/strong><a href=\"http:\/\/www.leschateaux.ch\/wp\/wp-content\/uploads\/2013\/06\/Slider-images-4.jpg\"><br \/>\n<\/a><img loading=\"lazy\" decoding=\"async\" class=\"alignnone wp-image-1598 size-full\" src=\"http:\/\/www.leschateaux.ch\/wp\/wp-content\/uploads\/2013\/12\/avatar_homme.jpg\" alt=\"avatar_homme\" width=\"200\" height=\"200\" srcset=\"https:\/\/www.leschateaux.ch\/wp\/wp-content\/uploads\/2013\/12\/avatar_homme.jpg 200w, https:\/\/www.leschateaux.ch\/wp\/wp-content\/uploads\/2013\/12\/avatar_homme-150x150.jpg 150w\" sizes=\"auto, (max-width:767px) 200px, 200px\" \/><\/strong><\/p>\n","protected":false},"excerpt":{"rendered":"<p>Chaque site a un m\u00e9decin responsable qui effectue une visite hebdomadaire mais intervient \u00e9galement sur appel. En cas de besoin, les \u00e9quipes mobiles soins palliatifs et<span class=\"excerpt-hellip\"> [\u2026]<\/span><\/p>\n","protected":false},"author":4,"featured_media":0,"parent":1230,"menu_order":2,"comment_status":"closed","ping_status":"open","template":"","meta":{"footnotes":""},"class_list":["post-1242","page","type-page","status-publish","hentry"],"_links":{"self":[{"href":"https:\/\/www.leschateaux.ch\/index.php?rest_route=\/wp\/v2\/pages\/1242","targetHints":{"allow":["GET"]}}],"collection":[{"href":"https:\/\/www.leschateaux.ch\/index.php?rest_route=\/wp\/v2\/pages"}],"about":[{"href":"https:\/\/www.leschateaux.ch\/index.php?rest_route=\/wp\/v2\/types\/page"}],"author":[{"embeddable":true,"href":"https:\/\/www.leschateaux.ch\/index.php?rest_route=\/wp\/v2\/users\/4"}],"replies":[{"embeddable":true,"href":"https:\/\/www.leschateaux.ch\/index.php?rest_route=%2Fwp%2Fv2%2Fcomments&post=1242"}],"version-history":[{"count":1,"href":"https:\/\/www.leschateaux.ch\/index.php?rest_route=\/wp\/v2\/pages\/1242\/revisions"}],"predecessor-version":[{"id":2994,"href":"https:\/\/www.leschateaux.ch\/index.php?rest_route=\/wp\/v2\/pages\/1242\/revisions\/2994"}],"up":[{"embeddable":true,"href":"https:\/\/www.leschateaux.ch\/index.php?rest_route=\/wp\/v2\/pages\/1230"}],"wp:attachment":[{"href":"https:\/\/www.leschateaux.ch\/index.php?rest_route=%2Fwp%2Fv2%2Fmedia&parent=1242"}],"curies":[{"name":"wp","href":"https:\/\/api.w.org\/{rel}","templated":true}]}}