{"id":1238,"date":"2013-09-24T22:30:23","date_gmt":"2013-09-24T21:30:23","guid":{"rendered":"http:\/\/www.leschateaux.ch\/wp\/?page_id=1238"},"modified":"2021-07-27T07:46:58","modified_gmt":"2021-07-27T05:46:58","slug":"presentation","status":"publish","type":"page","link":"https:\/\/www.leschateaux.ch\/?page_id=1238","title":{"rendered":"Pr\u00e9sentation"},"content":{"rendered":"<div class=\"wpb-content-wrapper\"><p>[vc_row][vc_column][\/vc_column][\/vc_row][vc_row][vc_column][vc_column_text]<strong>De 1984 \u00e0 aujourd&#8217;hui<\/strong>, d&#8217;importants travaux ont \u00e9t\u00e9 r\u00e9alis\u00e9s au <strong>&#8220;Ch\u00e2teau&#8221;<\/strong>, \u00e0 commencer par la cr\u00e9ation d&#8217;un parking dans le jardin potager, l&#8217;am\u00e9nagement de chemins dans le parc, suivis de la transformation int\u00e9rieure des b\u00e2timents.<\/p>\n<p><strong>Le Ch\u00e2teau de Goumoens-la-Ville<\/strong>, situ\u00e9 \u00e0 3 km d&#8217;Echallens, est int\u00e9gr\u00e9 au village et jouit d&#8217;une vue imprenable sur <strong>les Alpes<\/strong> ainsi que <strong>le Mont-Blanc<\/strong>. Il dispose d&#8217;un <strong>jardin magnifiquement arboris\u00e9<\/strong> et d&#8217;un <strong>parc avec animaux<\/strong> mettant en valeur tout le charme de la campagne. Il est desservi par la route et le car postal.<\/p>\n<p>Le site compte <strong>trois unit\u00e9s de soins<\/strong> en longs s\u00e9jours, pour une capacit\u00e9 d&#8217;accueil de <strong>56 lits<\/strong>.<br \/>\nLes unit\u00e9s <em><strong>&#8220;Arc-en-ciel&#8221;<\/strong><\/em> et <em><strong>&#8220;Chat-Bott\u00e9&#8221;<\/strong><\/em> sont des <strong>unit\u00e9s g\u00e9riatriques<\/strong> et <strong><em>&#8220;L&#8217;Aube&#8221;<\/em><\/strong> est une <strong>unit\u00e9 pour la psychiatrie de l&#8217;Age Avanc\u00e9<\/strong>.<br \/>\n<strong>Les chambres<\/strong> (<strong>16 individuelles et 20 doubles<\/strong>) sont \u00e9quip\u00e9es d&#8217;un lavabo, d&#8217;une armoire, d&#8217;un lit m\u00e9dicalis\u00e9 et d&#8217;une table de nuit. Certaines chambres disposent d&#8217;un wc et d&#8217;une douche. Les meubles sont apport\u00e9s par le R\u00e9sident.<br \/>\nLes diff\u00e9rents locaux abritent les <strong>salles \u00e0 manger<\/strong> des unit\u00e9s, la <strong>salle d&#8217;animation<\/strong>, le <strong>salon de coiffure<\/strong>, la <strong>r\u00e9ception<\/strong>, le <strong>local technique<\/strong>, la <strong>cuisine<\/strong> et la <strong>caf\u00e9t\u00e9ria &#8211; terrasse<\/strong>.<\/p>\n\n\t\t\t<style type='text\/css'>\n\t\t\t\t#sc_gallery-1 {\n\t\t\t\t\tmargin: auto;\n\t\t\t\t}\n\t\t\t\t#sc_gallery-1 .gallery-item {\n\t\t\t\t\tfloat: left;\n\t\t\t\t\ttext-align: center;\n\t\t\t\t\twidth: 19.99%;\n\t\t\t\t}\n\t\t\t\t#sc_gallery-1 img {\n\t\t\t\t\tborder: 2px solid #cfcfcf;\n\t\t\t\t}\n\t\t\t\t\/* see sc_gallery() in functions\/theme-shortcodes.php *\/\n\t\t\t<\/style>\n\t\t<div id='sc_gallery-1' class='gallery galleryid-1238 gallery-columns-5 gallery-size-thumbnail  element_classes gallery-default'><dl class='gallery-item'  data-title='exterieurs_goumoens-019' data-description=''><div class='gallery-item-wrapper'>\n\t\t\t\t<dt class='gallery-icon landscape'>\n\t\t\t\t\t<a href='https:\/\/www.leschateaux.ch\/?attachment_id=1728'><img loading=\"lazy\" decoding=\"async\" width=\"150\" height=\"150\" src=\"https:\/\/www.leschateaux.ch\/wp\/wp-content\/uploads\/2013\/12\/exterieurs_goumoens-019-150x150.jpg\" class=\"attachment-thumbnail size-thumbnail\" alt=\"\" srcset=\"https:\/\/www.leschateaux.ch\/wp\/wp-content\/uploads\/2013\/12\/exterieurs_goumoens-019-150x150.jpg 150w, https:\/\/www.leschateaux.ch\/wp\/wp-content\/uploads\/2013\/12\/exterieurs_goumoens-019-200x200.jpg 200w\" sizes=\"auto, (max-width:767px) 150px, 150px\" \/><\/a>\n\t\t\t\t<\/dt><\/div><\/dl><dl class='gallery-item'  data-title='chambres-goumoens-002' data-description=''><div class='gallery-item-wrapper'>\n\t\t\t\t<dt class='gallery-icon landscape'>\n\t\t\t\t\t<a href='https:\/\/www.leschateaux.ch\/?attachment_id=1377'><img loading=\"lazy\" decoding=\"async\" width=\"150\" height=\"150\" src=\"https:\/\/www.leschateaux.ch\/wp\/wp-content\/uploads\/2013\/06\/chambres-goumoens-002-150x150.jpg\" class=\"attachment-thumbnail size-thumbnail\" alt=\"\" srcset=\"https:\/\/www.leschateaux.ch\/wp\/wp-content\/uploads\/2013\/06\/chambres-goumoens-002-150x150.jpg 150w, https:\/\/www.leschateaux.ch\/wp\/wp-content\/uploads\/2013\/06\/chambres-goumoens-002-200x200.jpg 200w\" sizes=\"auto, (max-width:767px) 150px, 150px\" \/><\/a>\n\t\t\t\t<\/dt><\/div><\/dl><dl class='gallery-item'  data-title='animaux_goumoens-017' data-description=''><div class='gallery-item-wrapper'>\n\t\t\t\t<dt class='gallery-icon landscape'>\n\t\t\t\t\t<a href='https:\/\/www.leschateaux.ch\/?attachment_id=1662'><img loading=\"lazy\" decoding=\"async\" width=\"150\" height=\"150\" src=\"https:\/\/www.leschateaux.ch\/wp\/wp-content\/uploads\/2013\/12\/animaux_goumoens-017-150x150.jpg\" class=\"attachment-thumbnail size-thumbnail\" alt=\"\" srcset=\"https:\/\/www.leschateaux.ch\/wp\/wp-content\/uploads\/2013\/12\/animaux_goumoens-017-150x150.jpg 150w, https:\/\/www.leschateaux.ch\/wp\/wp-content\/uploads\/2013\/12\/animaux_goumoens-017-200x200.jpg 200w\" sizes=\"auto, (max-width:767px) 150px, 150px\" \/><\/a>\n\t\t\t\t<\/dt><\/div><\/dl><dl class='gallery-item'  data-title='divers_goumoens-034' data-description=''><div class='gallery-item-wrapper'>\n\t\t\t\t<dt class='gallery-icon landscape'>\n\t\t\t\t\t<a href='https:\/\/www.leschateaux.ch\/?attachment_id=1937'><img loading=\"lazy\" decoding=\"async\" width=\"150\" height=\"150\" src=\"https:\/\/www.leschateaux.ch\/wp\/wp-content\/uploads\/2014\/04\/divers_goumoens-034-150x150.jpg\" class=\"attachment-thumbnail size-thumbnail\" alt=\"\" srcset=\"https:\/\/www.leschateaux.ch\/wp\/wp-content\/uploads\/2014\/04\/divers_goumoens-034-150x150.jpg 150w, https:\/\/www.leschateaux.ch\/wp\/wp-content\/uploads\/2014\/04\/divers_goumoens-034-200x200.jpg 200w\" sizes=\"auto, (max-width:767px) 150px, 150px\" \/><\/a>\n\t\t\t\t<\/dt><\/div><\/dl><dl class='gallery-item'  data-title='divers_goumoens-001' data-description=''><div class='gallery-item-wrapper'>\n\t\t\t\t<dt class='gallery-icon landscape'>\n\t\t\t\t\t<a href='https:\/\/www.leschateaux.ch\/?attachment_id=1904'><img loading=\"lazy\" decoding=\"async\" width=\"150\" height=\"150\" src=\"https:\/\/www.leschateaux.ch\/wp\/wp-content\/uploads\/2014\/04\/divers_goumoens-001-150x150.jpg\" class=\"attachment-thumbnail size-thumbnail\" alt=\"\" srcset=\"https:\/\/www.leschateaux.ch\/wp\/wp-content\/uploads\/2014\/04\/divers_goumoens-001-150x150.jpg 150w, https:\/\/www.leschateaux.ch\/wp\/wp-content\/uploads\/2014\/04\/divers_goumoens-001-200x200.jpg 200w\" sizes=\"auto, (max-width:767px) 150px, 150px\" \/><\/a>\n\t\t\t\t<\/dt><\/div><\/dl><br style=\"clear: both\" \/>\n\t\t\t<\/div>\n\n<p>[\/vc_column_text][\/vc_column][\/vc_row]<\/p>\n<\/div>","protected":false},"excerpt":{"rendered":"<p>[vc_row][vc_column][\/vc_column][\/vc_row][vc_row][vc_column][vc_column_text]De 1984 \u00e0 aujourd&#8217;hui, d&#8217;importants travaux ont \u00e9t\u00e9 r\u00e9alis\u00e9s au &#8220;Ch\u00e2teau&#8221;, \u00e0 commencer par la cr\u00e9ation d&#8217;un parking dans le jardin potager, l&#8217;am\u00e9nagement de chemins dans<span class=\"excerpt-hellip\"> [\u2026]<\/span><\/p>\n","protected":false},"author":4,"featured_media":0,"parent":1230,"menu_order":1,"comment_status":"open","ping_status":"open","template":"","meta":{"footnotes":""},"class_list":["post-1238","page","type-page","status-publish","hentry"],"_links":{"self":[{"href":"https:\/\/www.leschateaux.ch\/index.php?rest_route=\/wp\/v2\/pages\/1238","targetHints":{"allow":["GET"]}}],"collection":[{"href":"https:\/\/www.leschateaux.ch\/index.php?rest_route=\/wp\/v2\/pages"}],"about":[{"href":"https:\/\/www.leschateaux.ch\/index.php?rest_route=\/wp\/v2\/types\/page"}],"author":[{"embeddable":true,"href":"https:\/\/www.leschateaux.ch\/index.php?rest_route=\/wp\/v2\/users\/4"}],"replies":[{"embeddable":true,"href":"https:\/\/www.leschateaux.ch\/index.php?rest_route=%2Fwp%2Fv2%2Fcomments&post=1238"}],"version-history":[{"count":16,"href":"https:\/\/www.leschateaux.ch\/index.php?rest_route=\/wp\/v2\/pages\/1238\/revisions"}],"predecessor-version":[{"id":5739,"href":"https:\/\/www.leschateaux.ch\/index.php?rest_route=\/wp\/v2\/pages\/1238\/revisions\/5739"}],"up":[{"embeddable":true,"href":"https:\/\/www.leschateaux.ch\/index.php?rest_route=\/wp\/v2\/pages\/1230"}],"wp:attachment":[{"href":"https:\/\/www.leschateaux.ch\/index.php?rest_route=%2Fwp%2Fv2%2Fmedia&parent=1238"}],"curies":[{"name":"wp","href":"https:\/\/api.w.org\/{rel}","templated":true}]}}