{"id":1233,"date":"2013-09-24T22:06:27","date_gmt":"2013-09-24T21:06:27","guid":{"rendered":"http:\/\/www.leschateaux.ch\/wp\/?page_id=1233"},"modified":"2017-09-05T14:33:07","modified_gmt":"2017-09-05T12:33:07","slug":"historique","status":"publish","type":"page","link":"https:\/\/www.leschateaux.ch\/?page_id=1233","title":{"rendered":"Historique"},"content":{"rendered":"<p><strong>Le Ch\u00e2teau de Goumoens<\/strong> appartenait \u00e0 Monsieur Alfred de Goumoens, major au service de l&#8217;Autriche. A sa mort, en 1876,\u00a0 le ch\u00e2teau revient \u00e0 sa fille unique, Madame Couvreu-de-Goumo\u00ebns.<br \/>\nEn 1924, cette derni\u00e8re c\u00e8de sa propri\u00e9t\u00e9 \u00e0 <strong>&#8220;l&#8217;Asile des Vieillards&#8221;<\/strong> du Gros-de-Vaud. Les premiers pensionnaires sont accueillis le <strong>5 ao\u00fbt 1925<\/strong>. S\u0153ur Elise Lagnaz, diaconesse, dirige la maison.<\/p>\n<p>Nous citerons ici <strong><em>S\u0153ur Delly Perret-Gentil<\/em><\/strong>, Directrice durant 33 ans, et <strong><em>S\u0153ur Dora Debrunner<\/em><\/strong>, son adjointe durant 15 ans.<br \/>\nD&#8217;entente avec l&#8217;institution des diaconesses de St-Loup, le d\u00e9part des S\u0153urs est fix\u00e9 au 31 mars 1982 et une f\u00eate solennelle dite <strong>&#8220;F\u00eate de la Reconnaissance&#8221;<\/strong> est organis\u00e9e.<\/p>\n<p>Avec le d\u00e9part des S\u0153urs, &#8220;l&#8217;Asile des Vieillards&#8221; du Gros-de-Vaud devient <strong>&#8220;la Maison de repos&#8221;<\/strong> de Goumoens-la-Ville.<\/p>\n<p><img loading=\"lazy\" decoding=\"async\" class=\"aligncenter wp-image-1736 size-full\" src=\"http:\/\/www.leschateaux.ch\/wp\/wp-content\/uploads\/2013\/12\/exterieurs_goumoens-054.jpg\" alt=\"exterieurs_goumoens-054\" width=\"900\" height=\"601\" srcset=\"https:\/\/www.leschateaux.ch\/wp\/wp-content\/uploads\/2013\/12\/exterieurs_goumoens-054.jpg 900w, https:\/\/www.leschateaux.ch\/wp\/wp-content\/uploads\/2013\/12\/exterieurs_goumoens-054-300x200.jpg 300w\" sizes=\"auto, (max-width:767px) 700px, (max-width:900px) 100vw, 900px\" \/><\/p>\n","protected":false},"excerpt":{"rendered":"<p>Le Ch\u00e2teau de Goumoens appartenait \u00e0 Monsieur Alfred de Goumoens, major au service de l&#8217;Autriche. A sa mort, en 1876,\u00a0 le ch\u00e2teau revient \u00e0 sa fille<span class=\"excerpt-hellip\"> [\u2026]<\/span><\/p>\n","protected":false},"author":4,"featured_media":0,"parent":1230,"menu_order":0,"comment_status":"open","ping_status":"open","template":"","meta":{"footnotes":""},"class_list":["post-1233","page","type-page","status-publish","hentry"],"_links":{"self":[{"href":"https:\/\/www.leschateaux.ch\/index.php?rest_route=\/wp\/v2\/pages\/1233","targetHints":{"allow":["GET"]}}],"collection":[{"href":"https:\/\/www.leschateaux.ch\/index.php?rest_route=\/wp\/v2\/pages"}],"about":[{"href":"https:\/\/www.leschateaux.ch\/index.php?rest_route=\/wp\/v2\/types\/page"}],"author":[{"embeddable":true,"href":"https:\/\/www.leschateaux.ch\/index.php?rest_route=\/wp\/v2\/users\/4"}],"replies":[{"embeddable":true,"href":"https:\/\/www.leschateaux.ch\/index.php?rest_route=%2Fwp%2Fv2%2Fcomments&post=1233"}],"version-history":[{"count":1,"href":"https:\/\/www.leschateaux.ch\/index.php?rest_route=\/wp\/v2\/pages\/1233\/revisions"}],"predecessor-version":[{"id":3008,"href":"https:\/\/www.leschateaux.ch\/index.php?rest_route=\/wp\/v2\/pages\/1233\/revisions\/3008"}],"up":[{"embeddable":true,"href":"https:\/\/www.leschateaux.ch\/index.php?rest_route=\/wp\/v2\/pages\/1230"}],"wp:attachment":[{"href":"https:\/\/www.leschateaux.ch\/index.php?rest_route=%2Fwp%2Fv2%2Fmedia&parent=1233"}],"curies":[{"name":"wp","href":"https:\/\/api.w.org\/{rel}","templated":true}]}}