{"id":1139,"date":"2013-06-26T15:33:12","date_gmt":"2013-06-26T14:33:12","guid":{"rendered":"http:\/\/www.leschateaux.ch\/wp\/?page_id=1139"},"modified":"2014-05-15T08:15:53","modified_gmt":"2014-05-15T06:15:53","slug":"prestations-externes","status":"publish","type":"page","link":"https:\/\/www.leschateaux.ch\/?page_id=1139","title":{"rendered":"Prestations externes"},"content":{"rendered":"<p>La cuisine d&#8217;Echallens fournit \u00e9galement le centre m\u00e9dico-social (CMS) en <strong>repas \u00e0 domicile.\u00a0 <\/strong><\/p>\n\n\t\t\t<style type='text\/css'>\n\t\t\t\t#sc_gallery-1 {\n\t\t\t\t\tmargin: auto;\n\t\t\t\t}\n\t\t\t\t#sc_gallery-1 .gallery-item {\n\t\t\t\t\tfloat: left;\n\t\t\t\t\ttext-align: center;\n\t\t\t\t\twidth: 33.33%;\n\t\t\t\t}\n\t\t\t\t#sc_gallery-1 img {\n\t\t\t\t\tborder: 2px solid #cfcfcf;\n\t\t\t\t}\n\t\t\t\t\/* see sc_gallery() in functions\/theme-shortcodes.php *\/\n\t\t\t<\/style>\n\t\t<div id='sc_gallery-1' class='gallery galleryid-1139 gallery-columns-3 gallery-size-thumbnail file element_classes gallery-default'><dl class='gallery-item'  data-title='Dessert' data-description=''><div class='gallery-item-wrapper'>\n\t\t\t\t<dt class='gallery-icon landscape'>\n\t\t\t\t\t<a href='https:\/\/www.leschateaux.ch\/wp\/wp-content\/uploads\/2013\/06\/Dessert.jpg'><img loading=\"lazy\" decoding=\"async\" width=\"150\" height=\"150\" src=\"https:\/\/www.leschateaux.ch\/wp\/wp-content\/uploads\/2013\/06\/Dessert-150x150.jpg\" class=\"attachment-thumbnail size-thumbnail\" alt=\"\" srcset=\"https:\/\/www.leschateaux.ch\/wp\/wp-content\/uploads\/2013\/06\/Dessert-150x150.jpg 150w, https:\/\/www.leschateaux.ch\/wp\/wp-content\/uploads\/2013\/06\/Dessert-200x200.jpg 200w\" sizes=\"auto, (max-width:767px) 150px, 150px\" \/><\/a>\n\t\t\t\t<\/dt><\/div><\/dl><dl class='gallery-item'  data-title='Entre\u0301e' data-description=''><div class='gallery-item-wrapper'>\n\t\t\t\t<dt class='gallery-icon landscape'>\n\t\t\t\t\t<a href='https:\/\/www.leschateaux.ch\/wp\/wp-content\/uploads\/2013\/06\/Entre\u0301e.jpg'><img loading=\"lazy\" decoding=\"async\" width=\"150\" height=\"150\" src=\"https:\/\/www.leschateaux.ch\/wp\/wp-content\/uploads\/2013\/06\/Entre\u0301e-150x150.jpg\" class=\"attachment-thumbnail size-thumbnail\" alt=\"\" srcset=\"https:\/\/www.leschateaux.ch\/wp\/wp-content\/uploads\/2013\/06\/Entre\u0301e-150x150.jpg 150w, https:\/\/www.leschateaux.ch\/wp\/wp-content\/uploads\/2013\/06\/Entre\u0301e-200x200.jpg 200w\" sizes=\"auto, (max-width:767px) 150px, 150px\" \/><\/a>\n\t\t\t\t<\/dt><\/div><\/dl><dl class='gallery-item'  data-title='Plat' data-description=''><div class='gallery-item-wrapper'>\n\t\t\t\t<dt class='gallery-icon landscape'>\n\t\t\t\t\t<a href='https:\/\/www.leschateaux.ch\/wp\/wp-content\/uploads\/2013\/06\/Plat.jpg'><img loading=\"lazy\" decoding=\"async\" width=\"150\" height=\"150\" src=\"https:\/\/www.leschateaux.ch\/wp\/wp-content\/uploads\/2013\/06\/Plat-150x150.jpg\" class=\"attachment-thumbnail size-thumbnail\" alt=\"\" srcset=\"https:\/\/www.leschateaux.ch\/wp\/wp-content\/uploads\/2013\/06\/Plat-150x150.jpg 150w, https:\/\/www.leschateaux.ch\/wp\/wp-content\/uploads\/2013\/06\/Plat-200x200.jpg 200w\" sizes=\"auto, (max-width:767px) 150px, 150px\" \/><\/a>\n\t\t\t\t<\/dt><\/div><\/dl><br style=\"clear: both\" \/><dl class='gallery-item'  data-title='divers_goumoens-023' data-description=''><div class='gallery-item-wrapper'>\n\t\t\t\t<dt class='gallery-icon landscape'>\n\t\t\t\t\t<a href='https:\/\/www.leschateaux.ch\/wp\/wp-content\/uploads\/2014\/04\/divers_goumoens-0231.jpg'><img loading=\"lazy\" decoding=\"async\" width=\"150\" height=\"150\" src=\"https:\/\/www.leschateaux.ch\/wp\/wp-content\/uploads\/2014\/04\/divers_goumoens-0231-150x150.jpg\" class=\"attachment-thumbnail size-thumbnail\" alt=\"\" srcset=\"https:\/\/www.leschateaux.ch\/wp\/wp-content\/uploads\/2014\/04\/divers_goumoens-0231-150x150.jpg 150w, https:\/\/www.leschateaux.ch\/wp\/wp-content\/uploads\/2014\/04\/divers_goumoens-0231-200x200.jpg 200w\" sizes=\"auto, (max-width:767px) 150px, 150px\" \/><\/a>\n\t\t\t\t<\/dt><\/div><\/dl><dl class='gallery-item'  data-title='divers_goumoens-021' data-description=''><div class='gallery-item-wrapper'>\n\t\t\t\t<dt class='gallery-icon landscape'>\n\t\t\t\t\t<a href='https:\/\/www.leschateaux.ch\/wp\/wp-content\/uploads\/2014\/04\/divers_goumoens-0211.jpg'><img loading=\"lazy\" decoding=\"async\" width=\"150\" height=\"150\" src=\"https:\/\/www.leschateaux.ch\/wp\/wp-content\/uploads\/2014\/04\/divers_goumoens-0211-150x150.jpg\" class=\"attachment-thumbnail size-thumbnail\" alt=\"\" srcset=\"https:\/\/www.leschateaux.ch\/wp\/wp-content\/uploads\/2014\/04\/divers_goumoens-0211-150x150.jpg 150w, https:\/\/www.leschateaux.ch\/wp\/wp-content\/uploads\/2014\/04\/divers_goumoens-0211-200x200.jpg 200w\" sizes=\"auto, (max-width:767px) 150px, 150px\" \/><\/a>\n\t\t\t\t<\/dt><\/div><\/dl><dl class='gallery-item'  data-title='divers_goumoens-020' data-description=''><div class='gallery-item-wrapper'>\n\t\t\t\t<dt class='gallery-icon landscape'>\n\t\t\t\t\t<a href='https:\/\/www.leschateaux.ch\/wp\/wp-content\/uploads\/2014\/04\/divers_goumoens-0201.jpg'><img loading=\"lazy\" decoding=\"async\" width=\"150\" height=\"150\" src=\"https:\/\/www.leschateaux.ch\/wp\/wp-content\/uploads\/2014\/04\/divers_goumoens-0201-150x150.jpg\" class=\"attachment-thumbnail size-thumbnail\" alt=\"\" srcset=\"https:\/\/www.leschateaux.ch\/wp\/wp-content\/uploads\/2014\/04\/divers_goumoens-0201-150x150.jpg 150w, https:\/\/www.leschateaux.ch\/wp\/wp-content\/uploads\/2014\/04\/divers_goumoens-0201-200x200.jpg 200w\" sizes=\"auto, (max-width:767px) 150px, 150px\" \/><\/a>\n\t\t\t\t<\/dt><\/div><\/dl><br style=\"clear: both\" \/>\n\t\t\t<\/div>\n\n<p><strong><br \/>\n<\/strong><\/p>\n","protected":false},"excerpt":{"rendered":"<p>La cuisine d&#8217;Echallens fournit \u00e9galement le centre m\u00e9dico-social (CMS) en repas \u00e0 domicile.\u00a0<\/p>\n","protected":false},"author":4,"featured_media":0,"parent":1208,"menu_order":7,"comment_status":"closed","ping_status":"open","template":"","meta":{"footnotes":""},"class_list":["post-1139","page","type-page","status-publish","hentry"],"_links":{"self":[{"href":"https:\/\/www.leschateaux.ch\/index.php?rest_route=\/wp\/v2\/pages\/1139","targetHints":{"allow":["GET"]}}],"collection":[{"href":"https:\/\/www.leschateaux.ch\/index.php?rest_route=\/wp\/v2\/pages"}],"about":[{"href":"https:\/\/www.leschateaux.ch\/index.php?rest_route=\/wp\/v2\/types\/page"}],"author":[{"embeddable":true,"href":"https:\/\/www.leschateaux.ch\/index.php?rest_route=\/wp\/v2\/users\/4"}],"replies":[{"embeddable":true,"href":"https:\/\/www.leschateaux.ch\/index.php?rest_route=%2Fwp%2Fv2%2Fcomments&post=1139"}],"version-history":[{"count":0,"href":"https:\/\/www.leschateaux.ch\/index.php?rest_route=\/wp\/v2\/pages\/1139\/revisions"}],"up":[{"embeddable":true,"href":"https:\/\/www.leschateaux.ch\/index.php?rest_route=\/wp\/v2\/pages\/1208"}],"wp:attachment":[{"href":"https:\/\/www.leschateaux.ch\/index.php?rest_route=%2Fwp%2Fv2%2Fmedia&parent=1139"}],"curies":[{"name":"wp","href":"https:\/\/api.w.org\/{rel}","templated":true}]}}