{"id":1133,"date":"2013-06-26T15:31:59","date_gmt":"2013-06-26T14:31:59","guid":{"rendered":"http:\/\/www.leschateaux.ch\/wp\/?page_id=1133"},"modified":"2025-02-04T12:37:21","modified_gmt":"2025-02-04T10:37:21","slug":"animation","status":"publish","type":"page","link":"https:\/\/www.leschateaux.ch\/?page_id=1133","title":{"rendered":"ANIMATION"},"content":{"rendered":"<div class=\"wpb-content-wrapper\"><p>[vc_row][vc_column][vc_column_text]Nos activit\u00e9s \u00e0 Echallens sont bas\u00e9es sur les R\u00e9sidents, c&#8217;est-\u00e0-dire que nous planifions les animations selon les choix et les d\u00e9sirs de chacun et prenons les d\u00e9cisions en collectivit\u00e9. Pour ce faire, un forum a lieu tous les deux mois pour planifier les activit\u00e9s fixes ainsi que leur fr\u00e9quence.<\/p>\n<p>Ces forums nous permettent \u00e9galement d&#8217;\u00eatre \u00e0 l&#8217;\u00e9coute sur ce qui va bien et ce qui va moins bien afin d&#8217;ajuster r\u00e9guli\u00e8rement le programme. En moyenne, quatre activit\u00e9s par jour sont propos\u00e9es pour que chacun puisse avoir le choix. Nous travaillons \u00e9troitement en inter-secteurs, de m\u00eame qu&#8217;avec les familles et les proches aidants pour garantir un accompagnement de qualit\u00e9 qui est au coeur de notre mission.<\/p>\n<p>L&#8217;\u00e9quipe socioculturelle a \u00e0 coeur de toucher tous les R\u00e9sidents et passe r\u00e9guli\u00e8rement trouver ceux qui sont le plus isol\u00e9s dans le but de leur offrir des prestations ad\u00e9quates, bas\u00e9es sur les projets d&#8217;accompagnement individualis\u00e9s, tels que des moments de partage, de r\u00e9miniscence, de sonoth\u00e9rapie, etc[\/vc_column_text][vc_column_text]Le programme des animations est disponible sur notre site sous <a title=\"Programme des activit\u00e9s sur le site d\u2019Echallens\" href=\"http:\/\/www.leschateaux.ch\/wp\/?page_id=1306\"><strong><em>Informations<\/em><\/strong><\/a> ainsi que dans le journal de maison <strong>&#8220;La Vie de Ch\u00e2teaux&#8221;<\/strong> qui se trouve \u00e0 la r\u00e9ception de notre \u00e9tablissement. <div class=\"omsc-one-half\"><strong><br \/>\nKristina Marki<br \/>\nResponsable socioculturelle<br \/>\n<img loading=\"lazy\" decoding=\"async\" class=\"alignleft wp-image-6373\" src=\"https:\/\/www.leschateaux.ch\/wp\/wp-content\/uploads\/2022\/05\/LesChateaux-Team2022-036_ppNB.jpg\" alt=\"\" width=\"200\" height=\"200\" srcset=\"https:\/\/www.leschateaux.ch\/wp\/wp-content\/uploads\/2022\/05\/LesChateaux-Team2022-036_ppNB.jpg 960w, https:\/\/www.leschateaux.ch\/wp\/wp-content\/uploads\/2022\/05\/LesChateaux-Team2022-036_ppNB-150x150@2x.jpg 300w, https:\/\/www.leschateaux.ch\/wp\/wp-content\/uploads\/2022\/05\/LesChateaux-Team2022-036_ppNB-150x150.jpg 150w, https:\/\/www.leschateaux.ch\/wp\/wp-content\/uploads\/2022\/05\/LesChateaux-Team2022-036_ppNB-146x146.jpg 146w, https:\/\/www.leschateaux.ch\/wp\/wp-content\/uploads\/2022\/05\/LesChateaux-Team2022-036_ppNB-50x50.jpg 50w, https:\/\/www.leschateaux.ch\/wp\/wp-content\/uploads\/2022\/05\/LesChateaux-Team2022-036_ppNB-75x75.jpg 75w, https:\/\/www.leschateaux.ch\/wp\/wp-content\/uploads\/2022\/05\/LesChateaux-Team2022-036_ppNB-85x85.jpg 85w, https:\/\/www.leschateaux.ch\/wp\/wp-content\/uploads\/2022\/05\/LesChateaux-Team2022-036_ppNB-80x80.jpg 80w, https:\/\/www.leschateaux.ch\/wp\/wp-content\/uploads\/2022\/05\/LesChateaux-Team2022-036_ppNB-300x300@2x.jpg 600w\" sizes=\"auto, (max-width:767px) 200px, 200px\" \/><br \/>\n<\/strong><\/p>\n<p>&nbsp;<\/p>\n<p>&nbsp;<\/p>\n<p>&nbsp;<\/p>\n<p>&nbsp;<\/p>\n<p>&nbsp;<\/p>\n<p><a href=\"mailto:animech@leschateaux.org\"><strong>anim.ech@leschateaux.org<\/strong><\/a><br \/>\n<strong>t\u00e9l : 021 \/ 886 36 96<\/strong><br \/>\n<strong> fax : 021 \/ 886 36 35 <\/strong><div class=\"clear\"><\/div><\/div><div class=\"omsc-one-half\"><div class=\"clear\"><\/div><\/div>\n<p>&nbsp;<\/p>\n<p>&nbsp;<\/p>\n<p>&nbsp;<\/p>\n<p><img loading=\"lazy\" decoding=\"async\" class=\"alignnone wp-image-1884 size-medium\" src=\"http:\/\/www.leschateaux.ch\/wp\/wp-content\/uploads\/2014\/04\/interieurs_echallens-009-300x200.jpg\" alt=\"interieurs_echallens-009\" width=\"300\" height=\"200\" srcset=\"https:\/\/www.leschateaux.ch\/wp\/wp-content\/uploads\/2014\/04\/interieurs_echallens-009-300x200.jpg 300w, https:\/\/www.leschateaux.ch\/wp\/wp-content\/uploads\/2014\/04\/interieurs_echallens-009.jpg 900w\" sizes=\"auto, (max-width:767px) 300px, 300px\" \/><br \/>\n<div class=\"omsc-one-half omsc-last\"><div class=\"clear\"><\/div><\/div><div class=\"omsc-clear\"><\/div><strong><br \/>\n<\/strong>[\/vc_column_text][\/vc_column][\/vc_row][vc_row][vc_column][\/vc_column][\/vc_row]<\/p>\n<\/div>","protected":false},"excerpt":{"rendered":"<p>[vc_row][vc_column][vc_column_text]Nos activit\u00e9s \u00e0 Echallens sont bas\u00e9es sur les R\u00e9sidents, c&#8217;est-\u00e0-dire que nous planifions les animations selon les choix et les d\u00e9sirs de chacun et prenons les<span class=\"excerpt-hellip\"> [\u2026]<\/span><\/p>\n","protected":false},"author":4,"featured_media":0,"parent":1208,"menu_order":5,"comment_status":"open","ping_status":"closed","template":"","meta":{"footnotes":""},"class_list":["post-1133","page","type-page","status-publish","hentry"],"_links":{"self":[{"href":"https:\/\/www.leschateaux.ch\/index.php?rest_route=\/wp\/v2\/pages\/1133","targetHints":{"allow":["GET"]}}],"collection":[{"href":"https:\/\/www.leschateaux.ch\/index.php?rest_route=\/wp\/v2\/pages"}],"about":[{"href":"https:\/\/www.leschateaux.ch\/index.php?rest_route=\/wp\/v2\/types\/page"}],"author":[{"embeddable":true,"href":"https:\/\/www.leschateaux.ch\/index.php?rest_route=\/wp\/v2\/users\/4"}],"replies":[{"embeddable":true,"href":"https:\/\/www.leschateaux.ch\/index.php?rest_route=%2Fwp%2Fv2%2Fcomments&post=1133"}],"version-history":[{"count":11,"href":"https:\/\/www.leschateaux.ch\/index.php?rest_route=\/wp\/v2\/pages\/1133\/revisions"}],"predecessor-version":[{"id":8549,"href":"https:\/\/www.leschateaux.ch\/index.php?rest_route=\/wp\/v2\/pages\/1133\/revisions\/8549"}],"up":[{"embeddable":true,"href":"https:\/\/www.leschateaux.ch\/index.php?rest_route=\/wp\/v2\/pages\/1208"}],"wp:attachment":[{"href":"https:\/\/www.leschateaux.ch\/index.php?rest_route=%2Fwp%2Fv2%2Fmedia&parent=1133"}],"curies":[{"name":"wp","href":"https:\/\/api.w.org\/{rel}","templated":true}]}}