{"id":1130,"date":"2013-06-26T15:31:05","date_gmt":"2013-06-26T14:31:05","guid":{"rendered":"http:\/\/www.leschateaux.ch\/wp\/?page_id=1130"},"modified":"2020-01-23T09:02:39","modified_gmt":"2020-01-23T07:02:39","slug":"service-hotelier-cafeteria","status":"publish","type":"page","link":"https:\/\/www.leschateaux.ch\/?page_id=1130","title":{"rendered":"SERVICE H\u00d4TELIER &#8211; Caf\u00e9t\u00e9ria"},"content":{"rendered":"<p>La caf\u00e9t\u00e9ria est ouverte au public. Elle propose un assortiment de boissons chaudes et froides, <strong>un menu de midi 7 jours sur 7<\/strong>, ainsi qu&#8217;une carte de salades en \u00e9t\u00e9.<br \/>\nUn choix de menus est \u00e9galement possible pour des \u00e9v\u00e8nements particuliers.<\/p>\n<p>La caf\u00e9t\u00e9ria se fera un plaisir de vous servir du :<br \/>\n<table class=\"omsc-custom-table omsc-style-1\"><tr><td><strong>lundi au samedi<\/strong><\/td><td><strong>8h30 \u00e0 17h30<\/strong><\/td><\/tr><tr><td><strong>dimanche et jours f\u00e9ri\u00e9s<\/strong><\/td><td><strong>10h \u00e0 17h30<\/strong><\/td><\/tr><\/table><br \/>\nLes familles et les proches sont toujours les bienvenus et peuvent prendre leur repas de midi avec les R\u00e9sidents, en ayant soin de r\u00e9server 24 heures \u00e0 l&#8217;avance \u00e0 la caf\u00e9t\u00e9ria.<\/p>\n<p><strong>Christine Pidoux<br \/>\nResponsable de la caf\u00e9t\u00e9ria<\/strong><\/p>\n<p><a href=\"mailto:info@leschateaux.org\"><strong>info@leschateaux.org<\/strong><\/a><br \/>\n<strong>t\u00e9l : 021 \/ 886 39 80<\/strong><br \/>\n<strong> fax : 021 \/ 886 36 35<br \/>\n<\/strong><br \/>\n<img loading=\"lazy\" decoding=\"async\" class=\"alignnone wp-image-1979\" src=\"http:\/\/www.leschateaux.ch\/wp\/wp-content\/uploads\/2014\/04\/reception_cafeteria-echallens-008.jpg\" alt=\"reception_cafeteria-echallens-008\" width=\"400\" height=\"267\" srcset=\"https:\/\/www.leschateaux.ch\/wp\/wp-content\/uploads\/2014\/04\/reception_cafeteria-echallens-008.jpg 900w, https:\/\/www.leschateaux.ch\/wp\/wp-content\/uploads\/2014\/04\/reception_cafeteria-echallens-008-300x200.jpg 300w\" sizes=\"auto, (max-width:767px) 400px, 400px\" \/><br \/>\n<strong><br \/>\n<\/strong><\/p>\n","protected":false},"excerpt":{"rendered":"<p>La caf\u00e9t\u00e9ria est ouverte au public. Elle propose un assortiment de boissons chaudes et froides, un menu de midi 7 jours sur 7, ainsi qu&#8217;une carte<span class=\"excerpt-hellip\"> [\u2026]<\/span><\/p>\n","protected":false},"author":4,"featured_media":0,"parent":2172,"menu_order":3,"comment_status":"open","ping_status":"closed","template":"","meta":{"footnotes":""},"class_list":["post-1130","page","type-page","status-publish","hentry"],"_links":{"self":[{"href":"https:\/\/www.leschateaux.ch\/index.php?rest_route=\/wp\/v2\/pages\/1130","targetHints":{"allow":["GET"]}}],"collection":[{"href":"https:\/\/www.leschateaux.ch\/index.php?rest_route=\/wp\/v2\/pages"}],"about":[{"href":"https:\/\/www.leschateaux.ch\/index.php?rest_route=\/wp\/v2\/types\/page"}],"author":[{"embeddable":true,"href":"https:\/\/www.leschateaux.ch\/index.php?rest_route=\/wp\/v2\/users\/4"}],"replies":[{"embeddable":true,"href":"https:\/\/www.leschateaux.ch\/index.php?rest_route=%2Fwp%2Fv2%2Fcomments&post=1130"}],"version-history":[{"count":7,"href":"https:\/\/www.leschateaux.ch\/index.php?rest_route=\/wp\/v2\/pages\/1130\/revisions"}],"predecessor-version":[{"id":4785,"href":"https:\/\/www.leschateaux.ch\/index.php?rest_route=\/wp\/v2\/pages\/1130\/revisions\/4785"}],"up":[{"embeddable":true,"href":"https:\/\/www.leschateaux.ch\/index.php?rest_route=\/wp\/v2\/pages\/2172"}],"wp:attachment":[{"href":"https:\/\/www.leschateaux.ch\/index.php?rest_route=%2Fwp%2Fv2%2Fmedia&parent=1130"}],"curies":[{"name":"wp","href":"https:\/\/api.w.org\/{rel}","templated":true}]}}