{"id":1121,"date":"2013-06-26T15:28:02","date_gmt":"2013-06-26T14:28:02","guid":{"rendered":"http:\/\/www.leschateaux.ch\/wp\/?page_id=1121"},"modified":"2024-12-05T12:53:50","modified_gmt":"2024-12-05T10:53:50","slug":"administration","status":"publish","type":"page","link":"https:\/\/www.leschateaux.ch\/?page_id=1121","title":{"rendered":"Administration"},"content":{"rendered":"<div class=\"wpb-content-wrapper\"><p>[vc_row][vc_column width=&#8221;1\/2&#8243;][vc_column_text]<\/p>\n<h4>R\u00e9ception<strong> :<\/strong><\/h4>\n<p>La r\u00e9ception est ouverte du lundi au vendredi<br \/>\nde <strong>8h<\/strong>\u00a0\u00e0 <strong>12h<\/strong>\u00a0et de <strong>13h30<\/strong> \u00e0 <strong>17h.<\/strong><\/p>\n<p>Elle est \u00e0 disposition pour tout renseignement.<\/p>\n<p><strong>Malika Lagger<\/strong> &#8211; secr\u00e9taire-r\u00e9ceptionniste<br \/>\n<a href=\"mailto:info@leschateaux.org\"><strong>info@leschateaux.org<\/strong><\/a><br \/>\nt\u00e9l : <strong>021 \/ 886 36 36<\/strong><br \/>\nfax : <strong>021 \/ 886 36 35<\/strong>[\/vc_column_text][\/vc_column][vc_column width=&#8221;1\/2&#8243;][vc_column_text]<img loading=\"lazy\" decoding=\"async\" class=\"alignnone wp-image-2124\" src=\"http:\/\/www.leschateaux.ch\/wp\/wp-content\/uploads\/2013\/06\/reception_cafeteria-echallens-002low.jpg\" alt=\"reception_cafeteria-echallens-002low\" width=\"507\" height=\"223\" srcset=\"https:\/\/www.leschateaux.ch\/wp\/wp-content\/uploads\/2013\/06\/reception_cafeteria-echallens-002low.jpg 900w, https:\/\/www.leschateaux.ch\/wp\/wp-content\/uploads\/2013\/06\/reception_cafeteria-echallens-002low-300x132.jpg 300w\" sizes=\"auto, (max-width:767px) 507px, 507px\" \/>[\/vc_column_text][\/vc_column][\/vc_row][vc_row][vc_column][vc_column_text]<strong>Gestion dossiers R\u00e9sidents :<br \/>\n<\/strong>La gestion administrative et financi\u00e8re d&#8217;un dossier R\u00e9sident est une \u00e9tape importante pour le R\u00e9sident et ses proches.<br \/>\nNos gestionnaires assurent le suivi des dossiers et secondent les familles dans leurs diverses d\u00e9marches.<br \/>\nIls sont \u00e0 votre disposition du lundi au vendredi, de <strong>8h<\/strong>\u00a0\u00e0 <strong>12h<\/strong>\u00a0et de <strong>13h30<\/strong> \u00e0 <strong>16h30<\/strong>.<\/p>\n<p><strong>May-Rose Recouso<\/strong> &#8211; secr\u00e9taire comptable<br \/>\n<a href=\"mailto:jessie.ruegg@leschateaux.org\"><strong>secret.direction@leschateaux.org<\/strong><\/a><br \/>\nt\u00e9l :<strong> 021 \/ 886 39 06<\/strong><br \/>\nfax : 021 \/ 886 36 35<strong><br \/>\n<\/strong><div class=\"omsc-one-half\">\n<strong><strong>Catherine Cherpit <\/strong><\/strong>&#8211; secr\u00e9taire<br \/>\n<a href=\"mailto:secret.ech@leschateaux.org\"><strong>secret.ech@leschateaux.org<\/strong><\/a><br \/>\nt\u00e9l : <strong>021 \/ 886 39 03<br \/>\n<\/strong>fax : 021 \/ 886 36 35<br \/>\n<div class=\"clear\"><\/div><\/div><div class=\"omsc-one-half\"><div class=\"clear\"><\/div><\/div>\n<p><strong>Nicole Mikami<\/strong> &#8211; assistante RH<br \/>\n<a href=\"mailto:admin.ech@leschateaux.org\"><strong>admin.ech@leschateaux.org<\/strong><\/a><br \/>\nt\u00e9l : <strong>021 \/ 886 39 04<br \/>\n<\/strong>fax : 021 \/ 886 36 35<strong><br \/>\n<\/strong>[\/vc_column_text][\/vc_column][\/vc_row]<\/p>\n<\/div>","protected":false},"excerpt":{"rendered":"<p>[vc_row][vc_column width=&#8221;1\/2&#8243;][vc_column_text] R\u00e9ception : La r\u00e9ception est ouverte du lundi au vendredi de 8h\u00a0\u00e0 12h\u00a0et de 13h30 \u00e0 17h. Elle est \u00e0 disposition pour tout renseignement.<span class=\"excerpt-hellip\"> [\u2026]<\/span><\/p>\n","protected":false},"author":4,"featured_media":0,"parent":1208,"menu_order":5,"comment_status":"closed","ping_status":"open","template":"","meta":{"footnotes":""},"class_list":["post-1121","page","type-page","status-publish","hentry"],"_links":{"self":[{"href":"https:\/\/www.leschateaux.ch\/index.php?rest_route=\/wp\/v2\/pages\/1121","targetHints":{"allow":["GET"]}}],"collection":[{"href":"https:\/\/www.leschateaux.ch\/index.php?rest_route=\/wp\/v2\/pages"}],"about":[{"href":"https:\/\/www.leschateaux.ch\/index.php?rest_route=\/wp\/v2\/types\/page"}],"author":[{"embeddable":true,"href":"https:\/\/www.leschateaux.ch\/index.php?rest_route=\/wp\/v2\/users\/4"}],"replies":[{"embeddable":true,"href":"https:\/\/www.leschateaux.ch\/index.php?rest_route=%2Fwp%2Fv2%2Fcomments&post=1121"}],"version-history":[{"count":29,"href":"https:\/\/www.leschateaux.ch\/index.php?rest_route=\/wp\/v2\/pages\/1121\/revisions"}],"predecessor-version":[{"id":8433,"href":"https:\/\/www.leschateaux.ch\/index.php?rest_route=\/wp\/v2\/pages\/1121\/revisions\/8433"}],"up":[{"embeddable":true,"href":"https:\/\/www.leschateaux.ch\/index.php?rest_route=\/wp\/v2\/pages\/1208"}],"wp:attachment":[{"href":"https:\/\/www.leschateaux.ch\/index.php?rest_route=%2Fwp%2Fv2%2Fmedia&parent=1121"}],"curies":[{"name":"wp","href":"https:\/\/api.w.org\/{rel}","templated":true}]}}