{"id":1095,"date":"2013-06-26T15:11:46","date_gmt":"2013-06-26T14:11:46","guid":{"rendered":"http:\/\/www.leschateaux.ch\/wp\/?page_id=1095"},"modified":"2025-01-08T12:44:07","modified_gmt":"2025-01-08T10:44:07","slug":"la-direction","status":"publish","type":"page","link":"https:\/\/www.leschateaux.ch\/?page_id=1095","title":{"rendered":"La Direction"},"content":{"rendered":"<div class=\"wpb-content-wrapper\"><p>[vc_row][vc_column][vc_column_text]<\/p>\n<blockquote><p>La qualit\u00e9 ne na\u00eet jamais du hasard mais d&#8217;une recherche obstin\u00e9e et commune de toutes les mesures propre \u00e0 l&#8217;am\u00e9liorer.<\/p><\/blockquote>\n<p>[\/vc_column_text][\/vc_column][\/vc_row][vc_row][vc_column width=&#8221;1\/2&#8243;][vc_column_text]<\/p>\n<p style=\"text-align: center;\"><strong>Fr\u00e9d\u00e9ric THOMAS<br \/>\nDirecteur g\u00e9n\u00e9ral<\/strong><br \/>\n<img loading=\"lazy\" decoding=\"async\" class=\"aligncenter wp-image-6340\" src=\"https:\/\/www.leschateaux.ch\/wp\/wp-content\/uploads\/2022\/05\/LesChateaux-Team2022-009_ppNB.jpg\" alt=\"\" width=\"200\" height=\"200\" srcset=\"https:\/\/www.leschateaux.ch\/wp\/wp-content\/uploads\/2022\/05\/LesChateaux-Team2022-009_ppNB.jpg 960w, https:\/\/www.leschateaux.ch\/wp\/wp-content\/uploads\/2022\/05\/LesChateaux-Team2022-009_ppNB-150x150@2x.jpg 300w, https:\/\/www.leschateaux.ch\/wp\/wp-content\/uploads\/2022\/05\/LesChateaux-Team2022-009_ppNB-150x150.jpg 150w, https:\/\/www.leschateaux.ch\/wp\/wp-content\/uploads\/2022\/05\/LesChateaux-Team2022-009_ppNB-146x146.jpg 146w, https:\/\/www.leschateaux.ch\/wp\/wp-content\/uploads\/2022\/05\/LesChateaux-Team2022-009_ppNB-50x50.jpg 50w, https:\/\/www.leschateaux.ch\/wp\/wp-content\/uploads\/2022\/05\/LesChateaux-Team2022-009_ppNB-75x75.jpg 75w, https:\/\/www.leschateaux.ch\/wp\/wp-content\/uploads\/2022\/05\/LesChateaux-Team2022-009_ppNB-85x85.jpg 85w, https:\/\/www.leschateaux.ch\/wp\/wp-content\/uploads\/2022\/05\/LesChateaux-Team2022-009_ppNB-80x80.jpg 80w, https:\/\/www.leschateaux.ch\/wp\/wp-content\/uploads\/2022\/05\/LesChateaux-Team2022-009_ppNB-300x300@2x.jpg 600w\" sizes=\"auto, (max-width:767px) 200px, 200px\" \/><\/p>\n<p style=\"text-align: center;\">Le bien-\u00eatre des R\u00e9sidents est \u00e9troitement li\u00e9 \u00e0 celui des collaborateurs, \u00e0 l&#8217;utilisation des ressources, \u00e0 l&#8217;information aux familles et \u00e0 l&#8217;organisation en g\u00e9n\u00e9ral. Mon r\u00f4le de gestionnaire est d&#8217;optimiser ces diff\u00e9rents axes au profit des R\u00e9sidents.<\/p>\n<p>[\/vc_column_text][\/vc_column][vc_column width=&#8221;1\/2&#8243;][vc_column_text]<\/p>\n<p style=\"text-align: center;\"><strong>Carole FAVRE<br \/>\n<strong><strong>Assistante de Direction<br \/>\n<\/strong><\/strong><img loading=\"lazy\" decoding=\"async\" class=\"aligncenter wp-image-6347\" src=\"https:\/\/www.leschateaux.ch\/wp\/wp-content\/uploads\/2022\/05\/DSC_2444-okNB.jpg\" alt=\"\" width=\"200\" height=\"200\" srcset=\"https:\/\/www.leschateaux.ch\/wp\/wp-content\/uploads\/2022\/05\/DSC_2444-okNB.jpg 960w, https:\/\/www.leschateaux.ch\/wp\/wp-content\/uploads\/2022\/05\/DSC_2444-okNB-150x150@2x.jpg 300w, https:\/\/www.leschateaux.ch\/wp\/wp-content\/uploads\/2022\/05\/DSC_2444-okNB-150x150.jpg 150w, https:\/\/www.leschateaux.ch\/wp\/wp-content\/uploads\/2022\/05\/DSC_2444-okNB-146x146.jpg 146w, https:\/\/www.leschateaux.ch\/wp\/wp-content\/uploads\/2022\/05\/DSC_2444-okNB-50x50.jpg 50w, https:\/\/www.leschateaux.ch\/wp\/wp-content\/uploads\/2022\/05\/DSC_2444-okNB-75x75.jpg 75w, https:\/\/www.leschateaux.ch\/wp\/wp-content\/uploads\/2022\/05\/DSC_2444-okNB-85x85.jpg 85w, https:\/\/www.leschateaux.ch\/wp\/wp-content\/uploads\/2022\/05\/DSC_2444-okNB-80x80.jpg 80w, https:\/\/www.leschateaux.ch\/wp\/wp-content\/uploads\/2022\/05\/DSC_2444-okNB-300x300@2x.jpg 600w\" sizes=\"auto, (max-width:767px) 200px, 200px\" \/><\/strong><\/p>\n<p style=\"text-align: center;\">Dans le but d\u2019optimiser la gestion de leurs activit\u00e9s, ainsi que de leur faire gagner en temps et en efficacit\u00e9, j\u2019interviens sur l\u2019ensemble des affaires courantes en assistant les membres de la Direction. Par ailleurs, mon r\u00f4le est de soutenir l\u2019ensemble de nos collaboratrices et collaborateurs en leur procurant \u00e9coute et confiance, ainsi qu\u2019en encourageant le travail interdisciplinaire dans le but d\u2019offrir \u00e0 nos B\u00e9n\u00e9ficiaires un accompagnement de qualit\u00e9 et de favoriser le bien-\u00eatre de chacun.<\/p>\n<p>[\/vc_column_text][\/vc_column][\/vc_row]<\/p>\n<\/div>","protected":false},"excerpt":{"rendered":"<p>[vc_row][vc_column][vc_column_text] La qualit\u00e9 ne na\u00eet jamais du hasard mais d&#8217;une recherche obstin\u00e9e et commune de toutes les mesures propre \u00e0 l&#8217;am\u00e9liorer. [\/vc_column_text][\/vc_column][\/vc_row][vc_row][vc_column width=&#8221;1\/2&#8243;][vc_column_text] Fr\u00e9d\u00e9ric THOMAS Directeur<span class=\"excerpt-hellip\"> [\u2026]<\/span><\/p>\n","protected":false},"author":4,"featured_media":0,"parent":1077,"menu_order":4,"comment_status":"closed","ping_status":"open","template":"","meta":{"footnotes":""},"class_list":["post-1095","page","type-page","status-publish","hentry"],"_links":{"self":[{"href":"https:\/\/www.leschateaux.ch\/index.php?rest_route=\/wp\/v2\/pages\/1095","targetHints":{"allow":["GET"]}}],"collection":[{"href":"https:\/\/www.leschateaux.ch\/index.php?rest_route=\/wp\/v2\/pages"}],"about":[{"href":"https:\/\/www.leschateaux.ch\/index.php?rest_route=\/wp\/v2\/types\/page"}],"author":[{"embeddable":true,"href":"https:\/\/www.leschateaux.ch\/index.php?rest_route=\/wp\/v2\/users\/4"}],"replies":[{"embeddable":true,"href":"https:\/\/www.leschateaux.ch\/index.php?rest_route=%2Fwp%2Fv2%2Fcomments&post=1095"}],"version-history":[{"count":12,"href":"https:\/\/www.leschateaux.ch\/index.php?rest_route=\/wp\/v2\/pages\/1095\/revisions"}],"predecessor-version":[{"id":8487,"href":"https:\/\/www.leschateaux.ch\/index.php?rest_route=\/wp\/v2\/pages\/1095\/revisions\/8487"}],"up":[{"embeddable":true,"href":"https:\/\/www.leschateaux.ch\/index.php?rest_route=\/wp\/v2\/pages\/1077"}],"wp:attachment":[{"href":"https:\/\/www.leschateaux.ch\/index.php?rest_route=%2Fwp%2Fv2%2Fmedia&parent=1095"}],"curies":[{"name":"wp","href":"https:\/\/api.w.org\/{rel}","templated":true}]}}