{"id":1093,"date":"2013-06-26T15:10:33","date_gmt":"2013-06-26T14:10:33","guid":{"rendered":"http:\/\/www.leschateaux.ch\/wp\/?page_id=1093"},"modified":"2025-12-18T08:57:00","modified_gmt":"2025-12-18T06:57:00","slug":"organisation","status":"publish","type":"page","link":"https:\/\/www.leschateaux.ch\/?page_id=1093","title":{"rendered":"Organisation"},"content":{"rendered":"<div class=\"wpb-content-wrapper\"><p>[vc_row][vc_column][vc_column_text]La Fondation <strong>Les Ch\u00e2teaux<\/strong> est soumise \u00e0 l&#8217;autorit\u00e9 de surveillance des <strong>Fondations du canton de Vaud<\/strong> et elle doit \u00eatre au b\u00e9n\u00e9fice d&#8217;une autorisation d&#8217;exploiter d\u00e9livr\u00e9e par le d\u00e9partement de la sant\u00e9 publique et de l&#8217;action sociale du canton de Vaud.<br \/>\nLes organes de la Fondation sont : <strong>Le Conseil de Fondation<\/strong> et <strong>Le Comit\u00e9 de Fondation<\/strong>[\/vc_column_text][vc_accordion][vc_accordion_tab title=&#8221;Le Conseil de Fondation est compos\u00e9 comme suit :&#8221;][vc_column_text css=&#8221;&#8221;]<div class=\"column one-second mobile-one\"><div class=\"mcb-column-inner\">M. Laurent <strong>MAGNIN<\/strong><\/div><\/div>\n<div class=\"column one-second mobile-one\"><div class=\"mcb-column-inner\">Pr\u00e9sident<\/div><\/div>\n<br \/>\n<div class=\"column one-second mobile-one\"><div class=\"mcb-column-inner\">M. Denis <strong>RUBATTEL<\/strong><\/div><\/div>\n<div class=\"column one-second mobile-one\"><div class=\"mcb-column-inner\">Vice-pr\u00e9sident<\/div><\/div>\n<br \/>\n<div class=\"column one-second mobile-one\"><div class=\"mcb-column-inner\">Mme Ariane <strong>VIONNET-VUILLEUMIER<\/strong><\/div><\/div>\n<div class=\"column one-second mobile-one\"><div class=\"mcb-column-inner\">Secr\u00e9taire<\/div><\/div>\n<br \/>\n<div class=\"column one-second mobile-one\"><div class=\"mcb-column-inner\">Mme Cl\u00e9mence <strong>GROGNUZ<\/strong><\/div><\/div>\n<div class=\"column one-second mobile-one\"><div class=\"mcb-column-inner\">Tr\u00e9sori\u00e8re<\/div><\/div>\n<br \/>\n<div class=\"column one-second mobile-one\"><div class=\"mcb-column-inner\">M. Nicolas <strong>BLANC<\/strong><\/div><\/div>\n<div class=\"column one-second mobile-one\"><div class=\"mcb-column-inner\">Membre<\/div><\/div>\n<br \/>\n<div class=\"column one-second mobile-one\"><div class=\"mcb-column-inner\">Mme Corinne <strong>JUDLIN<\/strong><\/div><\/div>\n<div class=\"column one-second mobile-one\"><div class=\"mcb-column-inner\">Membre<\/div><\/div>\n<br \/>\n<div class=\"column one-second mobile-one\"><div class=\"mcb-column-inner\">Mme\u00a0Corinne <strong>SAUTY<\/strong><\/div><\/div>\n<div class=\"column one-second mobile-one\"><div class=\"mcb-column-inner\">Membre<\/div><\/div>\n<br \/>\n<div class=\"column one-second mobile-one\"><div class=\"mcb-column-inner\">M.\u00a0Philippe\u00a0<strong>JAMAIN<\/strong><\/div><\/div>\n<div class=\"column one-second mobile-one\"><div class=\"mcb-column-inner\">Membre<\/div><\/div>\n<br \/>\n<div class=\"column one-second mobile-one\"><div class=\"mcb-column-inner\">Mme Bernadette <strong>MARTIN<\/strong><\/div><\/div>\n<div class=\"column one-second mobile-one\"><div class=\"mcb-column-inner\">Membre<\/div><\/div>\n<br \/>\n<div class=\"column one-second mobile-one\"><div class=\"mcb-column-inner\">M. Olivier <strong>SIMON<\/strong><\/div><\/div>\n<div class=\"column one-second mobile-one\"><div class=\"mcb-column-inner\">Membre<\/div><\/div>\n[\/vc_column_text][\/vc_accordion_tab][vc_accordion_tab title=&#8221;Le Comit\u00e9 de Fondation :&#8221;][vc_column_text css=&#8221;&#8221;]<div class=\"column one-second mobile-one\"><div class=\"mcb-column-inner\">M. Laurent <strong>MAGNIN<\/strong><\/div><\/div>\n<div class=\"column one-second mobile-one\"><div class=\"mcb-column-inner\">Pr\u00e9sident<\/div><\/div>\n<br \/>\n<div class=\"column one-second mobile-one\"><div class=\"mcb-column-inner\">M. Denis <strong>RUBATTEL<\/strong><\/div><\/div>\n<div class=\"column one-second mobile-one\"><div class=\"mcb-column-inner\">Vice-pr\u00e9sident<\/div><\/div>\n<br \/>\n<div class=\"column one-second mobile-one\"><div class=\"mcb-column-inner\">Mme Ariane <strong>VIONNET-VUILLEUMIER<\/strong><\/div><\/div>\n<div class=\"column one-second mobile-one\"><div class=\"mcb-column-inner\">Secr\u00e9taire<\/div><\/div>\n<br \/>\n<div class=\"column one-second mobile-one\"><div class=\"mcb-column-inner\">Mme Cl\u00e9mence <strong>GROGNUZ<\/strong><\/div><\/div>\n<div class=\"column one-second mobile-one\"><div class=\"mcb-column-inner\">Tr\u00e9sori\u00e8re<\/div><\/div>\n<br \/>\n<div class=\"column one-second mobile-one\"><div class=\"mcb-column-inner\">M. Nicolas <strong>BLANC<\/strong><\/div><\/div>\n<div class=\"column one-second mobile-one\"><div class=\"mcb-column-inner\">Membre<\/div><\/div>\n[\/vc_column_text][\/vc_accordion_tab][\/vc_accordion][\/vc_column][\/vc_row]<\/p>\n<\/div>","protected":false},"excerpt":{"rendered":"<p>[vc_row][vc_column][vc_column_text]La Fondation Les Ch\u00e2teaux est soumise \u00e0 l&#8217;autorit\u00e9 de surveillance des Fondations du canton de Vaud et elle doit \u00eatre au b\u00e9n\u00e9fice d&#8217;une autorisation d&#8217;exploiter d\u00e9livr\u00e9e<span class=\"excerpt-hellip\"> [\u2026]<\/span><\/p>\n","protected":false},"author":4,"featured_media":-1,"parent":1077,"menu_order":3,"comment_status":"closed","ping_status":"open","template":"","meta":{"footnotes":""},"class_list":["post-1093","page","type-page","status-publish","has-post-thumbnail","hentry"],"_links":{"self":[{"href":"https:\/\/www.leschateaux.ch\/index.php?rest_route=\/wp\/v2\/pages\/1093","targetHints":{"allow":["GET"]}}],"collection":[{"href":"https:\/\/www.leschateaux.ch\/index.php?rest_route=\/wp\/v2\/pages"}],"about":[{"href":"https:\/\/www.leschateaux.ch\/index.php?rest_route=\/wp\/v2\/types\/page"}],"author":[{"embeddable":true,"href":"https:\/\/www.leschateaux.ch\/index.php?rest_route=\/wp\/v2\/users\/4"}],"replies":[{"embeddable":true,"href":"https:\/\/www.leschateaux.ch\/index.php?rest_route=%2Fwp%2Fv2%2Fcomments&post=1093"}],"version-history":[{"count":17,"href":"https:\/\/www.leschateaux.ch\/index.php?rest_route=\/wp\/v2\/pages\/1093\/revisions"}],"predecessor-version":[{"id":9363,"href":"https:\/\/www.leschateaux.ch\/index.php?rest_route=\/wp\/v2\/pages\/1093\/revisions\/9363"}],"up":[{"embeddable":true,"href":"https:\/\/www.leschateaux.ch\/index.php?rest_route=\/wp\/v2\/pages\/1077"}],"wp:featuredmedia":[{"embeddable":true,"href":"https:\/\/www.leschateaux.ch\/index.php?rest_route=\/"}],"wp:attachment":[{"href":"https:\/\/www.leschateaux.ch\/index.php?rest_route=%2Fwp%2Fv2%2Fmedia&parent=1093"}],"curies":[{"name":"wp","href":"https:\/\/api.w.org\/{rel}","templated":true}]}}